{"id":11331,"date":"2025-09-23T14:00:40","date_gmt":"2025-09-23T14:00:40","guid":{"rendered":"https:\/\/miamedic.lt\/?post_type=product&#038;p=11331"},"modified":"2025-12-01T00:28:40","modified_gmt":"2025-12-01T00:28:40","slug":"glow-booster-serum","status":"publish","type":"product","link":"https:\/\/miamedic.lt\/en\/shop\/glow-booster-serum\/","title":{"rendered":"GLOW BOOSTER SERUM"},"content":{"rendered":"<p><b>RETIX.C GLOW BOOSTER SERUM, 30 ml<\/b><\/p>\n<p>&nbsp;<\/p>\n<p><b>Veido serumas su 15 % vitamino C ir naujos kartos retinoidu, pritaikytu skaistumo stokojan\u010diai odai su netolygiu odos atspalviu. Tinka brand\u017eiai, pavargusiai, papilk\u0117jusiai veido odai.\u00a0<\/b><\/p>\n<p>&nbsp;<\/p>\n<p><b>Formul\u0117<\/b><b><br \/>\n<\/b><b>Vitaminas C<\/b><span style=\"font-weight: 400;\"> (3-O-etil askorbo r\u016bg\u0161tis ir askorbilo gliukozidas) yra stiprus antioksidantas, parinktas skaistum\u0105 praradusios, netolygios odos prie\u017ei\u016brai. <\/span><b>\u201eGranactive Retinoid\u00ae\u201c (HPR)<\/b><span style=\"font-weight: 400;\"> yra fotostabili, patentuota vitamino A forma, parinkta elastingum\u0105 ir stangrum\u0105 praradusiai odai. <\/span><b>Hialurono r\u016bg\u0161tis<\/b><span style=\"font-weight: 400;\"> ir <\/span><b>skvalenas<\/b><span style=\"font-weight: 400;\"> dr\u0117kina, stiprina lipidin\u012f barjer\u0105.<\/span><\/p>\n<p>&nbsp;<\/p>\n<p><b>Naudojimas<\/b><b><br \/>\n<\/b><span style=\"font-weight: 400;\">Suplakti prie\u0161 naudojim\u0105. U\u017ela\u0161inti 3\u20134 la\u0161us ryte ir (arba) vakare ant nuvalytos veido, kaklo ir dekolt\u0117 odos. Vengti aki\u0173 srities. Dien\u0105 b\u016btina naudoti apsaug\u0105 nuo saul\u0117s.<\/span><\/p>\n<p>&nbsp;<\/p>\n<p><b>Persp\u0117jimai<\/b><b><br \/>\n<\/b><span style=\"font-weight: 400;\">Laikyti v\u0117sioje, sausoje vietoje, saugoti nuo tiesiogini\u0173 saul\u0117s spinduli\u0173. Nei viena kosmetikos priemon\u0117 nesuteikia absoliu\u010dios apsaugos nuo saul\u0117s.<\/span><\/p>\n<p>&nbsp;<\/p>\n<p><span style=\"font-weight: 400;\">Kosmetikos priemon\u0117\u00a0<\/span><\/p>","protected":false},"excerpt":{"rendered":"<p>Veido serumas su vitaminu C ir naujos kartos retinoidu<\/p>","protected":false},"featured_media":11332,"comment_status":"open","ping_status":"closed","template":"","meta":[],"product_cat":[107],"product_tag":[],"class_list":{"0":"post-11331","1":"product","2":"type-product","3":"status-publish","4":"has-post-thumbnail","6":"product_cat-serumai","7":"pa_brands-retix-c-2","9":"first","10":"instock","11":"taxable","12":"shipping-taxable","13":"purchasable","14":"product-type-simple"},"_links":{"self":[{"href":"https:\/\/miamedic.lt\/en\/wp-json\/wp\/v2\/product\/11331","targetHints":{"allow":["GET"]}}],"collection":[{"href":"https:\/\/miamedic.lt\/en\/wp-json\/wp\/v2\/product"}],"about":[{"href":"https:\/\/miamedic.lt\/en\/wp-json\/wp\/v2\/types\/product"}],"replies":[{"embeddable":true,"href":"https:\/\/miamedic.lt\/en\/wp-json\/wp\/v2\/comments?post=11331"}],"version-history":[{"count":1,"href":"https:\/\/miamedic.lt\/en\/wp-json\/wp\/v2\/product\/11331\/revisions"}],"predecessor-version":[{"id":11333,"href":"https:\/\/miamedic.lt\/en\/wp-json\/wp\/v2\/product\/11331\/revisions\/11333"}],"wp:featuredmedia":[{"embeddable":true,"href":"https:\/\/miamedic.lt\/en\/wp-json\/wp\/v2\/media\/11332"}],"wp:attachment":[{"href":"https:\/\/miamedic.lt\/en\/wp-json\/wp\/v2\/media?parent=11331"}],"wp:term":[{"taxonomy":"product_cat","embeddable":true,"href":"https:\/\/miamedic.lt\/en\/wp-json\/wp\/v2\/product_cat?post=11331"},{"taxonomy":"product_tag","embeddable":true,"href":"https:\/\/miamedic.lt\/en\/wp-json\/wp\/v2\/product_tag?post=11331"}],"curies":[{"name":"wp","href":"https:\/\/api.w.org\/{rel}","templated":true}]}}