{"id":11328,"date":"2025-09-23T13:58:12","date_gmt":"2025-09-23T13:58:12","guid":{"rendered":"https:\/\/miamedic.lt\/?post_type=product&#038;p=11328"},"modified":"2025-12-01T00:28:40","modified_gmt":"2025-12-01T00:28:40","slug":"fotoprotector-cream-spf-50","status":"publish","type":"product","link":"https:\/\/miamedic.lt\/en\/shop\/fotoprotector-cream-spf-50\/","title":{"rendered":"FOTOPROTECTOR CREAM SPF 50+"},"content":{"rendered":"<p><b>RETIX.C FOTOPROTECTOR CREAM SPF 50+, 45 ml<\/b><b><\/b><\/p>\n<p>&nbsp;<\/p>\n<p><b>Veido kremas su SPF 50+ ir pa\u017eangiu \u201eBioHydroComplex\u201c pritaikytas jautrios, sudirgusios odos apsaugai po estetini\u0173 proced\u016br\u0173 bei kasdieninei itin sausos, dehidratuotos odos su pa\u017eeistu hidropilidiniu sluoksniu prie\u017ei\u016brai. Bekvap\u0117, greitai \u012fsigerianti tekst\u016bra pritaikyta veidui, kaklui, aki\u0173 ir dekolte zonai.\u00a0<\/b><\/p>\n<p>&nbsp;<\/p>\n<p><b>Formul\u0117<\/b><b><br \/>\n<\/b><b>\u201eBioHydroComplex\u201c kompleksas s<\/b><span style=\"font-weight: 400;\">u biologiniais filtrais ir ektoinu suteikia apsaug\u0105 nuo saul\u0117s spinduliuot\u0117s ir stiprina odos barjer\u0105. <\/span><b>Ektoinas<\/b><span style=\"font-weight: 400;\"> palaiko dr\u0117gm\u0117s balans\u0105, o <\/span><b>augalinis<\/b> <b>spor\u0117s ekstraktas <\/b><span style=\"font-weight: 400;\">parinktas sudirgusios, stipriu jautrumu pasi\u017eymin\u010dios odos prie\u017ei\u016brai.\u00a0<\/span><\/p>\n<p>&nbsp;<\/p>\n<p><b>Naudojimas<\/b><b><br \/>\n<\/b><span style=\"font-weight: 400;\">Tepti atviras vietas ne ma\u017eiau nei likus 30 min. iki buvimo saul\u0117je. Ilgai b\u016bnant saul\u0117je dienos b\u0117gyje b\u016btina pakartoti.\u00a0<\/span><\/p>\n<p>&nbsp;<\/p>\n<p><b>Persp\u0117jimai<\/b><b><br \/>\n<\/b><span style=\"font-weight: 400;\">Nei viena kosmetikos priemon\u0117 nesuteikia absoliu\u010dios apsaugos nuo saul\u0117s. Nelaikyti tiesioginiuose saul\u0117s spinduliuose ar u\u017e\u0161\u0105lan\u010dioje temperat\u016broje. Saugoti, kad nepatekt\u0173 \u012f akis. Nenaudoti ant atvir\u0173 \u017eaizd\u0173.\u00a0<\/span><\/p>\n<p>&nbsp;<\/p>\n<p><span style=\"font-weight: 400;\">Kosmetikos priemon\u0117\u00a0<\/span><\/p>","protected":false},"excerpt":{"rendered":"<p>Veido kremas su SPF 50+<\/p>","protected":false},"featured_media":11329,"comment_status":"open","ping_status":"closed","template":"","meta":[],"product_cat":[153],"product_tag":[],"class_list":{"0":"post-11328","1":"product","2":"type-product","3":"status-publish","4":"has-post-thumbnail","6":"product_cat-spf-veido-prieziura","7":"pa_brands-retix-c-2","8":"pa_talpa-45ml","10":"first","11":"instock","12":"taxable","13":"shipping-taxable","14":"purchasable","15":"product-type-simple"},"_links":{"self":[{"href":"https:\/\/miamedic.lt\/en\/wp-json\/wp\/v2\/product\/11328","targetHints":{"allow":["GET"]}}],"collection":[{"href":"https:\/\/miamedic.lt\/en\/wp-json\/wp\/v2\/product"}],"about":[{"href":"https:\/\/miamedic.lt\/en\/wp-json\/wp\/v2\/types\/product"}],"replies":[{"embeddable":true,"href":"https:\/\/miamedic.lt\/en\/wp-json\/wp\/v2\/comments?post=11328"}],"version-history":[{"count":2,"href":"https:\/\/miamedic.lt\/en\/wp-json\/wp\/v2\/product\/11328\/revisions"}],"predecessor-version":[{"id":12287,"href":"https:\/\/miamedic.lt\/en\/wp-json\/wp\/v2\/product\/11328\/revisions\/12287"}],"wp:featuredmedia":[{"embeddable":true,"href":"https:\/\/miamedic.lt\/en\/wp-json\/wp\/v2\/media\/11329"}],"wp:attachment":[{"href":"https:\/\/miamedic.lt\/en\/wp-json\/wp\/v2\/media?parent=11328"}],"wp:term":[{"taxonomy":"product_cat","embeddable":true,"href":"https:\/\/miamedic.lt\/en\/wp-json\/wp\/v2\/product_cat?post=11328"},{"taxonomy":"product_tag","embeddable":true,"href":"https:\/\/miamedic.lt\/en\/wp-json\/wp\/v2\/product_tag?post=11328"}],"curies":[{"name":"wp","href":"https:\/\/api.w.org\/{rel}","templated":true}]}}