{"id":11325,"date":"2025-09-23T13:54:59","date_gmt":"2025-09-23T13:54:59","guid":{"rendered":"https:\/\/miamedic.lt\/?post_type=product&#038;p=11325"},"modified":"2025-12-01T00:28:40","modified_gmt":"2025-12-01T00:28:40","slug":"ferulic-triple-c-serum","status":"publish","type":"product","link":"https:\/\/miamedic.lt\/en\/shop\/ferulic-triple-c-serum\/","title":{"rendered":"FERULIC TRIPLE-C SERUM"},"content":{"rendered":"<p><b>RETIX.C FERULIC TRIPLE-C SERUM, 30 ml<\/b><\/p>\n<p>&nbsp;<\/p>\n<p><b>Veido serumas su 15 % vitamino C ir 7 antioksidant\u0173 kompleksu. Tinka skaistum\u0105 praradusiai, fotosen\u0117jimo po\u017eymi\u0173 turin\u010diai odai. Padeda saugoti od\u0105 nuo laisv\u0173j\u0173 radikal\u0173 ir i\u0161tisus metus.\u00a0<\/b><\/p>\n<p>&nbsp;<\/p>\n<p><b>Formul\u0117<\/b><\/p>\n<p><span style=\"font-weight: 400;\">Antioksidant\u0173 kompleksas \u201eAOX Cell Protect 7.0\u201c \u2013 <\/span><b>trij\u0173 form\u0173 vitaminas C, \u012fkapsuliuota ferulo r\u016bg\u0161tis, floretinas, resveratrolis ir vitaminas E<\/b><span style=\"font-weight: 400;\"> \u2013 pritaikytas pri\u017ei\u016br\u0117ti pigmentuot\u0105, papilk\u0117jusi\u0105, elastingum\u0105 praradusi\u0105 od\u0105. Veikli\u0173j\u0173 med\u017eiag\u0173 sinergija pritaikyta odai, patirian\u010diai da\u017en\u0105 ir stipr\u0173 saul\u0117s nulemt\u0105 oksidacin\u012f stres\u0105.<\/span><\/p>\n<p>&nbsp;<\/p>\n<p><b>Rekomendacija<\/b><\/p>\n<p><span style=\"font-weight: 400;\">Tinka naudoti RETIX.C SMART DNA antioksidacin\u0117s terapijos periodu ir po jos.\u00a0<\/span><\/p>\n<p>&nbsp;<\/p>\n<p><b>Naudojimas<\/b><\/p>\n<p><span style=\"font-weight: 400;\">U\u017ela\u0161inti 3\u20134 la\u0161us ryte ir (arba) vakare ant \u0161varios veido, kaklo ir dekolt\u0117 odos. Dienos metu naudoti apsaug\u0105 nuo saul\u0117s. Vengti aki\u0173 srities. Laikyti v\u0117sioje, nuo saul\u0117s apsaugotoje vietoje.<\/span><\/p>\n<p>&nbsp;<\/p>\n<p><span style=\"font-weight: 400;\">Kosmetikos priemon\u0117\u00a0<\/span><\/p>","protected":false},"excerpt":{"rendered":"<p>Veido serumas su vitaminu C ir antioksidantais<\/p>","protected":false},"featured_media":11326,"comment_status":"open","ping_status":"closed","template":"","meta":[],"product_cat":[107],"product_tag":[],"class_list":{"0":"post-11325","1":"product","2":"type-product","3":"status-publish","4":"has-post-thumbnail","6":"product_cat-serumai","7":"pa_brands-retix-c-2","8":"pa_talpa-30ml-2","10":"first","11":"instock","12":"taxable","13":"shipping-taxable","14":"purchasable","15":"product-type-simple"},"_links":{"self":[{"href":"https:\/\/miamedic.lt\/en\/wp-json\/wp\/v2\/product\/11325","targetHints":{"allow":["GET"]}}],"collection":[{"href":"https:\/\/miamedic.lt\/en\/wp-json\/wp\/v2\/product"}],"about":[{"href":"https:\/\/miamedic.lt\/en\/wp-json\/wp\/v2\/types\/product"}],"replies":[{"embeddable":true,"href":"https:\/\/miamedic.lt\/en\/wp-json\/wp\/v2\/comments?post=11325"}],"version-history":[{"count":1,"href":"https:\/\/miamedic.lt\/en\/wp-json\/wp\/v2\/product\/11325\/revisions"}],"predecessor-version":[{"id":11327,"href":"https:\/\/miamedic.lt\/en\/wp-json\/wp\/v2\/product\/11325\/revisions\/11327"}],"wp:featuredmedia":[{"embeddable":true,"href":"https:\/\/miamedic.lt\/en\/wp-json\/wp\/v2\/media\/11326"}],"wp:attachment":[{"href":"https:\/\/miamedic.lt\/en\/wp-json\/wp\/v2\/media?parent=11325"}],"wp:term":[{"taxonomy":"product_cat","embeddable":true,"href":"https:\/\/miamedic.lt\/en\/wp-json\/wp\/v2\/product_cat?post=11325"},{"taxonomy":"product_tag","embeddable":true,"href":"https:\/\/miamedic.lt\/en\/wp-json\/wp\/v2\/product_tag?post=11325"}],"curies":[{"name":"wp","href":"https:\/\/api.w.org\/{rel}","templated":true}]}}