{"id":11321,"date":"2025-09-23T13:52:18","date_gmt":"2025-09-23T13:52:18","guid":{"rendered":"https:\/\/miamedic.lt\/?post_type=product&#038;p=11321"},"modified":"2025-12-01T00:28:41","modified_gmt":"2025-12-01T00:28:41","slug":"ferulic-triple-c-spf-cream","status":"publish","type":"product","link":"https:\/\/miamedic.lt\/en\/shop\/ferulic-triple-c-spf-cream\/","title":{"rendered":"FERULIC TRIPLE-C SPF CREAM"},"content":{"rendered":"<p><b>RETIX.C FERULIC TRIPLE-C SPF CREAM, 48 ml<\/b><\/p>\n<p>&nbsp;<\/p>\n<p><b>Veido kremas nuo saul\u0117s su SPF 30 apsauga ir 5 antioksidant\u0173 kompleksu. Tinka vis\u0173 tip\u0173 odai, ypa\u010d brand\u017eiai, kuomet aktualu saugoti od\u0105 nuo galim\u0173 fotosen\u0117jimo po\u017eymi\u0173: pigmentacijos, dehidratacini\u0173 rauk\u0161li\u0173 ir odos i\u0161saus\u0117jimo.\u00a0<\/b><\/p>\n<p>&nbsp;<\/p>\n<p><b>Formul\u0117\u00a0<\/b><\/p>\n<p><b>Plataus spektro SPF 30 filtrai<\/b><span style=\"font-weight: 400;\"> apsaugo nuo UVA, UVB, HEV ir IR spinduli\u0173. Penki\u0173 antioksidant\u0173 kompleksas \u2013 <\/span><b>3 form\u0173 vitaminas C, \u012fkapsuliuota ferulo r\u016bg\u0161tis ir vitaminas E<\/b><span style=\"font-weight: 400;\"> \u2013 sukurtas pri\u017ei\u016br\u0117ti od\u0105, patirian\u010di\u0105 da\u017en\u0105 ir stipr\u0173 saul\u0117s nulemt\u0105 oksidacin\u012f stres\u0105. <\/span><b>Pantenolis ir alantoinas<\/b><span style=\"font-weight: 400;\"> tinka saul\u0117s sausinamai ir \u012f sudirgimus linkusiai odai. <\/span><b>Pa\u017eangi \u012fkapsuliavimo technologija<\/b><span style=\"font-weight: 400;\"> padeda veikliosioms med\u017eiagoms geriau pasiskirstyti pavir\u0161iniuose odos sluoksniuose.\u00a0<\/span><\/p>\n<p>&nbsp;<\/p>\n<p><b>Rekomendacija<\/b><\/p>\n<p><span style=\"font-weight: 400;\">Tinka naudoti RETIX.C SMART DNA antioksidacin\u0117s terapijos periodu ir po jos.\u00a0<\/span><\/p>\n<p>&nbsp;<\/p>\n<p><b>Naudojimas<\/b><\/p>\n<p><span style=\"font-weight: 400;\">Tepti ant \u0161varios odos arba po veido serumo. Ilgai b\u016bnant saul\u0117je dienos b\u0117gyje b\u016btina pakartoti.\u00a0<\/span><\/p>\n<p>&nbsp;<\/p>\n<p><b>Persp\u0117jimai<\/b><\/p>\n<p><span style=\"font-weight: 400;\">\u0160i priemon\u0117 neskatina ilgiau b\u016bti saul\u0117je. Nei viena kosmetikos priemon\u0117 negali suteikti absoliu\u010dios apsaugos nuo saul\u0117s poveikio.\u00a0<\/span><\/p>\n<p>&nbsp;<\/p>\n<p><span style=\"font-weight: 400;\">Kosmetikos priemon\u0117\u00a0<\/span><\/p>","protected":false},"excerpt":{"rendered":"<p>Veido kremas su SPF 30 apsauga ir antioksidantais<\/p>","protected":false},"featured_media":11322,"comment_status":"open","ping_status":"closed","template":"","meta":[],"product_cat":[153],"product_tag":[],"class_list":{"0":"post-11321","1":"product","2":"type-product","3":"status-publish","4":"has-post-thumbnail","6":"product_cat-spf-veido-prieziura","7":"pa_brands-retix-c-2","8":"pa_talpa-48ml","10":"first","11":"instock","12":"taxable","13":"shipping-taxable","14":"purchasable","15":"product-type-simple"},"_links":{"self":[{"href":"https:\/\/miamedic.lt\/en\/wp-json\/wp\/v2\/product\/11321","targetHints":{"allow":["GET"]}}],"collection":[{"href":"https:\/\/miamedic.lt\/en\/wp-json\/wp\/v2\/product"}],"about":[{"href":"https:\/\/miamedic.lt\/en\/wp-json\/wp\/v2\/types\/product"}],"replies":[{"embeddable":true,"href":"https:\/\/miamedic.lt\/en\/wp-json\/wp\/v2\/comments?post=11321"}],"version-history":[{"count":1,"href":"https:\/\/miamedic.lt\/en\/wp-json\/wp\/v2\/product\/11321\/revisions"}],"predecessor-version":[{"id":11324,"href":"https:\/\/miamedic.lt\/en\/wp-json\/wp\/v2\/product\/11321\/revisions\/11324"}],"wp:featuredmedia":[{"embeddable":true,"href":"https:\/\/miamedic.lt\/en\/wp-json\/wp\/v2\/media\/11322"}],"wp:attachment":[{"href":"https:\/\/miamedic.lt\/en\/wp-json\/wp\/v2\/media?parent=11321"}],"wp:term":[{"taxonomy":"product_cat","embeddable":true,"href":"https:\/\/miamedic.lt\/en\/wp-json\/wp\/v2\/product_cat?post=11321"},{"taxonomy":"product_tag","embeddable":true,"href":"https:\/\/miamedic.lt\/en\/wp-json\/wp\/v2\/product_tag?post=11321"}],"curies":[{"name":"wp","href":"https:\/\/api.w.org\/{rel}","templated":true}]}}