{"id":11318,"date":"2025-09-23T13:41:19","date_gmt":"2025-09-23T13:41:19","guid":{"rendered":"https:\/\/miamedic.lt\/?post_type=product&#038;p=11318"},"modified":"2025-12-01T00:28:41","modified_gmt":"2025-12-01T00:28:41","slug":"dual-action-gentle-cleanser","status":"publish","type":"product","link":"https:\/\/miamedic.lt\/en\/shop\/dual-action-gentle-cleanser\/","title":{"rendered":"DUAL-ACTION GENTLE CLEANSER"},"content":{"rendered":"<p><b>RETIX.C DUAL-ACTION GENTLE CLEANSER<\/b><\/p>\n<p><b>Veido prausiklis itin jautriai odai. Tinka kasdieninei odos, linkusios \u012f kuperoz\u0119, rozac\u0117j\u0105, akn\u0119 ar sudirgusiai po estetini\u0173 proced\u016br\u0173, prie\u017ei\u016brai. Put\u0173 tekst\u016bros veido prausiklis su valom\u0173j\u0173 med\u017eiag\u0173 kompleksu \u0161velniai, bet efektyviai pa\u0161alina ne\u0161varumus ir makia\u017e\u0105. Dr\u0117kinamosios med\u017eiagos suteikia komforto ir yra pritaikytos jautrios, sudirgusios odos prie\u017ei\u016brai.\u00a0<\/b><\/p>\n<p><b>Formul\u0117<\/b><span style=\"font-weight: 400;\">\u00a0<\/span><\/p>\n<p><b>Valom\u0173j\u0173 med\u017eiag\u0173 kompleksas<\/b><span style=\"font-weight: 400;\"> pritaikytas \u012f b\u0117rimus ir i\u0161sipl\u0117tusias poras linkusios odos prie\u017ei\u016brai. <\/span><b>Ektoinas, gliukanai ir inulinas<\/b><span style=\"font-weight: 400;\"> tinka sudirgusios, paraudusios odos prie\u017ei\u016brai. Dr\u0117kinamosios med\u017eiagos \u2013 <\/span><b>pieno r\u016bg\u0161tis, betainas, \u017ealiosios arbatos ekstraktas, pantenolis, alantoinas, hidrolizuotas kolagenas ir glicerinas<\/b><span style=\"font-weight: 400;\"> \u2013 saugo od\u0105 nuo i\u0161saus\u0117jimo ir ma\u017eina tempimo poj\u016bt\u012f nusiprausus.\u00a0<\/span><\/p>\n<p><b>Naudojimas<\/b><span style=\"font-weight: 400;\">\u00a0<\/span><\/p>\n<p><span style=\"font-weight: 400;\">I\u0161spausti reikiam\u0105 put\u0173 kiek\u012f, paskirstyti ant odos ir pamasa\u017euoti \u0161velniais sukamaisiais judesiais. Nuplauti vandeniu.\u00a0<\/span><\/p>","protected":false},"excerpt":{"rendered":"<p>Veido prausiklis itin jautriai odai<\/p>","protected":false},"featured_media":11319,"comment_status":"open","ping_status":"closed","template":"","meta":[],"product_cat":[124],"product_tag":[],"class_list":{"0":"post-11318","1":"product","2":"type-product","3":"status-publish","4":"has-post-thumbnail","6":"product_cat-prausikliai","7":"pa_brands-retix-c-2","8":"pa_talpa-150ml","10":"first","11":"instock","12":"taxable","13":"shipping-taxable","14":"purchasable","15":"product-type-simple"},"_links":{"self":[{"href":"https:\/\/miamedic.lt\/en\/wp-json\/wp\/v2\/product\/11318","targetHints":{"allow":["GET"]}}],"collection":[{"href":"https:\/\/miamedic.lt\/en\/wp-json\/wp\/v2\/product"}],"about":[{"href":"https:\/\/miamedic.lt\/en\/wp-json\/wp\/v2\/types\/product"}],"replies":[{"embeddable":true,"href":"https:\/\/miamedic.lt\/en\/wp-json\/wp\/v2\/comments?post=11318"}],"version-history":[{"count":1,"href":"https:\/\/miamedic.lt\/en\/wp-json\/wp\/v2\/product\/11318\/revisions"}],"predecessor-version":[{"id":11320,"href":"https:\/\/miamedic.lt\/en\/wp-json\/wp\/v2\/product\/11318\/revisions\/11320"}],"wp:featuredmedia":[{"embeddable":true,"href":"https:\/\/miamedic.lt\/en\/wp-json\/wp\/v2\/media\/11319"}],"wp:attachment":[{"href":"https:\/\/miamedic.lt\/en\/wp-json\/wp\/v2\/media?parent=11318"}],"wp:term":[{"taxonomy":"product_cat","embeddable":true,"href":"https:\/\/miamedic.lt\/en\/wp-json\/wp\/v2\/product_cat?post=11318"},{"taxonomy":"product_tag","embeddable":true,"href":"https:\/\/miamedic.lt\/en\/wp-json\/wp\/v2\/product_tag?post=11318"}],"curies":[{"name":"wp","href":"https:\/\/api.w.org\/{rel}","templated":true}]}}