{"id":11197,"date":"2025-09-02T10:31:05","date_gmt":"2025-09-02T10:31:05","guid":{"rendered":"https:\/\/miamedic.lt\/?post_type=product&#038;p=11197"},"modified":"2025-12-01T00:28:41","modified_gmt":"2025-12-01T00:28:41","slug":"skin-caring-blemish-balm-cushion","status":"publish","type":"product","link":"https:\/\/miamedic.lt\/en\/shop\/skin-caring-blemish-balm-cushion\/","title":{"rendered":"Skin Caring Blemish Balm Cushion"},"content":{"rendered":"<p><strong>GENOSYS Skin Caring Blemish Balm Cushion \u2013 BB kremas-ku\u0161onas<\/strong><\/p>\n<p>\u0160is inovatyvus BB kremas-ku\u0161onas sukurtas suteikti odai nat\u016bral\u0173 \u0161vyt\u0117jim\u0105 ir auk\u0161t\u0105 apsaug\u0105 nuo saul\u0117s. Daugiau nei 60% produkto sudaro dr\u0117kinamasis esencijos kompleksas, kuris intensyviai dr\u0117kina ir ramina od\u0105, o peptid\u0173 kompleksas padeda atkurti odos barjer\u0105 ir suma\u017einti sudirgim\u0105.<\/p>\n<p><b>Odos tipas:<\/b> Tinka vis\u0173 tip\u0173 odai, ypa\u010d po profesionali\u0173 proced\u016br\u0173.<\/p>\n<p><b>Effect:<\/b><\/p>\n<ul>\n<li>Suteikia auk\u0161t\u0105 apsaug\u0105 nuo saul\u0117s (SPF50 \/ PA++++)<\/li>\n<li>Intensyviai dr\u0117kina ir ramina od\u0105<\/li>\n<li>Padeda atkurti odos barjer\u0105<\/li>\n<li>Ma\u017eina odos sudirgim\u0105<\/li>\n<li>Suteikia lengv\u0105 ir nat\u016bral\u0173 padengim\u0105<\/li>\n<\/ul>\n<p><b>Usage:<\/b> Lengvai paspauskite kempin\u0117l\u0119 ant ku\u0161ono, kad paimtum\u0117te reikiam\u0105 kiek\u012f produkto. \u0160velniai paskirstykite produkt\u0105 ant veido odos, lengvai tap\u0161nodami kempin\u0117l\u0119. Nor\u0117dami sustiprinti ilgalaik\u012f efekt\u0105, pakartokite tap\u0161nojim\u0105 kelis kartus.<\/p>\n<p><b>Atsargumo priemon\u0117s:<\/b><\/p>\n<ul>\n<li>Tik i\u0161oriniam naudojimui.<\/li>\n<li>Venkite tiesioginio kontakto su akimis.<\/li>\n<li>Nutraukite naudojim\u0105, jei pasirei\u0161kia sudirgimas.<\/li>\n<li>Laikykite vaikams nepasiekiamoje vietoje.<\/li>\n<\/ul>\n<p><b>Laikymo s\u0105lygos:<\/b><\/p>\n<ul>\n<li>Laikyti kambario temperat\u016broje, sausoje vietoje.<\/li>\n<li>Saugoti nuo tiesiogini\u0173 saul\u0117s spinduli\u0173.<\/li>\n<li>U\u017everskite sandariai po naudojimo.<\/li>\n<\/ul>","protected":false},"excerpt":{"rendered":"<p>BB kremas-ku\u0161onas<\/p>","protected":false},"featured_media":11198,"comment_status":"open","ping_status":"closed","template":"","meta":[],"product_cat":[181],"product_tag":[],"class_list":{"0":"post-11197","1":"product","2":"type-product","3":"status-publish","4":"has-post-thumbnail","6":"product_cat-makiazo-pagrindas","7":"pa_brands-genosys","9":"first","10":"instock","11":"taxable","12":"shipping-taxable","13":"purchasable","14":"product-type-simple"},"_links":{"self":[{"href":"https:\/\/miamedic.lt\/en\/wp-json\/wp\/v2\/product\/11197","targetHints":{"allow":["GET"]}}],"collection":[{"href":"https:\/\/miamedic.lt\/en\/wp-json\/wp\/v2\/product"}],"about":[{"href":"https:\/\/miamedic.lt\/en\/wp-json\/wp\/v2\/types\/product"}],"replies":[{"embeddable":true,"href":"https:\/\/miamedic.lt\/en\/wp-json\/wp\/v2\/comments?post=11197"}],"version-history":[{"count":1,"href":"https:\/\/miamedic.lt\/en\/wp-json\/wp\/v2\/product\/11197\/revisions"}],"predecessor-version":[{"id":11199,"href":"https:\/\/miamedic.lt\/en\/wp-json\/wp\/v2\/product\/11197\/revisions\/11199"}],"wp:featuredmedia":[{"embeddable":true,"href":"https:\/\/miamedic.lt\/en\/wp-json\/wp\/v2\/media\/11198"}],"wp:attachment":[{"href":"https:\/\/miamedic.lt\/en\/wp-json\/wp\/v2\/media?parent=11197"}],"wp:term":[{"taxonomy":"product_cat","embeddable":true,"href":"https:\/\/miamedic.lt\/en\/wp-json\/wp\/v2\/product_cat?post=11197"},{"taxonomy":"product_tag","embeddable":true,"href":"https:\/\/miamedic.lt\/en\/wp-json\/wp\/v2\/product_tag?post=11197"}],"curies":[{"name":"wp","href":"https:\/\/api.w.org\/{rel}","templated":true}]}}