{"id":11171,"date":"2025-09-02T09:52:24","date_gmt":"2025-09-02T09:52:24","guid":{"rendered":"https:\/\/miamedic.lt\/?post_type=product&#038;p=11171"},"modified":"2026-01-09T11:41:19","modified_gmt":"2026-01-09T11:41:19","slug":"brightening-anti-aging-ranku-kremas","status":"publish","type":"product","link":"https:\/\/miamedic.lt\/en\/shop\/brightening-anti-aging-ranku-kremas\/","title":{"rendered":"Brightening &amp; Anti-Aging Rank\u0173 Kremas"},"content":{"rendered":"<p><strong>D\u00c9CAAR Brightening &amp; Anti-Aging rank\u0173 kremas &#8211; \u0161viesinantis ir jauninantis rank\u0173 kremas<\/strong><\/p>\n<p>\u0160is prabangus, greitai \u012fsigeriantis rank\u0173 kremas yra sukurtas kovai su matomais odos sen\u0117jimo po\u017eymiais ir pigmentin\u0117mis d\u0117m\u0117mis. Kremas intensyviai dr\u0117kina, atkuria elastingum\u0105, apsaugo nuo \u017ealingo aplinkos poveikio ir suteikia rank\u0173 odai jaunatvi\u0161ko \u0161vyt\u0117jimo.<\/p>\n<p><b>Odos tipas:<\/b> Tinka vis\u0173 tip\u0173 odai.<\/p>\n<p><b>Effect:<\/b><\/p>\n<ul>\n<li>\u0160viesina od\u0105 ir ma\u017eina pigmentines d\u0117mes<\/li>\n<li>Lygina smulkias rauk\u0161leles ir atkuria elastingum\u0105<\/li>\n<li>Giliai dr\u0117kina ir maitina rank\u0173 od\u0105<\/li>\n<li>Stiprina odos barjer\u0105 ir apsaugo nuo i\u0161saus\u0117jimo<\/li>\n<li>Atkuria \u0161velnum\u0105 ir mink\u0161tum\u0105<\/li>\n<\/ul>\n<p><b>Usage:<\/b> Tepkite ant \u0161varios rank\u0173 odos ryte ir vakare, arba kai tik pajau\u010diate, kad rankoms tr\u016bksta dr\u0117gm\u0117s. \u0160velniai \u012fmasa\u017euokite, kol kremas visi\u0161kai \u012fsigers.<\/p>\n<p><b>Atsargumo priemon\u0117s:<\/b><\/p>\n<ul>\n<li>Tik i\u0161oriniam naudojimui.<\/li>\n<li>Venkite tiesioginio kontakto su akimis.<\/li>\n<li>Nutraukite naudojim\u0105, jei pasirei\u0161kia sudirgimas.<\/li>\n<li>Laikykite vaikams nepasiekiamoje vietoje.<\/li>\n<\/ul>\n<p><b>Laikymo s\u0105lygos:<\/b><\/p>\n<ul>\n<li>Laikyti kambario temperat\u016broje, sausoje vietoje.<\/li>\n<li>Saugoti nuo tiesiogini\u0173 saul\u0117s spinduli\u0173.<\/li>\n<li>U\u017everskite sandariai po naudojimo.<\/li>\n<\/ul>","protected":false},"excerpt":{"rendered":"<p>\u0160viesinantis ir jauninantis rank\u0173 kremas<\/p>","protected":false},"featured_media":11173,"comment_status":"open","ping_status":"closed","template":"","meta":[],"product_cat":[275],"product_tag":[],"class_list":{"0":"post-11171","1":"product","2":"type-product","3":"status-publish","4":"has-post-thumbnail","6":"product_cat-ranku-kremai","7":"pa_brands-decaar","8":"pa_talpa-50ml-2","10":"first","11":"instock","12":"taxable","13":"shipping-taxable","14":"purchasable","15":"product-type-simple"},"_links":{"self":[{"href":"https:\/\/miamedic.lt\/en\/wp-json\/wp\/v2\/product\/11171","targetHints":{"allow":["GET"]}}],"collection":[{"href":"https:\/\/miamedic.lt\/en\/wp-json\/wp\/v2\/product"}],"about":[{"href":"https:\/\/miamedic.lt\/en\/wp-json\/wp\/v2\/types\/product"}],"replies":[{"embeddable":true,"href":"https:\/\/miamedic.lt\/en\/wp-json\/wp\/v2\/comments?post=11171"}],"version-history":[{"count":3,"href":"https:\/\/miamedic.lt\/en\/wp-json\/wp\/v2\/product\/11171\/revisions"}],"predecessor-version":[{"id":12290,"href":"https:\/\/miamedic.lt\/en\/wp-json\/wp\/v2\/product\/11171\/revisions\/12290"}],"wp:featuredmedia":[{"embeddable":true,"href":"https:\/\/miamedic.lt\/en\/wp-json\/wp\/v2\/media\/11173"}],"wp:attachment":[{"href":"https:\/\/miamedic.lt\/en\/wp-json\/wp\/v2\/media?parent=11171"}],"wp:term":[{"taxonomy":"product_cat","embeddable":true,"href":"https:\/\/miamedic.lt\/en\/wp-json\/wp\/v2\/product_cat?post=11171"},{"taxonomy":"product_tag","embeddable":true,"href":"https:\/\/miamedic.lt\/en\/wp-json\/wp\/v2\/product_tag?post=11171"}],"curies":[{"name":"wp","href":"https:\/\/api.w.org\/{rel}","templated":true}]}}