{"id":11166,"date":"2025-09-02T09:48:39","date_gmt":"2025-09-02T09:48:39","guid":{"rendered":"https:\/\/miamedic.lt\/?post_type=product&#038;p=11166"},"modified":"2026-01-09T11:40:25","modified_gmt":"2026-01-09T11:40:25","slug":"youth-elixir-cream-spf50","status":"publish","type":"product","link":"https:\/\/miamedic.lt\/en\/shop\/youth-elixir-cream-spf50\/","title":{"rendered":"Youth elixir cream SPF50"},"content":{"rendered":"<p><b>D\u00c9CAAR Youth Elixir Sun Cream SPF50 &#8211; jauninantis dieninis kremas su apsauga nuo saul\u0117s<\/b><\/p>\n<p>\u0160is daugiafunkcinis dieninis kremas su auk\u0161tu SPF50 filtru efektyviai apsaugo od\u0105 nuo \u017ealingo UVA ir UVB spinduli\u0173 poveikio bei laisv\u0173j\u0173 radikal\u0173. Sud\u0117tyje esan\u010dios aktyviosios med\u017eiagos lygina rauk\u0161les, gerina odos tonus\u0105 ir suteikia jai jaunatvi\u0161ko \u0161vyt\u0117jimo.<\/p>\n<p><b>Odos tipas:<\/b> Tinka vis\u0173 tip\u0173 odai, ypa\u010d brand\u017eiai odai.<\/p>\n<p><b>Effect:<\/b><\/p>\n<ul>\n<li>Suteikia stipri\u0105 apsaug\u0105 nuo UVA ir UVB spinduli\u0173<\/li>\n<li>Ma\u017eina rauk\u0161les ir lygina odos pavir\u0161i\u0173<\/li>\n<li>Stiprina odos elastingum\u0105 ir suteikia liftingo efekt\u0105<\/li>\n<li>Dr\u0117kina od\u0105 ir apsaugo nuo dehidratacijos<\/li>\n<li>Atkuria odos spindes\u012f ir atspalv\u012f<\/li>\n<\/ul>\n<p><b>Usage:<\/b> Tepkite ant \u0161varios veido ir kaklo odos ryte, kaip paskutin\u012f odos prie\u017ei\u016bros proced\u016bros \u017eingsn\u012f. U\u017etepkite gaus\u0173 sluoksn\u012f likus 15-30 minu\u010di\u0173 iki buvimo saul\u0117je.<\/p>\n<p><b>Atsargumo priemon\u0117s:<\/b><\/p>\n<ul>\n<li>Tik i\u0161oriniam naudojimui.<\/li>\n<li>Venkite tiesioginio kontakto su akimis.<\/li>\n<li>Nutraukite naudojim\u0105, jei pasirei\u0161kia sudirgimas.<\/li>\n<li>Laikykite vaikams nepasiekiamoje vietoje.<\/li>\n<\/ul>\n<p><b>Laikymo s\u0105lygos:<\/b><\/p>\n<ul>\n<li>Laikyti kambario temperat\u016broje, sausoje vietoje.<\/li>\n<li>Saugoti nuo tiesiogini\u0173 saul\u0117s spinduli\u0173.<\/li>\n<li>U\u017everskite sandariai po naudojimo.<\/li>\n<\/ul>","protected":false},"excerpt":{"rendered":"<p>Jauninantis dieninis kremas su apsauga nuo saul\u0117s<\/p>","protected":false},"featured_media":11167,"comment_status":"open","ping_status":"closed","template":"","meta":[],"product_cat":[129],"product_tag":[],"class_list":{"0":"post-11166","1":"product","2":"type-product","3":"status-publish","4":"has-post-thumbnail","6":"product_cat-veido-kremai","7":"pa_brands-decaar","8":"pa_talpa-100ml","9":"pa_talpa-50ml-2","11":"first","12":"instock","13":"taxable","14":"shipping-taxable","15":"purchasable","16":"product-type-variable"},"_links":{"self":[{"href":"https:\/\/miamedic.lt\/en\/wp-json\/wp\/v2\/product\/11166","targetHints":{"allow":["GET"]}}],"collection":[{"href":"https:\/\/miamedic.lt\/en\/wp-json\/wp\/v2\/product"}],"about":[{"href":"https:\/\/miamedic.lt\/en\/wp-json\/wp\/v2\/types\/product"}],"replies":[{"embeddable":true,"href":"https:\/\/miamedic.lt\/en\/wp-json\/wp\/v2\/comments?post=11166"}],"version-history":[{"count":1,"href":"https:\/\/miamedic.lt\/en\/wp-json\/wp\/v2\/product\/11166\/revisions"}],"predecessor-version":[{"id":11170,"href":"https:\/\/miamedic.lt\/en\/wp-json\/wp\/v2\/product\/11166\/revisions\/11170"}],"wp:featuredmedia":[{"embeddable":true,"href":"https:\/\/miamedic.lt\/en\/wp-json\/wp\/v2\/media\/11167"}],"wp:attachment":[{"href":"https:\/\/miamedic.lt\/en\/wp-json\/wp\/v2\/media?parent=11166"}],"wp:term":[{"taxonomy":"product_cat","embeddable":true,"href":"https:\/\/miamedic.lt\/en\/wp-json\/wp\/v2\/product_cat?post=11166"},{"taxonomy":"product_tag","embeddable":true,"href":"https:\/\/miamedic.lt\/en\/wp-json\/wp\/v2\/product_tag?post=11166"}],"curies":[{"name":"wp","href":"https:\/\/api.w.org\/{rel}","templated":true}]}}