{"id":11160,"date":"2025-09-02T09:44:00","date_gmt":"2025-09-02T09:44:00","guid":{"rendered":"https:\/\/miamedic.lt\/?post_type=product&#038;p=11160"},"modified":"2026-01-09T11:39:19","modified_gmt":"2026-01-09T11:39:19","slug":"absolute-hydro-cream","status":"publish","type":"product","link":"https:\/\/miamedic.lt\/en\/shop\/absolute-hydro-cream\/","title":{"rendered":"Absolute hydro cream+"},"content":{"rendered":"<p><strong>D\u00c9CAAR Absolute Hydro Cream+ &#8211; intensyviai dr\u0117kinantis veido kremas<\/strong><\/p>\n<p>Itin lengvos tekst\u016bros, greitai \u012fsigeriantis veido kremas, sukurtas intensyviam odos dr\u0117kinimui ir apsaugai nuo \u017ealingo aplinkos poveikio. Jo speciali formul\u0117 padeda atkurti dr\u0117gm\u0117s pusiausvyr\u0105, stiprina odos barjer\u0105 ir suteikia gaivumo, putlumo bei komforto jausm\u0105.<\/p>\n<p><b>Odos tipas:<\/b> Tinka vis\u0173 tip\u0173 odai, ypa\u010d sausai ir dehidratuotai.<\/p>\n<p><b>Effect:<\/b><\/p>\n<ul>\n<li>Giliai dr\u0117kina ir padeda palaikyti dr\u0117gm\u0119 odoje<\/li>\n<li>Atkuria odos barjer\u0105 ir saugo nuo i\u0161orini\u0173 agresori\u0173<\/li>\n<li>Suteikia odai putlumo ir elastingumo<\/li>\n<li>Ramina ir atgaivina sudirgusi\u0105 od\u0105<\/li>\n<li>Gerina odos tekst\u016br\u0105 ir suteikia gaiv\u0173, spindint\u012f atspalv\u012f<\/li>\n<\/ul>\n<p><b>Usage:<\/b> Tepkite ant \u0161varios veido ir kaklo odos ryte ir vakare. \u0160velniai \u012fmasa\u017euokite, kol visi\u0161kai \u012fsigers. Gali b\u016bti naudojamas vienas arba po serumo.<\/p>\n<p><b>Atsargumo priemon\u0117s:<\/b><\/p>\n<ul>\n<li>Tik i\u0161oriniam naudojimui.<\/li>\n<li>Venkite tiesioginio kontakto su akimis.<\/li>\n<li>Nutraukite naudojim\u0105, jei pasirei\u0161kia sudirgimas.<\/li>\n<li>Laikykite vaikams nepasiekiamoje vietoje.<\/li>\n<\/ul>\n<p><b>Laikymo s\u0105lygos:<\/b><\/p>\n<ul>\n<li>Laikyti kambario temperat\u016broje, sausoje vietoje.<\/li>\n<li>Saugoti nuo tiesiogini\u0173 saul\u0117s spinduli\u0173.<\/li>\n<li>U\u017everskite sandariai po naudojimo.<\/li>\n<\/ul>","protected":false},"excerpt":{"rendered":"<p>Intensyviai dr\u0117kinantis veido kremas<\/p>","protected":false},"featured_media":11161,"comment_status":"open","ping_status":"closed","template":"","meta":[],"product_cat":[129],"product_tag":[],"class_list":{"0":"post-11160","1":"product","2":"type-product","3":"status-publish","4":"has-post-thumbnail","6":"product_cat-veido-kremai","7":"pa_brands-decaar","8":"pa_talpa-100ml","9":"pa_talpa-15ml","10":"pa_talpa-50ml-2","12":"first","13":"instock","14":"taxable","15":"shipping-taxable","16":"purchasable","17":"product-type-variable"},"_links":{"self":[{"href":"https:\/\/miamedic.lt\/en\/wp-json\/wp\/v2\/product\/11160","targetHints":{"allow":["GET"]}}],"collection":[{"href":"https:\/\/miamedic.lt\/en\/wp-json\/wp\/v2\/product"}],"about":[{"href":"https:\/\/miamedic.lt\/en\/wp-json\/wp\/v2\/types\/product"}],"replies":[{"embeddable":true,"href":"https:\/\/miamedic.lt\/en\/wp-json\/wp\/v2\/comments?post=11160"}],"version-history":[{"count":1,"href":"https:\/\/miamedic.lt\/en\/wp-json\/wp\/v2\/product\/11160\/revisions"}],"predecessor-version":[{"id":11165,"href":"https:\/\/miamedic.lt\/en\/wp-json\/wp\/v2\/product\/11160\/revisions\/11165"}],"wp:featuredmedia":[{"embeddable":true,"href":"https:\/\/miamedic.lt\/en\/wp-json\/wp\/v2\/media\/11161"}],"wp:attachment":[{"href":"https:\/\/miamedic.lt\/en\/wp-json\/wp\/v2\/media?parent=11160"}],"wp:term":[{"taxonomy":"product_cat","embeddable":true,"href":"https:\/\/miamedic.lt\/en\/wp-json\/wp\/v2\/product_cat?post=11160"},{"taxonomy":"product_tag","embeddable":true,"href":"https:\/\/miamedic.lt\/en\/wp-json\/wp\/v2\/product_tag?post=11160"}],"curies":[{"name":"wp","href":"https:\/\/api.w.org\/{rel}","templated":true}]}}