{"id":11156,"date":"2025-09-02T09:40:27","date_gmt":"2025-09-02T09:40:27","guid":{"rendered":"https:\/\/miamedic.lt\/?post_type=product&#038;p=11156"},"modified":"2026-01-09T11:38:23","modified_gmt":"2026-01-09T11:38:23","slug":"insta-wrinkle-filler","status":"publish","type":"product","link":"https:\/\/miamedic.lt\/en\/shop\/insta-wrinkle-filler\/","title":{"rendered":"Insta\u2013wrinkle filler"},"content":{"rendered":"<p><b>D\u00c9CAAR Insta\u2013Wrinkle Filler &#8211; greito poveikio rauk\u0161li\u0173 u\u017epildas<\/b><\/p>\n<p>\u0160is efektyvus produktas, skirtas rauk\u0161li\u0173 u\u017epildymui, pasi\u017eymi greitu veikimu ir suteikia akimirksniu pastebim\u0105 lyginam\u0105j\u012f efekt\u0105. Sujungdamas pa\u017eangias veikli\u0105sias med\u017eiagas, jis u\u017epildo gilias ir smulkias rauk\u0161les, suteikia odai lygumo ir atkuria jaunatvi\u0161k\u0105 i\u0161vaizd\u0105.<\/p>\n<p><b>Odos tipas:<\/b> Tinka vis\u0173 tip\u0173 odai, ypa\u010d brand\u017eiai odai su giliomis rauk\u0161l\u0117mis.<\/p>\n<p><b>Effect:<\/b><\/p>\n<ul>\n<li>Akimirksniu u\u017epildo ir i\u0161lygina gilias rauk\u0161les<\/li>\n<li>Suteikia greit\u0105 patempimo efekt\u0105<\/li>\n<li>Lygina odos pavir\u0161i\u0173 ir gerina jos tekst\u016br\u0105<\/li>\n<li>Padeda kovoti su sen\u0117jimo po\u017eymiais<\/li>\n<li>Atkuria odos elastingum\u0105<\/li>\n<\/ul>\n<p><b>Usage:<\/b> Nedidel\u012f produkto kiek\u012f, i\u0161spaud\u0119 tiesiai ant pir\u0161to galiuko, \u0161velniai \u012ftap\u0161nokite \u012f problemines vietas su giliomis rauk\u0161l\u0117mis (pvz., aplink l\u016bpas, ant kaktos ar paaki\u0173 zonoje). Naudokite ant \u0161varios odos prie\u0161 serum\u0105 ar krem\u0105.<\/p>\n<p><b>Atsargumo priemon\u0117s:<\/b><\/p>\n<ul>\n<li>Tik i\u0161oriniam naudojimui.<\/li>\n<li>Venkite tiesioginio kontakto su akimis.<\/li>\n<li>Nutraukite naudojim\u0105, jei pasirei\u0161kia sudirgimas.<\/li>\n<li>Laikykite vaikams nepasiekiamoje vietoje.<\/li>\n<\/ul>\n<p><b>Laikymo s\u0105lygos:<\/b><\/p>\n<ul>\n<li>Laikyti kambario temperat\u016broje, sausoje vietoje.<\/li>\n<li>Saugoti nuo tiesiogini\u0173 saul\u0117s spinduli\u0173.<\/li>\n<li>U\u017everskite sandariai po naudojimo.<\/li>\n<\/ul>","protected":false},"excerpt":{"rendered":"<p>Greito poveikio rauk\u0161li\u0173 u\u017epildas<\/p>","protected":false},"featured_media":11157,"comment_status":"open","ping_status":"closed","template":"","meta":[],"product_cat":[83],"product_tag":[],"class_list":{"0":"post-11156","1":"product","2":"type-product","3":"status-publish","4":"has-post-thumbnail","6":"product_cat-paakiu-kremai","7":"pa_brands-decaar","8":"pa_talpa-10ml","10":"first","11":"instock","12":"taxable","13":"shipping-taxable","14":"purchasable","15":"product-type-simple"},"_links":{"self":[{"href":"https:\/\/miamedic.lt\/en\/wp-json\/wp\/v2\/product\/11156","targetHints":{"allow":["GET"]}}],"collection":[{"href":"https:\/\/miamedic.lt\/en\/wp-json\/wp\/v2\/product"}],"about":[{"href":"https:\/\/miamedic.lt\/en\/wp-json\/wp\/v2\/types\/product"}],"replies":[{"embeddable":true,"href":"https:\/\/miamedic.lt\/en\/wp-json\/wp\/v2\/comments?post=11156"}],"version-history":[{"count":1,"href":"https:\/\/miamedic.lt\/en\/wp-json\/wp\/v2\/product\/11156\/revisions"}],"predecessor-version":[{"id":11159,"href":"https:\/\/miamedic.lt\/en\/wp-json\/wp\/v2\/product\/11156\/revisions\/11159"}],"wp:featuredmedia":[{"embeddable":true,"href":"https:\/\/miamedic.lt\/en\/wp-json\/wp\/v2\/media\/11157"}],"wp:attachment":[{"href":"https:\/\/miamedic.lt\/en\/wp-json\/wp\/v2\/media?parent=11156"}],"wp:term":[{"taxonomy":"product_cat","embeddable":true,"href":"https:\/\/miamedic.lt\/en\/wp-json\/wp\/v2\/product_cat?post=11156"},{"taxonomy":"product_tag","embeddable":true,"href":"https:\/\/miamedic.lt\/en\/wp-json\/wp\/v2\/product_tag?post=11156"}],"curies":[{"name":"wp","href":"https:\/\/api.w.org\/{rel}","templated":true}]}}