{"id":11150,"date":"2025-09-02T09:35:56","date_gmt":"2025-09-02T09:35:56","guid":{"rendered":"https:\/\/miamedic.lt\/?post_type=product&#038;p=11150"},"modified":"2026-01-09T11:36:26","modified_gmt":"2026-01-09T11:36:26","slug":"age-defying-serum","status":"publish","type":"product","link":"https:\/\/miamedic.lt\/en\/shop\/age-defying-serum\/","title":{"rendered":"Age defying serum"},"content":{"rendered":"<p><b>D\u00c9CAAR Age Defying Serum &#8211; jauninantis ir stangrinantis veido serumas<\/b><\/p>\n<p>Intensyvus, stangrinantis veido serumas, sukurtas remiantis epigenetikos filosofija. Jis efektyviai kovoja su odos sen\u0117jimo po\u017eymiais, atkuria odos jaunatvi\u0161kum\u0105 ir spindes\u012f, i\u0161lygindamas odos atspalv\u012f ir suteikdamas \u201eliftingo\u201c efekt\u0105.<\/p>\n<p><b>Odos tipas:<\/b> Tinka visiems brand\u017eios odos tipams.<\/p>\n<p><b>Effect:<\/b><\/p>\n<ul>\n<li>Akivaizd\u017eiai lygina ir ma\u017eina rauk\u0161les<\/li>\n<li>Suteikia stangrinimo ir patempimo (liftingo) efekt\u0105<\/li>\n<li>Atkuria odos spindes\u012f ir jaunatvi\u0161kum\u0105<\/li>\n<li>Atkuria odos barjer\u0105 ir apsaugo nuo dehidratacijos<\/li>\n<li>Gerina odos elastingum\u0105 ir lygina atspalv\u012f<\/li>\n<\/ul>\n<p><b>Usage:<\/b> Tepkite ant \u0161varios ir tonizuotos veido odos. 1\u20132 priemon\u0117s paspaudimus \u0161velniai \u012ftap\u0161nokite \u012f veido ir kaklo od\u0105, kol visi\u0161kai \u012fsigers. Naudokite ryte ir vakare prie\u0161 krem\u0105.<\/p>\n<p><b>Atsargumo priemon\u0117s:<\/b><\/p>\n<ul>\n<li>Tik i\u0161oriniam naudojimui.<\/li>\n<li>Venkite tiesioginio kontakto su akimis.<\/li>\n<li>Nutraukite naudojim\u0105, jei pasirei\u0161kia sudirgimas.<\/li>\n<li>Laikykite vaikams nepasiekiamoje vietoje.<\/li>\n<\/ul>\n<p><b>Laikymo s\u0105lygos:<\/b><\/p>\n<ul>\n<li>Laikyti kambario temperat\u016broje, sausoje vietoje.<\/li>\n<li>Saugoti nuo tiesiogini\u0173 saul\u0117s spinduli\u0173.<\/li>\n<li>U\u017everskite sandariai po naudojimo.<\/li>\n<\/ul>","protected":false},"excerpt":{"rendered":"<p>Jauninantis ir stangrinantis veido serumas<\/p>","protected":false},"featured_media":11151,"comment_status":"open","ping_status":"closed","template":"","meta":[],"product_cat":[129],"product_tag":[],"class_list":{"0":"post-11150","1":"product","2":"type-product","3":"status-publish","4":"has-post-thumbnail","6":"product_cat-veido-kremai","7":"pa_brands-decaar","8":"pa_talpa-10ml","9":"pa_talpa-30ml-2","10":"pa_talpa-50ml-2","12":"first","13":"instock","14":"taxable","15":"shipping-taxable","16":"purchasable","17":"product-type-variable"},"_links":{"self":[{"href":"https:\/\/miamedic.lt\/en\/wp-json\/wp\/v2\/product\/11150","targetHints":{"allow":["GET"]}}],"collection":[{"href":"https:\/\/miamedic.lt\/en\/wp-json\/wp\/v2\/product"}],"about":[{"href":"https:\/\/miamedic.lt\/en\/wp-json\/wp\/v2\/types\/product"}],"replies":[{"embeddable":true,"href":"https:\/\/miamedic.lt\/en\/wp-json\/wp\/v2\/comments?post=11150"}],"version-history":[{"count":1,"href":"https:\/\/miamedic.lt\/en\/wp-json\/wp\/v2\/product\/11150\/revisions"}],"predecessor-version":[{"id":11155,"href":"https:\/\/miamedic.lt\/en\/wp-json\/wp\/v2\/product\/11150\/revisions\/11155"}],"wp:featuredmedia":[{"embeddable":true,"href":"https:\/\/miamedic.lt\/en\/wp-json\/wp\/v2\/media\/11151"}],"wp:attachment":[{"href":"https:\/\/miamedic.lt\/en\/wp-json\/wp\/v2\/media?parent=11150"}],"wp:term":[{"taxonomy":"product_cat","embeddable":true,"href":"https:\/\/miamedic.lt\/en\/wp-json\/wp\/v2\/product_cat?post=11150"},{"taxonomy":"product_tag","embeddable":true,"href":"https:\/\/miamedic.lt\/en\/wp-json\/wp\/v2\/product_tag?post=11150"}],"curies":[{"name":"wp","href":"https:\/\/api.w.org\/{rel}","templated":true}]}}