{"id":11138,"date":"2025-09-02T09:26:35","date_gmt":"2025-09-02T09:26:35","guid":{"rendered":"https:\/\/miamedic.lt\/?post_type=product&#038;p=11138"},"modified":"2026-01-09T11:34:48","modified_gmt":"2026-01-09T11:34:48","slug":"youth-elixir-day-cream","status":"publish","type":"product","link":"https:\/\/miamedic.lt\/en\/shop\/youth-elixir-day-cream\/","title":{"rendered":"Youth elixir day cream"},"content":{"rendered":"<p><b>D\u00c9CAAR Youth Elixir Day Cream &#8211; jauninantis dieninis kremas<\/b><\/p>\n<p>&nbsp;<\/p>\n<p>Lengvos tekst\u016bros, ypa\u010d gerai \u012fsigeriantis dieninis kremas, sukurtas kovai su odos sen\u0117jimu. Kremas intensyviai dr\u0117kina, lygina smulkias rauk\u0161leles ir stiprina odos apsaugin\u012f barjer\u0105, kad oda atrodyt\u0173 jaunesn\u0117, stangresn\u0117 ir \u0161vytinti.<\/p>\n<p><b>Odos tipas:<\/b> Tinka visiems odos tipams, ypa\u010d brand\u017eiai ir sen\u0117jan\u010diai odai.<\/p>\n<p><b>Effect:<\/b><\/p>\n<ul>\n<li>Veiksmingai lygina ir ma\u017eina rauk\u0161les<\/li>\n<li>Suteikia greit\u0105 patempimo ir stangrinimo efekt\u0105<\/li>\n<li>Intensyviai dr\u0117kina ir maitina od\u0105<\/li>\n<li>Stiprina odos barjer\u0105 ir apsaugo nuo \u017ealingo aplinkos poveikio<\/li>\n<li>Atgaivina od\u0105 ir suteikia jaunatvi\u0161ko \u0161vyt\u0117jimo<\/li>\n<\/ul>\n<p><b>Usage:<\/b> Naudokite ryte, po veido serumo. Nedidel\u012f, perlo dyd\u017eio kremo kiek\u012f u\u017etepkite ant \u0161varios veido odos ir \u0161velniai, sukamaisiais judesiais \u012fmasa\u017euokite, kol visi\u0161kai \u012fsigers.<\/p>\n<p><b>Atsargumo priemon\u0117s:<\/b><\/p>\n<ul>\n<li>Tik i\u0161oriniam naudojimui.<\/li>\n<li>Venkite tiesioginio kontakto su akimis.<\/li>\n<li>Nutraukite naudojim\u0105, jei pasirei\u0161kia sudirgimas.<\/li>\n<li>Laikykite vaikams nepasiekiamoje vietoje.<\/li>\n<\/ul>\n<p><b>Laikymo s\u0105lygos:<\/b><\/p>\n<ul>\n<li>Laikyti kambario temperat\u016broje, sausoje vietoje.<\/li>\n<li>Saugoti nuo tiesiogini\u0173 saul\u0117s spinduli\u0173.<\/li>\n<li>U\u017everskite sandariai po naudojimo.<\/li>\n<\/ul>","protected":false},"excerpt":{"rendered":"<p>Jauninantis dieninis kremas<\/p>","protected":false},"featured_media":11139,"comment_status":"open","ping_status":"closed","template":"","meta":[],"product_cat":[129],"product_tag":[],"class_list":{"0":"post-11138","1":"product","2":"type-product","3":"status-publish","4":"has-post-thumbnail","6":"product_cat-veido-kremai","7":"pa_brands-decaar","8":"pa_talpa-100ml","9":"pa_talpa-15ml","10":"pa_talpa-50ml-2","12":"first","13":"instock","14":"taxable","15":"shipping-taxable","16":"purchasable","17":"product-type-variable"},"_links":{"self":[{"href":"https:\/\/miamedic.lt\/en\/wp-json\/wp\/v2\/product\/11138","targetHints":{"allow":["GET"]}}],"collection":[{"href":"https:\/\/miamedic.lt\/en\/wp-json\/wp\/v2\/product"}],"about":[{"href":"https:\/\/miamedic.lt\/en\/wp-json\/wp\/v2\/types\/product"}],"replies":[{"embeddable":true,"href":"https:\/\/miamedic.lt\/en\/wp-json\/wp\/v2\/comments?post=11138"}],"version-history":[{"count":1,"href":"https:\/\/miamedic.lt\/en\/wp-json\/wp\/v2\/product\/11138\/revisions"}],"predecessor-version":[{"id":11143,"href":"https:\/\/miamedic.lt\/en\/wp-json\/wp\/v2\/product\/11138\/revisions\/11143"}],"wp:featuredmedia":[{"embeddable":true,"href":"https:\/\/miamedic.lt\/en\/wp-json\/wp\/v2\/media\/11139"}],"wp:attachment":[{"href":"https:\/\/miamedic.lt\/en\/wp-json\/wp\/v2\/media?parent=11138"}],"wp:term":[{"taxonomy":"product_cat","embeddable":true,"href":"https:\/\/miamedic.lt\/en\/wp-json\/wp\/v2\/product_cat?post=11138"},{"taxonomy":"product_tag","embeddable":true,"href":"https:\/\/miamedic.lt\/en\/wp-json\/wp\/v2\/product_tag?post=11138"}],"curies":[{"name":"wp","href":"https:\/\/api.w.org\/{rel}","templated":true}]}}