{"id":11128,"date":"2025-09-02T09:09:12","date_gmt":"2025-09-02T09:09:12","guid":{"rendered":"https:\/\/miamedic.lt\/?post_type=product&#038;p=11128"},"modified":"2026-01-09T11:14:19","modified_gmt":"2026-01-09T11:14:19","slug":"advanced-luminous-spf50","status":"publish","type":"product","link":"https:\/\/miamedic.lt\/en\/shop\/advanced-luminous-spf50\/","title":{"rendered":"Advanced luminous SPF50"},"content":{"rendered":"<p data-start=\"62\" data-end=\"139\"><strong data-start=\"62\" data-end=\"139\">D\u00c9CAAR Advanced Luminous SPF50 \u2013 apsaugantis ir \u0161viesinantis veido kremas<\/strong><\/p>\n<p data-start=\"141\" data-end=\"420\">Lengvos tekst\u016bros veido kremas su SPF50 saugo od\u0105 nuo \u017ealingo UVA ir UVB spinduli\u0173 poveikio, ma\u017eina pigmentines d\u0117mes ir suteikia odai nat\u016bral\u0173 \u0161vyt\u0117jim\u0105. Idealiai tinka kasdieniam naudojimui, siekiant apsaugoti od\u0105 nuo saul\u0117s daromos \u017ealos ir i\u0161laikyti j\u0105 sveik\u0105 bei spindin\u010di\u0105.<\/p>\n<p data-start=\"422\" data-end=\"466\"><strong data-start=\"422\" data-end=\"437\">Odos tipas:<\/strong><br data-start=\"437\" data-end=\"440\" \/>Tinka visiems odos tipams.<\/p>\n<p data-start=\"468\" data-end=\"483\"><strong data-start=\"468\" data-end=\"481\">Effect:<\/strong><\/p>\n<ul data-start=\"484\" data-end=\"779\">\n<li data-start=\"484\" data-end=\"541\">\n<p data-start=\"486\" data-end=\"541\">Apsaugo od\u0105 nuo \u017ealingo UVA ir UVB spinduli\u0173 poveikio<\/p>\n<\/li>\n<li data-start=\"542\" data-end=\"596\">\n<p data-start=\"544\" data-end=\"596\">Ma\u017eina pigmentines d\u0117mes ir tolygina odos atspalv\u012f<\/p>\n<\/li>\n<li data-start=\"597\" data-end=\"652\">\n<p data-start=\"599\" data-end=\"652\">Suteikia odai nat\u016bral\u0173 \u0161vyt\u0117jim\u0105 ir sveik\u0105 i\u0161vaizd\u0105<\/p>\n<\/li>\n<li data-start=\"653\" data-end=\"704\">\n<p data-start=\"655\" data-end=\"704\">Dr\u0117kina od\u0105 ir padeda i\u0161laikyti jos elastingum\u0105<\/p>\n<\/li>\n<li data-start=\"705\" data-end=\"779\">\n<p data-start=\"707\" data-end=\"779\">Lengvai susilieja su bet kokio atspalvio oda, nesukeldamas balt\u0173 p\u0117dsak\u0173<\/p>\n<\/li>\n<\/ul>\n<p data-start=\"781\" data-end=\"798\"><strong data-start=\"781\" data-end=\"796\">Usage:<\/strong><\/p>\n<ul data-start=\"799\" data-end=\"1007\">\n<li data-start=\"799\" data-end=\"862\">\n<p data-start=\"801\" data-end=\"862\">Naudokite kaip paskutin\u012f odos prie\u017ei\u016bros proced\u016bros \u017eingsn\u012f<\/p>\n<\/li>\n<li data-start=\"863\" data-end=\"976\">\n<p data-start=\"865\" data-end=\"976\">Paimkite perlo dyd\u017eio kiek\u012f ir sukamaisiais judesiais \u0161velniai \u012fmasa\u017euokite \u012f veido od\u0105, kol visi\u0161kai \u012fsigers<\/p>\n<\/li>\n<li data-start=\"977\" data-end=\"1007\">\n<p data-start=\"979\" data-end=\"1007\">Galima naudoti prie\u0161 makia\u017e\u0105<\/p>\n<\/li>\n<\/ul>\n<p data-start=\"1009\" data-end=\"1035\"><strong data-start=\"1009\" data-end=\"1033\">Atsargumo priemon\u0117s:<\/strong><\/p>\n<ul data-start=\"1036\" data-end=\"1216\">\n<li data-start=\"1036\" data-end=\"1064\">\n<p data-start=\"1038\" data-end=\"1064\">Tik i\u0161oriniam naudojimui<\/p>\n<\/li>\n<li data-start=\"1065\" data-end=\"1125\">\n<p data-start=\"1067\" data-end=\"1125\">Venkite kontakto su akimis \u2013 patekus, gerai nuskalaukite<\/p>\n<\/li>\n<li data-start=\"1126\" data-end=\"1173\">\n<p data-start=\"1128\" data-end=\"1173\">Nutraukite naudojim\u0105 pasirei\u0161kus sudirgimui<\/p>\n<\/li>\n<li data-start=\"1174\" data-end=\"1216\">\n<p data-start=\"1176\" data-end=\"1216\">Laikykite vaikams nepasiekiamoje vietoje<\/p>\n<\/li>\n<\/ul>\n<p data-start=\"1218\" data-end=\"1240\"><strong data-start=\"1218\" data-end=\"1238\">Laikymo s\u0105lygos:<\/strong><\/p>\n<ul data-start=\"1241\" data-end=\"1375\">\n<li data-start=\"1241\" data-end=\"1292\">\n<p data-start=\"1243\" data-end=\"1292\">Laikyti kambario temperat\u016broje, sausoje vietoje<\/p>\n<\/li>\n<li data-start=\"1293\" data-end=\"1339\">\n<p data-start=\"1295\" data-end=\"1339\">Saugokite nuo tiesiogini\u0173 saul\u0117s spinduli\u0173<\/p>\n<\/li>\n<li data-start=\"1340\" data-end=\"1375\">\n<p data-start=\"1342\" data-end=\"1375\">U\u017everskite sandariai po naudojimo<\/p>\n<\/li>\n<\/ul>","protected":false},"excerpt":{"rendered":"<p>Apsaugantis ir \u0161viesinantis veido kremas<\/p>","protected":false},"featured_media":11129,"comment_status":"open","ping_status":"closed","template":"","meta":[],"product_cat":[153],"product_tag":[],"class_list":{"0":"post-11128","1":"product","2":"type-product","3":"status-publish","4":"has-post-thumbnail","6":"product_cat-spf-veido-prieziura","7":"pa_brands-decaar","8":"pa_talpa-100ml","9":"pa_talpa-50ml-2","11":"first","12":"instock","13":"taxable","14":"shipping-taxable","15":"purchasable","16":"product-type-variable"},"_links":{"self":[{"href":"https:\/\/miamedic.lt\/en\/wp-json\/wp\/v2\/product\/11128","targetHints":{"allow":["GET"]}}],"collection":[{"href":"https:\/\/miamedic.lt\/en\/wp-json\/wp\/v2\/product"}],"about":[{"href":"https:\/\/miamedic.lt\/en\/wp-json\/wp\/v2\/types\/product"}],"replies":[{"embeddable":true,"href":"https:\/\/miamedic.lt\/en\/wp-json\/wp\/v2\/comments?post=11128"}],"version-history":[{"count":2,"href":"https:\/\/miamedic.lt\/en\/wp-json\/wp\/v2\/product\/11128\/revisions"}],"predecessor-version":[{"id":12292,"href":"https:\/\/miamedic.lt\/en\/wp-json\/wp\/v2\/product\/11128\/revisions\/12292"}],"wp:featuredmedia":[{"embeddable":true,"href":"https:\/\/miamedic.lt\/en\/wp-json\/wp\/v2\/media\/11129"}],"wp:attachment":[{"href":"https:\/\/miamedic.lt\/en\/wp-json\/wp\/v2\/media?parent=11128"}],"wp:term":[{"taxonomy":"product_cat","embeddable":true,"href":"https:\/\/miamedic.lt\/en\/wp-json\/wp\/v2\/product_cat?post=11128"},{"taxonomy":"product_tag","embeddable":true,"href":"https:\/\/miamedic.lt\/en\/wp-json\/wp\/v2\/product_tag?post=11128"}],"curies":[{"name":"wp","href":"https:\/\/api.w.org\/{rel}","templated":true}]}}