{"id":11123,"date":"2025-09-02T09:00:33","date_gmt":"2025-09-02T09:00:33","guid":{"rendered":"https:\/\/miamedic.lt\/?post_type=product&#038;p=11123"},"modified":"2026-01-09T11:13:35","modified_gmt":"2026-01-09T11:13:35","slug":"lumi-intimate-cream","status":"publish","type":"product","link":"https:\/\/miamedic.lt\/en\/shop\/lumi-intimate-cream\/","title":{"rendered":"Lumi intimate cream"},"content":{"rendered":"<p data-start=\"0\" data-end=\"73\"><strong data-start=\"0\" data-end=\"73\">D\u00c9CAAR Lumi Intimate Cream \u2013 intensyvus intymi\u0173 zon\u0173 odos \u0161viesinimas<\/strong><\/p>\n<p data-start=\"75\" data-end=\"363\">Puikus auk\u0161tos kokyb\u0117s kremas, sukurtas specialiai patams\u0117jusiai intymi\u0173 zon\u0173 (pa\u017east\u0173 ir kirk\u0161ni\u0173) odai. Formul\u0117 \u0161velniai stabdo melanino gamyb\u0105, atkuria lyg\u0173 ton\u0105 ir \u0161velni\u0105 tekst\u016br\u0105, kartu nesukeldama lipnumo \u2013 nustebsite, kaip greitai galite gr\u012f\u017eti prie \u012fprastos rutinos po naudojimo.<\/p>\n<p data-start=\"365\" data-end=\"474\"><strong data-start=\"365\" data-end=\"380\">Odos tipas:<\/strong><br data-start=\"380\" data-end=\"383\" \/>Tinka vis\u0173 tip\u0173 odai, ypa\u010d jautriai ar linkusiai pigmentacijos problemoms intimiose zonose.<\/p>\n<p data-start=\"476\" data-end=\"792\"><strong data-start=\"476\" data-end=\"489\">Effect:<\/strong><br data-start=\"489\" data-end=\"492\" \/>\u2022 Greitai \u012fsigeria be lipnumo \u2013 i\u0161sitepsite ir gal\u0117site naudoti savo \u012fprastinius drabu\u017eius i\u0161kart po tepimo<br data-start=\"599\" data-end=\"602\" \/>\u2022 Suma\u017eina melanino susidarym\u0105 ir lygina odos spalv\u0105<br data-start=\"654\" data-end=\"657\" \/>\u2022 Atkuria odos tekst\u016br\u0105 ir glotnum\u0105, nepaliekant diskomforto<br data-start=\"717\" data-end=\"720\" \/>\u2022 Aktyviai ma\u017eina pigmentacijos po\u017eymius ir suteikia harmoning\u0105 atspalv\u012f<\/p>\n<p data-start=\"794\" data-end=\"1005\"><strong data-start=\"794\" data-end=\"809\">Usage:<\/strong><br data-start=\"809\" data-end=\"812\" \/>\u2022 Tepkite ant \u0161varios ir nusausintos odos intimi\u0173 zon\u0173<br data-start=\"866\" data-end=\"869\" \/>\u2022 Naudokite du kartus per dien\u0105 \u2013 ryt\u0105 ir vakar\u0105<br data-start=\"917\" data-end=\"920\" \/>\u2022 Jei oda bus saul\u0117s \u0161viesai tiesiogiai veikiama, papildomai naudokite SPF 50 apsaug\u0105<\/p>\n<p data-start=\"1007\" data-end=\"1196\"><strong data-start=\"1007\" data-end=\"1031\">Atsargumo priemon\u0117s:<\/strong><br data-start=\"1031\" data-end=\"1034\" \/>\u2022 Tik i\u0161oriniam naudojimui<br data-start=\"1060\" data-end=\"1063\" \/>\u2022 Venkite kontakto su gleivine<br data-start=\"1093\" data-end=\"1096\" \/>\u2022 Nutraukite naudojim\u0105 pasteb\u0117jus sudirgim\u0105 ar alergij\u0105<br data-start=\"1151\" data-end=\"1154\" \/>\u2022 Laikykite vaikams nepasiekiamoje vietoje<\/p>\n<p data-start=\"1198\" data-end=\"1348\"><strong data-start=\"1198\" data-end=\"1218\">Laikymo s\u0105lygos:<\/strong><br data-start=\"1218\" data-end=\"1221\" \/>\u2022 Laikyti kambario temperat\u016broje, sausoje vietoje<br data-start=\"1270\" data-end=\"1273\" \/>\u2022 Venkite tiesiogini\u0173 saul\u0117s spinduli\u0173 \u2013 u\u017espauskite sandariai po naudojimo<\/p>","protected":false},"excerpt":{"rendered":"<p>Kremas intymi\u0173 zon\u0173 odos \u0161viesinimui<\/p>","protected":false},"featured_media":11124,"comment_status":"open","ping_status":"closed","template":"","meta":[],"product_cat":[389],"product_tag":[],"class_list":{"0":"post-11123","1":"product","2":"type-product","3":"status-publish","4":"has-post-thumbnail","6":"product_cat-intymiai-zonai","7":"pa_brands-decaar","8":"pa_talpa-100ml","9":"pa_talpa-50ml-2","11":"first","12":"instock","13":"taxable","14":"shipping-taxable","15":"purchasable","16":"product-type-variable"},"_links":{"self":[{"href":"https:\/\/miamedic.lt\/en\/wp-json\/wp\/v2\/product\/11123","targetHints":{"allow":["GET"]}}],"collection":[{"href":"https:\/\/miamedic.lt\/en\/wp-json\/wp\/v2\/product"}],"about":[{"href":"https:\/\/miamedic.lt\/en\/wp-json\/wp\/v2\/types\/product"}],"replies":[{"embeddable":true,"href":"https:\/\/miamedic.lt\/en\/wp-json\/wp\/v2\/comments?post=11123"}],"version-history":[{"count":2,"href":"https:\/\/miamedic.lt\/en\/wp-json\/wp\/v2\/product\/11123\/revisions"}],"predecessor-version":[{"id":12293,"href":"https:\/\/miamedic.lt\/en\/wp-json\/wp\/v2\/product\/11123\/revisions\/12293"}],"wp:featuredmedia":[{"embeddable":true,"href":"https:\/\/miamedic.lt\/en\/wp-json\/wp\/v2\/media\/11124"}],"wp:attachment":[{"href":"https:\/\/miamedic.lt\/en\/wp-json\/wp\/v2\/media?parent=11123"}],"wp:term":[{"taxonomy":"product_cat","embeddable":true,"href":"https:\/\/miamedic.lt\/en\/wp-json\/wp\/v2\/product_cat?post=11123"},{"taxonomy":"product_tag","embeddable":true,"href":"https:\/\/miamedic.lt\/en\/wp-json\/wp\/v2\/product_tag?post=11123"}],"curies":[{"name":"wp","href":"https:\/\/api.w.org\/{rel}","templated":true}]}}