{"id":11118,"date":"2025-09-02T08:56:00","date_gmt":"2025-09-02T08:56:00","guid":{"rendered":"https:\/\/miamedic.lt\/?post_type=product&#038;p=11118"},"modified":"2026-01-09T11:13:18","modified_gmt":"2026-01-09T11:13:18","slug":"pigment-booster-complex","status":"publish","type":"product","link":"https:\/\/miamedic.lt\/en\/shop\/pigment-booster-complex\/","title":{"rendered":"Pigment booster complex"},"content":{"rendered":"<p data-start=\"118\" data-end=\"208\"><strong data-start=\"118\" data-end=\"208\">D\u00c9CAAR Pigment Booster Complex \u2013 dr\u0117kinantis Vitamino C aliejinis serumas-aktyvatorius<\/strong><\/p>\n<p data-start=\"210\" data-end=\"444\">Lengvos aliejaus konsistencijos serumas, skirtas intensyviam dr\u0117kinimui ir pigmentini\u0173 d\u0117mi\u0173 ma\u017einimui. Veiksmingas ir koncentruotas ingredient\u0173 mi\u0161inys u\u017etikrina greitus rezultatus bei paruo\u0161ia od\u0105 tolimesn\u0117ms prie\u017ei\u016bros proced\u016broms.<\/p>\n<p data-start=\"446\" data-end=\"607\"><strong data-start=\"446\" data-end=\"461\">Odos tipas:<\/strong><br data-start=\"461\" data-end=\"464\" \/>Tinka vis\u0173 tip\u0173 odai; ypatingai naudinga esant pigmentiniam netolygumui, reaktyvumui ar noriant sustiprinti dr\u0117kinimo bei atsinaujinimo efekt\u0105.<\/p>\n<p data-start=\"609\" data-end=\"622\"><strong data-start=\"609\" data-end=\"622\">Effect:<\/strong><\/p>\n<ul data-start=\"623\" data-end=\"953\">\n<li data-start=\"623\" data-end=\"691\">\n<p data-start=\"625\" data-end=\"691\">Greitai ma\u017eina pigmentines d\u0117mes bei paruo\u0161ia od\u0105 skland\u017eiam tonui<\/p>\n<\/li>\n<li data-start=\"692\" data-end=\"755\">\n<p data-start=\"694\" data-end=\"755\">Dr\u0117kina ir suteikia odai putlumo bei matom\u0105 ry\u0161kesn\u012f atspalv\u012f<\/p>\n<\/li>\n<li data-start=\"756\" data-end=\"797\">\n<p data-start=\"758\" data-end=\"797\">Ma\u017eina odos reaktyvum\u0105, lygina tekst\u016br\u0105<\/p>\n<\/li>\n<li data-start=\"798\" data-end=\"874\">\n<p data-start=\"800\" data-end=\"874\">Veikia kaip aktyvatorius \u2014 stiprina ir pagreitina kit\u0173 produkt\u0173 efektyvum\u0105<\/p>\n<\/li>\n<li data-start=\"875\" data-end=\"953\">\n<p data-start=\"877\" data-end=\"953\">Tinka lengviems veido masa\u017eams namuose, suteikia komforto ir \u0161velnumo poj\u016bt\u012f<\/p>\n<\/li>\n<\/ul>\n<p data-start=\"955\" data-end=\"972\"><strong data-start=\"955\" data-end=\"970\">Usage:<\/strong><\/p>\n<ul data-start=\"973\" data-end=\"1164\">\n<li data-start=\"973\" data-end=\"1031\">\n<p data-start=\"975\" data-end=\"1031\">U\u017ela\u0161inkite kelet\u0105 la\u0161\u0173 ant \u0161varios ir tonizuotos odos<\/p>\n<\/li>\n<li data-start=\"1032\" data-end=\"1102\">\n<p data-start=\"1034\" data-end=\"1102\">\u0160velniai masa\u017euokite sukamaisiais judesiais iki visi\u0161ko \u012fsigersimo<\/p>\n<\/li>\n<li data-start=\"1103\" data-end=\"1164\">\n<p data-start=\"1105\" data-end=\"1164\">Naudokite vakare; po \u0161io serumo da\u017eniausiai kremo nereikia<\/p>\n<\/li>\n<\/ul>\n<p data-start=\"1166\" data-end=\"1192\"><strong data-start=\"1166\" data-end=\"1190\">Atsargumo priemon\u0117s:<\/strong><\/p>\n<ul data-start=\"1193\" data-end=\"1376\">\n<li data-start=\"1193\" data-end=\"1221\">\n<p data-start=\"1195\" data-end=\"1221\">Tik i\u0161oriniam naudojimui<\/p>\n<\/li>\n<li data-start=\"1222\" data-end=\"1282\">\n<p data-start=\"1224\" data-end=\"1282\">Venkite kontakto su akimis \u2014 patekus, gerai nuskalaukite<\/p>\n<\/li>\n<li data-start=\"1283\" data-end=\"1335\">\n<p data-start=\"1285\" data-end=\"1335\">Nutraukite naudojim\u0105, jei oda reaguoja sudirgimu<\/p>\n<\/li>\n<li data-start=\"1336\" data-end=\"1376\">\n<p data-start=\"1338\" data-end=\"1376\">Laikyti vaikams nepasiekiamoje vietoje<\/p>\n<\/li>\n<\/ul>\n<p data-start=\"1378\" data-end=\"1400\"><strong data-start=\"1378\" data-end=\"1398\">Laikymo s\u0105lygos:<\/strong><\/p>\n<ul data-start=\"1401\" data-end=\"1540\">\n<li data-start=\"1401\" data-end=\"1473\">\n<p data-start=\"1403\" data-end=\"1473\">Laikykite \u0161altai ir sausoje vietoje kambario temperat\u016broje (&lt; 30 \u00b0C)<\/p>\n<\/li>\n<li data-start=\"1474\" data-end=\"1540\">\n<p data-start=\"1476\" data-end=\"1540\">U\u017everskite sandariai po naudojimo, kad priemon\u0117 i\u0161likt\u0173 efektyvi<\/p>\n<\/li>\n<\/ul>","protected":false},"excerpt":{"rendered":"<p>Dr\u0117kinantis Vitamino C aliejinis serumas-aktyvatorius<\/p>","protected":false},"featured_media":11119,"comment_status":"open","ping_status":"closed","template":"","meta":[],"product_cat":[107],"product_tag":[],"class_list":{"0":"post-11118","1":"product","2":"type-product","3":"status-publish","4":"has-post-thumbnail","6":"product_cat-serumai","7":"pa_brands-decaar","8":"pa_talpa-20ml","9":"pa_talpa-50ml-2","11":"first","12":"instock","13":"taxable","14":"shipping-taxable","15":"purchasable","16":"product-type-variable"},"_links":{"self":[{"href":"https:\/\/miamedic.lt\/en\/wp-json\/wp\/v2\/product\/11118","targetHints":{"allow":["GET"]}}],"collection":[{"href":"https:\/\/miamedic.lt\/en\/wp-json\/wp\/v2\/product"}],"about":[{"href":"https:\/\/miamedic.lt\/en\/wp-json\/wp\/v2\/types\/product"}],"replies":[{"embeddable":true,"href":"https:\/\/miamedic.lt\/en\/wp-json\/wp\/v2\/comments?post=11118"}],"version-history":[{"count":3,"href":"https:\/\/miamedic.lt\/en\/wp-json\/wp\/v2\/product\/11118\/revisions"}],"predecessor-version":[{"id":12299,"href":"https:\/\/miamedic.lt\/en\/wp-json\/wp\/v2\/product\/11118\/revisions\/12299"}],"wp:featuredmedia":[{"embeddable":true,"href":"https:\/\/miamedic.lt\/en\/wp-json\/wp\/v2\/media\/11119"}],"wp:attachment":[{"href":"https:\/\/miamedic.lt\/en\/wp-json\/wp\/v2\/media?parent=11118"}],"wp:term":[{"taxonomy":"product_cat","embeddable":true,"href":"https:\/\/miamedic.lt\/en\/wp-json\/wp\/v2\/product_cat?post=11118"},{"taxonomy":"product_tag","embeddable":true,"href":"https:\/\/miamedic.lt\/en\/wp-json\/wp\/v2\/product_tag?post=11118"}],"curies":[{"name":"wp","href":"https:\/\/api.w.org\/{rel}","templated":true}]}}