{"id":11113,"date":"2025-09-02T08:52:31","date_gmt":"2025-09-02T08:52:31","guid":{"rendered":"https:\/\/miamedic.lt\/?post_type=product&#038;p=11113"},"modified":"2026-01-09T11:09:49","modified_gmt":"2026-01-09T11:09:49","slug":"lumi-cc-booster","status":"publish","type":"product","link":"https:\/\/miamedic.lt\/en\/shop\/lumi-cc-booster\/","title":{"rendered":"Lumi cc booster"},"content":{"rendered":"<p data-start=\"52\" data-end=\"136\"><strong data-start=\"52\" data-end=\"136\">D\u00c9CAAR Lumi CC Booster \u2013 niacinamido ir hialurono r\u016bg\u0161ties serumas su vitaminu C<\/strong><\/p>\n<p data-start=\"138\" data-end=\"349\">Nat\u016bralaus \u0161viesinan\u010dio poveikio serumas, jungiantis barjer\u0105 stiprinan\u010dius, dr\u0117kinan\u010dius ir skaistinimus komponentus \u2013 idealiai tinka vis\u0173 tip\u0173 odai, ypa\u010d jautriai, dehidratuotai ar spalvos netolygum\u0173 turin\u010diai.<\/p>\n<p data-start=\"351\" data-end=\"395\"><strong data-start=\"351\" data-end=\"366\">Odos tipas:<\/strong><br data-start=\"366\" data-end=\"369\" \/>Tinka visiems odos tipams.<\/p>\n<p data-start=\"397\" data-end=\"1071\"><strong data-start=\"397\" data-end=\"410\">Effect:<\/strong><br \/>\n\u2022 Vienodina odos atspalv\u012f, ma\u017eina spalvinius netolygumus \u2013 niacinamido ir hialurono sinergija<br data-start=\"504\" data-end=\"507\" \/>\u2022 Suteikia skaistumo bei glotnumo<br data-start=\"540\" data-end=\"543\" \/>\u2022 Suma\u017eina odos sudirgimus, pa\u0161alina papilk\u0117jim\u0105, sutraukia poras<br data-start=\"608\" data-end=\"611\" \/>\u2022 Dr\u0117kina ir stiprina odos barjer\u0105<br data-start=\"645\" data-end=\"648\" \/>\u2022 Paleid\u017eia odos atsigavim\u0105 ir gerina kit\u0173 priemoni\u0173 \u012fsiskverbim\u0105<br \/>\n\u2022 Beta-gliukanas ma\u017eina raudon\u012f, palaiko odos turgor\u0105 bei saugo nuo dehidratacijos<br data-start=\"797\" data-end=\"800\" \/>\u2022 Magnio askorbilo fosfatas skatina kolageno sintez\u0119 ir veikia \u0161viesinan\u010diai<br data-start=\"876\" data-end=\"879\" data-is-only-node=\"\" \/>\u2022 Arbutinas padeda \u0161viesinti pigmentines d\u0117mes<br data-start=\"925\" data-end=\"928\" \/>\u2022 NMF amino r\u016bg\u0161tys saugo barjer\u0105 ir dr\u0117gm\u0119<br data-start=\"971\" data-end=\"974\" \/>\u2022 Pseudoalteromonas ferment\u0173 ekstraktas intensyviai dr\u0117kina ir suteikia odai nat\u016bralaus spindesio<\/p>\n<p data-start=\"1073\" data-end=\"1329\"><strong data-start=\"1073\" data-end=\"1088\">Usage:<\/strong><br data-start=\"1088\" data-end=\"1091\" \/>\u2022 U\u017ela\u0161inkite kelis la\u0161us ant \u0161varios ir tonizuotos veido odos<br data-start=\"1153\" data-end=\"1156\" \/>\u2022 \u0160velniais sukamaisiais judesiais \u012fmasa\u017euokite, kol visi\u0161kai \u012fsigers<br data-start=\"1225\" data-end=\"1228\" \/>\u2022 Naudokite ryte ar vakare prie\u0161 krem\u0105, idealiai dera su kitomis \u0161vyt\u0117jim\u0105 skatinan\u010diomis priemon\u0117mis<\/p>\n<p data-start=\"1331\" data-end=\"1556\"><strong data-start=\"1331\" data-end=\"1355\">Atsargumo priemon\u0117s:<\/strong><br data-start=\"1355\" data-end=\"1358\" \/>\u2022 Tik i\u0161oriniam naudojimui<br data-start=\"1384\" data-end=\"1387\" \/>\u2022 Venkite kontakto su akimis \u2013 patekus, proporcingai nuskalaukite vandeniu<br data-start=\"1461\" data-end=\"1464\" \/>\u2022 Nutraukite naudojim\u0105 pasirei\u0161kus sudirgimui<br data-start=\"1509\" data-end=\"1512\" \/>\u2022 Laikykite vaikams nepasiekiamoje vietoje<\/p>\n<p data-start=\"1558\" data-end=\"1720\"><strong data-start=\"1558\" data-end=\"1578\">Laikymo s\u0105lygos:<\/strong><br data-start=\"1578\" data-end=\"1581\" \/>\u2022 Saugoje kambario temperat\u016broje, sausoje vietoje<br data-start=\"1630\" data-end=\"1633\" \/>\u2022 Saugokite nuo tiesiogini\u0173 saul\u0117s spinduli\u0173<br data-start=\"1677\" data-end=\"1680\" \/>\u2022 Pakuot\u0119 laikykite sandariai u\u017edaryt\u0105<\/p>","protected":false},"excerpt":{"rendered":"<p>Niacinamido ir hialurono r\u016bg\u0161ties serumas su vitaminu C<\/p>","protected":false},"featured_media":11114,"comment_status":"open","ping_status":"closed","template":"","meta":[],"product_cat":[107],"product_tag":[],"class_list":{"0":"post-11113","1":"product","2":"type-product","3":"status-publish","4":"has-post-thumbnail","6":"product_cat-serumai","7":"pa_brands-decaar","8":"pa_talpa-20ml","9":"pa_talpa-50ml-2","11":"first","12":"instock","13":"taxable","14":"shipping-taxable","15":"purchasable","16":"product-type-variable"},"_links":{"self":[{"href":"https:\/\/miamedic.lt\/en\/wp-json\/wp\/v2\/product\/11113","targetHints":{"allow":["GET"]}}],"collection":[{"href":"https:\/\/miamedic.lt\/en\/wp-json\/wp\/v2\/product"}],"about":[{"href":"https:\/\/miamedic.lt\/en\/wp-json\/wp\/v2\/types\/product"}],"replies":[{"embeddable":true,"href":"https:\/\/miamedic.lt\/en\/wp-json\/wp\/v2\/comments?post=11113"}],"version-history":[{"count":3,"href":"https:\/\/miamedic.lt\/en\/wp-json\/wp\/v2\/product\/11113\/revisions"}],"predecessor-version":[{"id":12300,"href":"https:\/\/miamedic.lt\/en\/wp-json\/wp\/v2\/product\/11113\/revisions\/12300"}],"wp:featuredmedia":[{"embeddable":true,"href":"https:\/\/miamedic.lt\/en\/wp-json\/wp\/v2\/media\/11114"}],"wp:attachment":[{"href":"https:\/\/miamedic.lt\/en\/wp-json\/wp\/v2\/media?parent=11113"}],"wp:term":[{"taxonomy":"product_cat","embeddable":true,"href":"https:\/\/miamedic.lt\/en\/wp-json\/wp\/v2\/product_cat?post=11113"},{"taxonomy":"product_tag","embeddable":true,"href":"https:\/\/miamedic.lt\/en\/wp-json\/wp\/v2\/product_tag?post=11113"}],"curies":[{"name":"wp","href":"https:\/\/api.w.org\/{rel}","templated":true}]}}