{"id":11107,"date":"2025-09-02T08:49:05","date_gmt":"2025-09-02T08:49:05","guid":{"rendered":"https:\/\/miamedic.lt\/?post_type=product&#038;p=11107"},"modified":"2026-01-09T11:09:18","modified_gmt":"2026-01-09T11:09:18","slug":"lumi-drops-serumas","status":"publish","type":"product","link":"https:\/\/miamedic.lt\/en\/shop\/lumi-drops-serumas\/","title":{"rendered":"Lumi drops serumas"},"content":{"rendered":"<p data-start=\"110\" data-end=\"209\"><strong data-start=\"110\" data-end=\"209\">D\u00c9CAAR Lumi Drops (\u0160viesinantis serumas) \u2013 intensyvus veido serumas tolygesniam odos atspalviui<\/strong><\/p>\n<p data-start=\"211\" data-end=\"392\">Nat\u016bralaus, lengvos tekst\u016bros serumas, skatinantis odos l\u0105steli\u0173 atsinaujinim\u0105 ir ma\u017einantis pigmentines d\u0117mes. Jo \u201csoft-focus\u201d efektas suteikia odai skaistumo ir pastebimo putlumo.<\/p>\n<p data-start=\"394\" data-end=\"530\"><strong data-start=\"394\" data-end=\"409\">Odos tipas:<\/strong><br data-start=\"409\" data-end=\"412\" \/>Tinka visiems odos tipams, ypa\u010d pavargusiai, papilk\u0117jusiai ir netolygaus atspalvio \u2014 tiek jaunai, tiek brand\u017eiai odai.<\/p>\n<p data-start=\"532\" data-end=\"778\"><strong data-start=\"532\" data-end=\"545\">Effect:<\/strong><br data-start=\"545\" data-end=\"548\" \/>\u2022 Suma\u017eina tamsias d\u0117mes ir pigmentinius netolygumus<br data-start=\"600\" data-end=\"603\" \/>\u2022 Skatina l\u0105steli\u0173 atsinaujinim\u0105 ir ma\u017eesni\u0173 por\u0173 susitraukim\u0105<br data-start=\"665\" data-end=\"668\" \/>\u2022 Dr\u0117kina ir mink\u0161tina od\u0105, suteikia spindes\u012f<br data-start=\"713\" data-end=\"716\" \/>\u2022 Akivaizd\u017eiai \u0161viesina, atkuria \u0161vyt\u0117jim\u0105 ir gyvybing\u0105 ton\u0105<\/p>\n<p data-start=\"780\" data-end=\"944\"><strong data-start=\"780\" data-end=\"795\">Usage:<\/strong><br data-start=\"795\" data-end=\"798\" \/>\u2022 U\u017espauskite vien\u0105 ar du paspaudimus ant \u0161varios veido ir kaklo odos<br data-start=\"867\" data-end=\"870\" \/>\u2022 \u0160velniai \u012fmasa\u017euokite, kol visi\u0161kai \u012fsigers \u2014 naudokite ryte ir vakare<\/p>\n<p data-start=\"946\" data-end=\"1170\"><strong data-start=\"946\" data-end=\"970\">Atsargumo priemon\u0117s:<\/strong><br data-start=\"970\" data-end=\"973\" \/>\u2022 Tik i\u0161oriniam naudojimui<br data-start=\"999\" data-end=\"1002\" \/>\u2022 Venkite patekimo \u012f akis; patekus \u2013 plauti kruop\u0161\u010diai<br data-start=\"1056\" data-end=\"1059\" \/>\u2022 Nutraukite naudojim\u0105 pasirei\u0161kus odos reakcijai<br data-start=\"1108\" data-end=\"1111\" \/>\u2022 Laikyti vaikams nepasiekiamoje, v\u0117sioje vietoje (&lt; 30 \u00b0C)<\/p>\n<p data-start=\"1172\" data-end=\"1300\"><strong data-start=\"1172\" data-end=\"1192\">Laikymo s\u0105lygos:<\/strong><br data-start=\"1192\" data-end=\"1195\" \/>\u2022 Sandariai u\u017edarykite ir laikykite kambario temperat\u016broje<br data-start=\"1253\" data-end=\"1256\" \/>\u2022 Saugokite nuo tiesiogini\u0173 saul\u0117s spinduli\u0173<\/p>","protected":false},"excerpt":{"rendered":"<p>Intensyvaus poveikio veido serumas tolygesniam odos atspalviui<\/p>","protected":false},"featured_media":11108,"comment_status":"open","ping_status":"closed","template":"","meta":[],"product_cat":[107],"product_tag":[],"class_list":{"0":"post-11107","1":"product","2":"type-product","3":"status-publish","4":"has-post-thumbnail","6":"product_cat-serumai","7":"pa_brands-decaar","8":"pa_talpa-10ml","9":"pa_talpa-30ml-2","10":"pa_talpa-50ml-2","12":"first","13":"instock","14":"taxable","15":"shipping-taxable","16":"purchasable","17":"product-type-variable"},"_links":{"self":[{"href":"https:\/\/miamedic.lt\/en\/wp-json\/wp\/v2\/product\/11107","targetHints":{"allow":["GET"]}}],"collection":[{"href":"https:\/\/miamedic.lt\/en\/wp-json\/wp\/v2\/product"}],"about":[{"href":"https:\/\/miamedic.lt\/en\/wp-json\/wp\/v2\/types\/product"}],"replies":[{"embeddable":true,"href":"https:\/\/miamedic.lt\/en\/wp-json\/wp\/v2\/comments?post=11107"}],"version-history":[{"count":2,"href":"https:\/\/miamedic.lt\/en\/wp-json\/wp\/v2\/product\/11107\/revisions"}],"predecessor-version":[{"id":12301,"href":"https:\/\/miamedic.lt\/en\/wp-json\/wp\/v2\/product\/11107\/revisions\/12301"}],"wp:featuredmedia":[{"embeddable":true,"href":"https:\/\/miamedic.lt\/en\/wp-json\/wp\/v2\/media\/11108"}],"wp:attachment":[{"href":"https:\/\/miamedic.lt\/en\/wp-json\/wp\/v2\/media?parent=11107"}],"wp:term":[{"taxonomy":"product_cat","embeddable":true,"href":"https:\/\/miamedic.lt\/en\/wp-json\/wp\/v2\/product_cat?post=11107"},{"taxonomy":"product_tag","embeddable":true,"href":"https:\/\/miamedic.lt\/en\/wp-json\/wp\/v2\/product_tag?post=11107"}],"curies":[{"name":"wp","href":"https:\/\/api.w.org\/{rel}","templated":true}]}}