{"id":11096,"date":"2025-09-02T08:40:49","date_gmt":"2025-09-02T08:40:49","guid":{"rendered":"https:\/\/miamedic.lt\/?post_type=product&#038;p=11096"},"modified":"2026-01-09T11:07:55","modified_gmt":"2026-01-09T11:07:55","slug":"sudirgima-mazinantis-gelis","status":"publish","type":"product","link":"https:\/\/miamedic.lt\/en\/shop\/sudirgima-mazinantis-gelis\/","title":{"rendered":"Sudirgim\u0105 ma\u017einantis gelis"},"content":{"rendered":"<p data-start=\"40\" data-end=\"116\"><strong data-start=\"40\" data-end=\"116\">D\u00c9CAAR Delicate Soothing Gel \u2013 \u0161velnus ir raminantis gelis jautriai odai<\/strong><\/p>\n<p data-start=\"118\" data-end=\"375\">Nat\u016bralios, \u0161viesios gelin\u0117s konsistencijos priemon\u0117, sukurta nuraminti sudirgusi\u0105 ar plon\u0105 od\u0105 po saul\u0117s nudegimo, cheminio \u0161veitimo, lazerini\u0173 proced\u016br\u0173 ar kit\u0173 jautri\u0105 od\u0105 nuvarginusi\u0173 situacij\u0173. Gelis padeda atstatyti komfort\u0105, lygum\u0105 ir odos stangrum\u0105.<\/p>\n<p data-start=\"377\" data-end=\"457\"><strong data-start=\"377\" data-end=\"392\">Odos tipas:<\/strong><br data-start=\"392\" data-end=\"395\" \/>Tinka jautriai, sudirgusiai, dehidratuotai veido ir k\u016bno odai.<\/p>\n<p data-start=\"459\" data-end=\"472\"><strong data-start=\"459\" data-end=\"472\">Effect:<\/strong><\/p>\n<ul data-start=\"473\" data-end=\"737\">\n<li data-start=\"473\" data-end=\"514\">\n<p data-start=\"475\" data-end=\"514\">Intensyviai ramina dirginim\u0105 ir nie\u017eul\u012f<\/p>\n<\/li>\n<li data-start=\"515\" data-end=\"565\">\n<p data-start=\"517\" data-end=\"565\">Atkuria komfort\u0105, padeda suma\u017einti pleiskanojim\u0105<\/p>\n<\/li>\n<li data-start=\"566\" data-end=\"614\">\n<p data-start=\"568\" data-end=\"614\">Stiprina elastingum\u0105 ir gaivina odos strukt\u016br\u0105<\/p>\n<\/li>\n<li data-start=\"615\" data-end=\"673\">\n<p data-start=\"617\" data-end=\"673\">Apsaugo nuo aplinkos poveikio ir padeda palaikyti dr\u0117gm\u0119<\/p>\n<\/li>\n<li data-start=\"674\" data-end=\"737\">\n<p data-start=\"676\" data-end=\"737\">Giliai prasiskverbia ir veiksmingai nuramina od\u0105 po proced\u016br\u0173<\/p>\n<\/li>\n<\/ul>\n<p data-start=\"739\" data-end=\"756\"><strong data-start=\"739\" data-end=\"754\">Usage:<\/strong><\/p>\n<ul data-start=\"757\" data-end=\"940\">\n<li data-start=\"757\" data-end=\"833\">\n<p data-start=\"759\" data-end=\"833\">Tepkite gausiai ant sausos, jautrios ar sudirgusios odos (veido ar k\u016bno)<\/p>\n<\/li>\n<li data-start=\"834\" data-end=\"877\">\n<p data-start=\"836\" data-end=\"877\">Mai\u0161ykite \u0161velniai ir palikite \u012fsigerti<\/p>\n<\/li>\n<li data-start=\"878\" data-end=\"940\">\n<p data-start=\"880\" data-end=\"940\">Naudokite pagal poreik\u012f, ypa\u010d po od\u0105 dirginan\u010di\u0173 proced\u016br\u0173<\/p>\n<\/li>\n<\/ul>\n<p data-start=\"942\" data-end=\"968\"><strong data-start=\"942\" data-end=\"966\">Atsargumo priemon\u0117s:<\/strong><\/p>\n<ul data-start=\"969\" data-end=\"1159\">\n<li data-start=\"969\" data-end=\"997\">\n<p data-start=\"971\" data-end=\"997\">Tik i\u0161oriniam naudojimui<\/p>\n<\/li>\n<li data-start=\"998\" data-end=\"1061\">\n<p data-start=\"1000\" data-end=\"1061\">Venkite kontakto su akimis \u2013 patekus, nuskalaukite vandeniu<\/p>\n<\/li>\n<li data-start=\"1062\" data-end=\"1114\">\n<p data-start=\"1064\" data-end=\"1114\">Nutraukite naudojim\u0105, jei pasirei\u0161kia sudirgimas<\/p>\n<\/li>\n<li data-start=\"1115\" data-end=\"1159\">\n<p data-start=\"1117\" data-end=\"1159\">Laikykite vaikams nepasiekiamoje vietoje<\/p>\n<\/li>\n<\/ul>\n<p data-start=\"1161\" data-end=\"1183\"><strong data-start=\"1161\" data-end=\"1181\">Laikymo s\u0105lygos:<\/strong><\/p>\n<ul data-start=\"1184\" data-end=\"1265\">\n<li data-start=\"1184\" data-end=\"1218\">\n<p data-start=\"1186\" data-end=\"1218\">Saugoje kambario temperat\u016broje<\/p>\n<\/li>\n<li data-start=\"1219\" data-end=\"1265\">\n<p data-start=\"1221\" data-end=\"1265\">Saugokite nuo tiesiogini\u0173 saul\u0117s spinduli\u0173<\/p>\n<\/li>\n<\/ul>","protected":false},"excerpt":{"rendered":"<p>\u0160velnus ir raminantis gelis jautriai odai<\/p>","protected":false},"featured_media":11097,"comment_status":"open","ping_status":"closed","template":"","meta":[],"product_cat":[113,129],"product_tag":[],"class_list":{"0":"post-11096","1":"product","2":"type-product","3":"status-publish","4":"has-post-thumbnail","6":"product_cat-kuno-kremas","7":"product_cat-veido-kremai","8":"pa_brands-decaar","9":"pa_talpa-150ml","10":"pa_talpa-30ml-2","12":"first","13":"instock","14":"taxable","15":"shipping-taxable","16":"purchasable","17":"product-type-variable"},"_links":{"self":[{"href":"https:\/\/miamedic.lt\/en\/wp-json\/wp\/v2\/product\/11096","targetHints":{"allow":["GET"]}}],"collection":[{"href":"https:\/\/miamedic.lt\/en\/wp-json\/wp\/v2\/product"}],"about":[{"href":"https:\/\/miamedic.lt\/en\/wp-json\/wp\/v2\/types\/product"}],"replies":[{"embeddable":true,"href":"https:\/\/miamedic.lt\/en\/wp-json\/wp\/v2\/comments?post=11096"}],"version-history":[{"count":2,"href":"https:\/\/miamedic.lt\/en\/wp-json\/wp\/v2\/product\/11096\/revisions"}],"predecessor-version":[{"id":12303,"href":"https:\/\/miamedic.lt\/en\/wp-json\/wp\/v2\/product\/11096\/revisions\/12303"}],"wp:featuredmedia":[{"embeddable":true,"href":"https:\/\/miamedic.lt\/en\/wp-json\/wp\/v2\/media\/11097"}],"wp:attachment":[{"href":"https:\/\/miamedic.lt\/en\/wp-json\/wp\/v2\/media?parent=11096"}],"wp:term":[{"taxonomy":"product_cat","embeddable":true,"href":"https:\/\/miamedic.lt\/en\/wp-json\/wp\/v2\/product_cat?post=11096"},{"taxonomy":"product_tag","embeddable":true,"href":"https:\/\/miamedic.lt\/en\/wp-json\/wp\/v2\/product_tag?post=11096"}],"curies":[{"name":"wp","href":"https:\/\/api.w.org\/{rel}","templated":true}]}}