{"id":11091,"date":"2025-09-02T08:36:37","date_gmt":"2025-09-02T08:36:37","guid":{"rendered":"https:\/\/miamedic.lt\/?post_type=product&#038;p=11091"},"modified":"2025-12-01T00:30:03","modified_gmt":"2025-12-01T00:30:03","slug":"kremas-jautriai-odai","status":"publish","type":"product","link":"https:\/\/miamedic.lt\/en\/shop\/kremas-jautriai-odai\/","title":{"rendered":"Kremas jautriai odai"},"content":{"rendered":"<p data-start=\"93\" data-end=\"177\"><strong data-start=\"93\" data-end=\"177\">D\u00c9CAAR Delicate Touch Cream \u2013 \u0161velnus dr\u0117kinamasis kremas jautriai odai<\/strong><\/p>\n<p data-start=\"179\" data-end=\"292\">Lengvos, \u0161ilkin\u0117s tekst\u016bros kremas, skirtas jautriai odai sukurti komforti\u0161k\u0105, dr\u0117gm\u0119 i\u0161liekant\u012f pagrind\u0105 dienai.<\/p>\n<p data-start=\"294\" data-end=\"377\"><strong data-start=\"294\" data-end=\"309\">Odos tipas:<\/strong><br data-start=\"309\" data-end=\"312\" \/>Tinka itin jautriai, sausai, pleiskanojan\u010diai ir reaktyviai odai.<\/p>\n<p data-start=\"379\" data-end=\"639\"><strong data-start=\"379\" data-end=\"392\">Effect:<\/strong><br data-start=\"392\" data-end=\"395\" \/>\u2022 Intensyviai dr\u0117kina ir padeda i\u0161laikyti odos dr\u0117gm\u0117s pusiausvyr\u0105<br data-start=\"461\" data-end=\"464\" \/>\u2022 Ramina sudirgimus, tempimo poj\u016bt\u012f ir pleiskanojim\u0105<br data-start=\"516\" data-end=\"519\" \/>\u2022 Stiprina odos barjer\u0105 ir saugo nuo aplinkos poveikio<br data-start=\"573\" data-end=\"576\" \/>\u2022 Skatina komfort\u0105, suma\u017eina paraudimus ir ne\u0161varum\u0173 jautrum\u0105<\/p>\n<p data-start=\"641\" data-end=\"771\"><strong data-start=\"641\" data-end=\"656\">Usage:<\/strong><br data-start=\"656\" data-end=\"659\" \/>\u2022 Tepkite ant \u0161varios ir tonizuotos odos<br data-start=\"699\" data-end=\"702\" \/>\u2022 Geriausiam efektui naudokite kartu su Delicate Serumu prie\u0161 krem\u0105<\/p>\n<p data-start=\"773\" data-end=\"979\"><strong data-start=\"773\" data-end=\"797\">Atsargumo priemon\u0117s:<\/strong><br data-start=\"797\" data-end=\"800\" \/>\u2022 Tik i\u0161oriniam naudojimui<br data-start=\"826\" data-end=\"829\" \/>\u2022 Venkite patekimo \u012f akis \u2013 patekus, praplaukite vandeniu<br data-start=\"886\" data-end=\"889\" \/>\u2022 Nutraukite naudojim\u0105 pasirei\u0161kus sudirgimui<br data-start=\"934\" data-end=\"937\" \/>\u2022 Laikyti vaikams nepasiekiamoje vietoje<\/p>\n<p data-start=\"981\" data-end=\"1096\"><strong data-start=\"981\" data-end=\"1001\">Laikymo s\u0105lygos:<\/strong><br data-start=\"1001\" data-end=\"1004\" \/>\u2022 Laikyti sausoje vietoje kambario temperat\u016broje, saugoti nuo tiesiogini\u0173 saul\u0117s spinduli\u0173<\/p>","protected":false},"excerpt":{"rendered":"<p>\u0160velnus dr\u0117kinamasis kremas jautriai odai<\/p>","protected":false},"featured_media":11092,"comment_status":"open","ping_status":"closed","template":"","meta":[],"product_cat":[129],"product_tag":[],"class_list":{"0":"post-11091","1":"product","2":"type-product","3":"status-publish","4":"has-post-thumbnail","6":"product_cat-veido-kremai","7":"pa_brands-decaar","8":"pa_talpa-100ml","9":"pa_talpa-50ml-2","11":"first","12":"instock","13":"taxable","14":"shipping-taxable","15":"purchasable","16":"product-type-variable"},"_links":{"self":[{"href":"https:\/\/miamedic.lt\/en\/wp-json\/wp\/v2\/product\/11091","targetHints":{"allow":["GET"]}}],"collection":[{"href":"https:\/\/miamedic.lt\/en\/wp-json\/wp\/v2\/product"}],"about":[{"href":"https:\/\/miamedic.lt\/en\/wp-json\/wp\/v2\/types\/product"}],"replies":[{"embeddable":true,"href":"https:\/\/miamedic.lt\/en\/wp-json\/wp\/v2\/comments?post=11091"}],"version-history":[{"count":2,"href":"https:\/\/miamedic.lt\/en\/wp-json\/wp\/v2\/product\/11091\/revisions"}],"predecessor-version":[{"id":12304,"href":"https:\/\/miamedic.lt\/en\/wp-json\/wp\/v2\/product\/11091\/revisions\/12304"}],"wp:featuredmedia":[{"embeddable":true,"href":"https:\/\/miamedic.lt\/en\/wp-json\/wp\/v2\/media\/11092"}],"wp:attachment":[{"href":"https:\/\/miamedic.lt\/en\/wp-json\/wp\/v2\/media?parent=11091"}],"wp:term":[{"taxonomy":"product_cat","embeddable":true,"href":"https:\/\/miamedic.lt\/en\/wp-json\/wp\/v2\/product_cat?post=11091"},{"taxonomy":"product_tag","embeddable":true,"href":"https:\/\/miamedic.lt\/en\/wp-json\/wp\/v2\/product_tag?post=11091"}],"curies":[{"name":"wp","href":"https:\/\/api.w.org\/{rel}","templated":true}]}}