{"id":11085,"date":"2025-09-02T08:32:13","date_gmt":"2025-09-02T08:32:13","guid":{"rendered":"https:\/\/miamedic.lt\/?post_type=product&#038;p=11085"},"modified":"2026-01-09T11:06:50","modified_gmt":"2026-01-09T11:06:50","slug":"serumas-jautriai-odai","status":"publish","type":"product","link":"https:\/\/miamedic.lt\/en\/shop\/serumas-jautriai-odai\/","title":{"rendered":"Serumas jautriai odai"},"content":{"rendered":"<p data-start=\"0\" data-end=\"68\"><strong data-start=\"0\" data-end=\"68\">D\u00c9CAAR Delicate Serum \u2013 \u0161ilkin\u0117s tekst\u016bros serumas jautriai odai<\/strong><\/p>\n<p data-start=\"70\" data-end=\"269\">Nat\u016bralios, lengvos konsistencijos serumas, kuris greitai nuramina jautri\u0105, pa\u017eeist\u0105 od\u0105 ir suteikia ilgalaikio komforto poj\u016bt\u012f. Efektyviai ma\u017eina pleiskanojim\u0105, reaktyvum\u0105 bei nemalonius dirginimus.<\/p>\n<p data-start=\"271\" data-end=\"422\"><strong data-start=\"271\" data-end=\"286\">Odos tipas:<\/strong><br data-start=\"286\" data-end=\"289\" \/>Tinka itin jautriai, paraudimus linkusiai odai, taip pat tinka visiems odos tipams, kuriems reikalingas ramus, komforti\u0161kas poveikis.<\/p>\n<p data-start=\"424\" data-end=\"749\"><strong data-start=\"424\" data-end=\"437\">Effect:<\/strong><br data-start=\"437\" data-end=\"440\" \/>\u2022 Greitai suma\u017eina odos sudirgim\u0105, ramina ir atkuria komforto poj\u016bt\u012f<br data-start=\"508\" data-end=\"511\" \/>\u2022 Pa\u0161alina pleiskanojim\u0105 ir reaktyvum\u0105<br data-start=\"549\" data-end=\"552\" \/>\u2022 Intensyviai dr\u0117kina ir stiprina odos elastingum\u0105<br data-start=\"602\" data-end=\"605\" \/>\u2022 Stipriai ramina d\u0117l alavijo, bisabololio ir panthenolio poveikio<br data-start=\"671\" data-end=\"674\" \/>\u2022 Skatina elektrolit\u0173 ir dr\u0117gm\u0117s balans\u0105 su \u017eali\u0173j\u0173 j\u016bros dumbli\u0173 pagalba<\/p>\n<p data-start=\"751\" data-end=\"999\"><strong data-start=\"751\" data-end=\"766\">Usage:<\/strong><br data-start=\"766\" data-end=\"769\" \/>\u2022 U\u017ela\u0161inkite kelis la\u0161us ant \u0161varios, tonizuotos odos<br data-start=\"823\" data-end=\"826\" \/>\u2022 Lengvais pir\u0161t\u0173 judesiais paskirstykite iki absorbcijos<br data-start=\"883\" data-end=\"886\" \/>\u2022 T\u0119skite naudojim\u0105 su j\u016bs\u0173 odos tipui pritaikytu kremu, rekomenduojamas Delicate Touch ar kitas j\u016bs\u0173 pasirinktas<\/p>\n<p data-start=\"1001\" data-end=\"1213\"><strong data-start=\"1001\" data-end=\"1025\">Atsargumo priemon\u0117s:<\/strong><br data-start=\"1025\" data-end=\"1028\" \/>\u2022 Tik i\u0161oriniam naudojimui<br data-start=\"1054\" data-end=\"1057\" \/>\u2022 Venkite kontakto su akimis \u2013 patekus, kruop\u0161\u010diai nuskalaukite<br data-start=\"1120\" data-end=\"1123\" \/>\u2022 Nutraukite naudojim\u0105 pasirei\u0161kus sudirgimui<br data-start=\"1168\" data-end=\"1171\" \/>\u2022 Laikykite vaikams nepasiekiamoje vietoje<\/p>\n<p data-start=\"1215\" data-end=\"1357\"><strong data-start=\"1215\" data-end=\"1235\">Laikymo s\u0105lygos:<\/strong><br data-start=\"1235\" data-end=\"1238\" \/>\u2022 Laikyti kambario temperat\u016broje (&lt; 30 \u00b0C), sausoje vietoje<br data-start=\"1297\" data-end=\"1300\" \/>\u2022 I\u0161laikyti produktyvumo bei \u0161vie\u017eumo, u\u017edaryt\u0105 sandariai<\/p>","protected":false},"excerpt":{"rendered":"<p>\u0160ilkin\u0117s tekst\u016bros serumas jautriai odai<\/p>","protected":false},"featured_media":11086,"comment_status":"open","ping_status":"closed","template":"","meta":[],"product_cat":[107],"product_tag":[],"class_list":{"0":"post-11085","1":"product","2":"type-product","3":"status-publish","4":"has-post-thumbnail","6":"product_cat-serumai","7":"pa_brands-decaar","8":"pa_talpa-30ml-2","9":"pa_talpa-50ml-2","11":"first","12":"instock","13":"taxable","14":"shipping-taxable","15":"purchasable","16":"product-type-variable"},"_links":{"self":[{"href":"https:\/\/miamedic.lt\/en\/wp-json\/wp\/v2\/product\/11085","targetHints":{"allow":["GET"]}}],"collection":[{"href":"https:\/\/miamedic.lt\/en\/wp-json\/wp\/v2\/product"}],"about":[{"href":"https:\/\/miamedic.lt\/en\/wp-json\/wp\/v2\/types\/product"}],"replies":[{"embeddable":true,"href":"https:\/\/miamedic.lt\/en\/wp-json\/wp\/v2\/comments?post=11085"}],"version-history":[{"count":3,"href":"https:\/\/miamedic.lt\/en\/wp-json\/wp\/v2\/product\/11085\/revisions"}],"predecessor-version":[{"id":12305,"href":"https:\/\/miamedic.lt\/en\/wp-json\/wp\/v2\/product\/11085\/revisions\/12305"}],"wp:featuredmedia":[{"embeddable":true,"href":"https:\/\/miamedic.lt\/en\/wp-json\/wp\/v2\/media\/11086"}],"wp:attachment":[{"href":"https:\/\/miamedic.lt\/en\/wp-json\/wp\/v2\/media?parent=11085"}],"wp:term":[{"taxonomy":"product_cat","embeddable":true,"href":"https:\/\/miamedic.lt\/en\/wp-json\/wp\/v2\/product_cat?post=11085"},{"taxonomy":"product_tag","embeddable":true,"href":"https:\/\/miamedic.lt\/en\/wp-json\/wp\/v2\/product_tag?post=11085"}],"curies":[{"name":"wp","href":"https:\/\/api.w.org\/{rel}","templated":true}]}}