{"id":11072,"date":"2025-08-29T16:50:42","date_gmt":"2025-08-29T16:50:42","guid":{"rendered":"https:\/\/miamedic.lt\/?post_type=product&#038;p=11072"},"modified":"2026-01-09T11:04:49","modified_gmt":"2026-01-09T11:04:49","slug":"sviesinantis-paakiu-kremas","status":"publish","type":"product","link":"https:\/\/miamedic.lt\/en\/shop\/sviesinantis-paakiu-kremas\/","title":{"rendered":"\u0160viesinantis paaki\u0173 kremas"},"content":{"rendered":"<p data-start=\"42\" data-end=\"179\"><strong data-start=\"42\" data-end=\"64\"><span class=\"relative -mx-px my-[-0.2rem] rounded px-px py-[0.2rem] transition-colors duration-100 ease-in-out\">D\u00c9CAAR Energizing eye cream &#8211; \u0160viesinantis paaki\u0173 kremas<\/span><\/strong><\/p>\n<p data-start=\"42\" data-end=\"179\"><span class=\"relative -mx-px my-[-0.2rem] rounded px-px py-[0.2rem] transition-colors duration-100 ease-in-out\">D\u00c9CAAR paaki\u0173 kremas ma\u017einantis paburkim\u0105 ir tamsius paakius \u2013 tai multifunkcin\u0117 priemon\u0117, skirta \u0161velniai ir jautriai aki\u0173 zonai.<\/span> <span class=\"relative -mx-px my-[-0.2rem] rounded px-px py-[0.2rem] transition-colors duration-100 ease-in-out\">Sud\u0117tyje esantys peptidai, amino r\u016bg\u0161tys ir vitaminas E ma\u017eina paburkim\u0105, tamsius ratilus bei smulkias rauk\u0161leles, atkuria odos stangrum\u0105 ir jaunatvi\u0161k\u0105 \u0161vyt\u0117jim\u0105.<\/span><\/p>\n<ul>\n<li data-start=\"674\" data-end=\"741\"><\/li>\n<\/ul>\n<p data-start=\"181\" data-end=\"275\"><strong data-start=\"181\" data-end=\"196\">Odos tipui:<\/strong><br data-start=\"196\" data-end=\"199\" \/><span class=\"relative -mx-px my-[-0.2rem] rounded px-px py-[0.2rem] transition-colors duration-100 ease-in-out\">Tinka visiems odos tipams, ypatingai jautriai ir brand\u017eiai paaki\u0173 odai.<\/span><\/p>\n<p data-start=\"277\" data-end=\"292\"><strong data-start=\"277\" data-end=\"290\">Poveikis:<\/strong><\/p>\n<ul data-start=\"293\" data-end=\"505\">\n<li data-start=\"293\" data-end=\"336\">\n<p data-start=\"295\" data-end=\"336\"><span class=\"relative -mx-px my-[-0.2rem] rounded px-px py-[0.2rem] transition-colors duration-100 ease-in-out\">Ma\u017eina paaki\u0173 paburkim\u0105 ir tamsius ratilus.<\/span><\/p>\n<\/li>\n<li data-start=\"337\" data-end=\"380\">\n<p data-start=\"339\" data-end=\"380\"><span class=\"relative -mx-px my-[-0.2rem] rounded px-px py-[0.2rem] transition-colors duration-100 ease-in-out\">Suma\u017eina smulkias rauk\u0161leles ir atkuria odos stangrum\u0105.<\/span><\/p>\n<\/li>\n<li data-start=\"381\" data-end=\"424\">\n<p data-start=\"383\" data-end=\"424\"><span class=\"relative -mx-px my-[-0.2rem] rounded px-px py-[0.2rem] transition-colors duration-100 ease-in-out\">Pagerina odos tekst\u016br\u0105 ir \u0161vyt\u0117jim\u0105.<\/span><\/p>\n<\/li>\n<li data-start=\"425\" data-end=\"505\">\n<p data-start=\"427\" data-end=\"505\"><span class=\"relative -mx-px my-[-0.2rem] rounded px-px py-[0.2rem] transition-colors duration-100 ease-in-out\">Stiprina odos apsaugin\u012f barjer\u0105.<\/span><\/p>\n<\/li>\n<\/ul>\n<p data-start=\"507\" data-end=\"643\"><strong data-start=\"507\" data-end=\"522\">Naudojimas:<\/strong><br data-start=\"522\" data-end=\"525\" \/><span class=\"relative -mx-px my-[-0.2rem] rounded px-px py-[0.2rem] transition-colors duration-100 ease-in-out\">Ryte ir vakare, ant \u0161variai nuvalytos odos, \u0161velniai tap\u0161nojant krem\u0105 \u012f paaki\u0173 srit\u012f ir i\u0161orinius kampu\u010dius, kol visi\u0161kai \u012fsigers.<\/span> <span class=\"relative -mx-px my-[-0.2rem] rounded px-px py-[0.2rem] transition-colors duration-100 ease-in-out\">Vengti patekimo \u012f akis<\/span><\/p>\n","protected":false},"excerpt":{"rendered":"<p><span class=\"relative -mx-px my-[-0.2rem] rounded px-px py-[0.2rem] transition-colors duration-100 ease-in-out\">Paaki\u0173 kremas ma\u017einantis paburkim\u0105 ir tamsius paakius<\/span><\/p>\n","protected":false},"featured_media":11073,"comment_status":"open","ping_status":"closed","template":"","meta":[],"product_cat":[83],"product_tag":[],"class_list":{"0":"post-11072","1":"product","2":"type-product","3":"status-publish","4":"has-post-thumbnail","6":"product_cat-paakiu-kremai","7":"pa_brands-decaar","8":"pa_talpa-20ml","9":"pa_talpa-50ml-2","11":"first","12":"instock","13":"taxable","14":"shipping-taxable","15":"purchasable","16":"product-type-variable"},"_links":{"self":[{"href":"https:\/\/miamedic.lt\/en\/wp-json\/wp\/v2\/product\/11072","targetHints":{"allow":["GET"]}}],"collection":[{"href":"https:\/\/miamedic.lt\/en\/wp-json\/wp\/v2\/product"}],"about":[{"href":"https:\/\/miamedic.lt\/en\/wp-json\/wp\/v2\/types\/product"}],"replies":[{"embeddable":true,"href":"https:\/\/miamedic.lt\/en\/wp-json\/wp\/v2\/comments?post=11072"}],"version-history":[{"count":2,"href":"https:\/\/miamedic.lt\/en\/wp-json\/wp\/v2\/product\/11072\/revisions"}],"predecessor-version":[{"id":11082,"href":"https:\/\/miamedic.lt\/en\/wp-json\/wp\/v2\/product\/11072\/revisions\/11082"}],"wp:featuredmedia":[{"embeddable":true,"href":"https:\/\/miamedic.lt\/en\/wp-json\/wp\/v2\/media\/11073"}],"wp:attachment":[{"href":"https:\/\/miamedic.lt\/en\/wp-json\/wp\/v2\/media?parent=11072"}],"wp:term":[{"taxonomy":"product_cat","embeddable":true,"href":"https:\/\/miamedic.lt\/en\/wp-json\/wp\/v2\/product_cat?post=11072"},{"taxonomy":"product_tag","embeddable":true,"href":"https:\/\/miamedic.lt\/en\/wp-json\/wp\/v2\/product_tag?post=11072"}],"curies":[{"name":"wp","href":"https:\/\/api.w.org\/{rel}","templated":true}]}}