{"id":11056,"date":"2025-08-29T16:41:42","date_gmt":"2025-08-29T16:41:42","guid":{"rendered":"https:\/\/miamedic.lt\/?post_type=product&#038;p=11056"},"modified":"2026-01-09T11:04:17","modified_gmt":"2026-01-09T11:04:17","slug":"apsaugantis-kremas-su-spalva-spf50","status":"publish","type":"product","link":"https:\/\/miamedic.lt\/en\/shop\/apsaugantis-kremas-su-spalva-spf50\/","title":{"rendered":"Apsaugantis kremas su spalva SPF50"},"content":{"rendered":"<p data-start=\"40\" data-end=\"177\"><strong data-start=\"40\" data-end=\"62\"><span class=\"relative -mx-px my-[-0.2rem] rounded px-px py-[0.2rem] transition-colors duration-100 ease-in-out\">D\u00c9CAAR BB Oxygen cream SPF50 &#8211; Apsaugantis ir dr\u0117kinantis kremas su spalva<\/span><\/strong><br data-start=\"62\" data-end=\"65\" \/><span class=\"relative -mx-px my-[-0.2rem] rounded px-px py-[0.2rem] transition-colors duration-100 ease-in-out\">D\u00c9CAAR dr\u0117kinantis BB kremas su SPF50 \u2013 tai lengvos tekst\u016bros veido kremas, praturtintas deguonimi, skirtas kasdienei odos apsaugai ir dr\u0117kinimui.<\/span> <span class=\"relative -mx-px my-[-0.2rem] rounded px-px py-[0.2rem] transition-colors duration-100 ease-in-out\">\u0160is kremas ne tik apsaugo od\u0105 nuo \u017ealingo saul\u0117s poveikio, bet ir pagerina odos tonus\u0105 bei tekst\u016br\u0105.<\/span><\/p>\n<p data-start=\"179\" data-end=\"273\"><strong data-start=\"179\" data-end=\"194\">Odos tipui:<\/strong><br data-start=\"194\" data-end=\"197\" \/><span class=\"relative -mx-px my-[-0.2rem] rounded px-px py-[0.2rem] transition-colors duration-100 ease-in-out\">Tinka visiems odos tipams.<\/span><\/p>\n<p data-start=\"275\" data-end=\"290\"><strong data-start=\"275\" data-end=\"288\">Poveikis:<\/strong><\/p>\n<ul data-start=\"291\" data-end=\"547\">\n<li data-start=\"291\" data-end=\"334\">\n<p data-start=\"293\" data-end=\"334\"><span class=\"relative -mx-px my-[-0.2rem] rounded px-px py-[0.2rem] transition-colors duration-100 ease-in-out\">Apsaugo od\u0105 nuo UVA ir UVB spinduli\u0173 su SPF50 apsauga.<\/span><\/p>\n<\/li>\n<li data-start=\"335\" data-end=\"378\">\n<p data-start=\"337\" data-end=\"378\"><span class=\"relative -mx-px my-[-0.2rem] rounded px-px py-[0.2rem] transition-colors duration-100 ease-in-out\">Prisitaiko prie odos atspalvio, suteikdamas nat\u016bral\u0173 ir tolyg\u0173 \u012fvaizd\u012f.<\/span><\/p>\n<\/li>\n<li data-start=\"379\" data-end=\"422\">\n<p data-start=\"381\" data-end=\"422\"><span class=\"relative -mx-px my-[-0.2rem] rounded px-px py-[0.2rem] transition-colors duration-100 ease-in-out\">Dr\u0117kina od\u0105 ir nepalieka riebaus lipnumo poj\u016b\u010dio.<\/span><\/p>\n<\/li>\n<li data-start=\"423\" data-end=\"466\">\n<p data-start=\"425\" data-end=\"466\"><span class=\"relative -mx-px my-[-0.2rem] rounded px-px py-[0.2rem] transition-colors duration-100 ease-in-out\">Pagerina odos tonus\u0105 ir tekst\u016br\u0105.<\/span><\/p>\n<\/li>\n<li data-start=\"467\" data-end=\"547\">\n<p data-start=\"469\" data-end=\"547\"><span class=\"relative -mx-px my-[-0.2rem] rounded px-px py-[0.2rem] transition-colors duration-100 ease-in-out\">Tinka naudoti kaip makia\u017eo pagrind\u0105.<\/span><\/p>\n<\/li>\n<\/ul>\n<p data-start=\"549\" data-end=\"725\"><strong data-start=\"549\" data-end=\"564\">Naudojimas:<\/strong><br data-start=\"564\" data-end=\"567\" \/><span class=\"relative -mx-px my-[-0.2rem] rounded px-px py-[0.2rem] transition-colors duration-100 ease-in-out\">Ryte, po odos valymo ir tonizavimo, u\u017etepkite nedidel\u012f kiek\u012f kremo ant veido odos.<\/span> <span class=\"relative -mx-px my-[-0.2rem] rounded px-px py-[0.2rem] transition-colors duration-100 ease-in-out\">\u0160velniai \u012fmasa\u017euokite, kol visi\u0161kai \u012fsigers.<\/span> <span class=\"relative -mx-px my-[-0.2rem] rounded px-px py-[0.2rem] transition-colors duration-100 ease-in-out\">Naudokite kaip paskutin\u012f odos prie\u017ei\u016bros ritualo \u017eingsn\u012f, prie\u0161 i\u0161\u0117jim\u0105 \u012f lauk\u0105.<\/span><\/p>\n","protected":false},"excerpt":{"rendered":"<p><span class=\"relative -mx-px my-[-0.2rem] rounded px-px py-[0.2rem] transition-colors duration-100 ease-in-out\">Lengvos tekst\u016bros veido kremas skirtas kasdienei odos apsaugai ir dr\u0117kinimui<\/span><\/p>\n","protected":false},"featured_media":11057,"comment_status":"open","ping_status":"closed","template":"","meta":[],"product_cat":[153],"product_tag":[],"class_list":{"0":"post-11056","1":"product","2":"type-product","3":"status-publish","4":"has-post-thumbnail","6":"product_cat-spf-veido-prieziura","7":"pa_brands-decaar","8":"pa_talpa-100ml","9":"pa_talpa-15ml","10":"pa_talpa-50ml-2","12":"first","13":"instock","14":"taxable","15":"shipping-taxable","16":"purchasable","17":"product-type-variable"},"_links":{"self":[{"href":"https:\/\/miamedic.lt\/en\/wp-json\/wp\/v2\/product\/11056","targetHints":{"allow":["GET"]}}],"collection":[{"href":"https:\/\/miamedic.lt\/en\/wp-json\/wp\/v2\/product"}],"about":[{"href":"https:\/\/miamedic.lt\/en\/wp-json\/wp\/v2\/types\/product"}],"replies":[{"embeddable":true,"href":"https:\/\/miamedic.lt\/en\/wp-json\/wp\/v2\/comments?post=11056"}],"version-history":[{"count":4,"href":"https:\/\/miamedic.lt\/en\/wp-json\/wp\/v2\/product\/11056\/revisions"}],"predecessor-version":[{"id":12307,"href":"https:\/\/miamedic.lt\/en\/wp-json\/wp\/v2\/product\/11056\/revisions\/12307"}],"wp:featuredmedia":[{"embeddable":true,"href":"https:\/\/miamedic.lt\/en\/wp-json\/wp\/v2\/media\/11057"}],"wp:attachment":[{"href":"https:\/\/miamedic.lt\/en\/wp-json\/wp\/v2\/media?parent=11056"}],"wp:term":[{"taxonomy":"product_cat","embeddable":true,"href":"https:\/\/miamedic.lt\/en\/wp-json\/wp\/v2\/product_cat?post=11056"},{"taxonomy":"product_tag","embeddable":true,"href":"https:\/\/miamedic.lt\/en\/wp-json\/wp\/v2\/product_tag?post=11056"}],"curies":[{"name":"wp","href":"https:\/\/api.w.org\/{rel}","templated":true}]}}