{"id":11051,"date":"2025-08-29T16:33:23","date_gmt":"2025-08-29T16:33:23","guid":{"rendered":"https:\/\/miamedic.lt\/?post_type=product&#038;p=11051"},"modified":"2026-01-09T11:02:54","modified_gmt":"2026-01-09T11:02:54","slug":"apsaugantis-ir-drekinantis-kremas-spf30","status":"publish","type":"product","link":"https:\/\/miamedic.lt\/en\/shop\/apsaugantis-ir-drekinantis-kremas-spf30\/","title":{"rendered":"Apsaugantis ir dr\u0117kinantis kremas SPF30"},"content":{"rendered":"<p data-start=\"42\" data-end=\"179\"><strong data-start=\"42\" data-end=\"64\"><span class=\"relative -mx-px my-[-0.2rem] rounded px-px py-[0.2rem] transition-colors duration-100 ease-in-out\">D\u00c9CAAR Oxygen cream SPF30 &#8211; Apsaugantis ir dr\u0117kinantis kremas SPF30<\/span><\/strong><br data-start=\"64\" data-end=\"67\" \/><span class=\"relative -mx-px my-[-0.2rem] rounded px-px py-[0.2rem] transition-colors duration-100 ease-in-out\">D\u00c9CAAR apsaugantis ir dr\u0117kinantis kremas su SPF30 \u2013 tai lengvos tekst\u016bros veido kremas, praturtintas deguonimi, skirtas kasdienei odos apsaugai ir dr\u0117kinimui.<\/span> <span class=\"relative -mx-px my-[-0.2rem] rounded px-px py-[0.2rem] transition-colors duration-100 ease-in-out\">\u0160is kremas ne tik apsaugo od\u0105 nuo \u017ealingo saul\u0117s poveikio, bet ir pagerina odos tonus\u0105 bei tekst\u016br\u0105.<\/span><\/p>\n<p data-start=\"181\" data-end=\"275\"><strong data-start=\"181\" data-end=\"196\">Odos tipui:<\/strong><br data-start=\"196\" data-end=\"199\" \/><span class=\"relative -mx-px my-[-0.2rem] rounded px-px py-[0.2rem] transition-colors duration-100 ease-in-out\">Tinka visiems odos tipams.<\/span><\/p>\n<p data-start=\"277\" data-end=\"292\"><strong data-start=\"277\" data-end=\"290\">Poveikis:<\/strong><\/p>\n<ul data-start=\"293\" data-end=\"549\">\n<li data-start=\"293\" data-end=\"336\">\n<p data-start=\"295\" data-end=\"336\"><span class=\"relative -mx-px my-[-0.2rem] rounded px-px py-[0.2rem] transition-colors duration-100 ease-in-out\">Apsaugo od\u0105 nuo UVA\/UVB spinduli\u0173 su SPF30 apsauga.<\/span><\/p>\n<\/li>\n<li data-start=\"337\" data-end=\"380\">\n<p data-start=\"339\" data-end=\"380\"><span class=\"relative -mx-px my-[-0.2rem] rounded px-px py-[0.2rem] transition-colors duration-100 ease-in-out\">Pagerina odos tonus\u0105 ir tekst\u016br\u0105.<\/span><\/p>\n<\/li>\n<li data-start=\"381\" data-end=\"424\">\n<p data-start=\"383\" data-end=\"424\"><span class=\"relative -mx-px my-[-0.2rem] rounded px-px py-[0.2rem] transition-colors duration-100 ease-in-out\">Skaistina od\u0105 ir ma\u017eina pigmentines d\u0117mes.<\/span><\/p>\n<\/li>\n<li data-start=\"425\" data-end=\"468\">\n<p data-start=\"427\" data-end=\"468\"><span class=\"relative -mx-px my-[-0.2rem] rounded px-px py-[0.2rem] transition-colors duration-100 ease-in-out\">Ma\u017eina smulkius spalvinius odos pakitimus.<\/span><\/p>\n<\/li>\n<li data-start=\"469\" data-end=\"549\">\n<p data-start=\"471\" data-end=\"549\"><span class=\"relative -mx-px my-[-0.2rem] rounded px-px py-[0.2rem] transition-colors duration-100 ease-in-out\">Tinka naudoti kaip makia\u017eo baz\u0117, suteikia odai sveiko \u0161vyt\u0117jimo.<\/span><\/p>\n<\/li>\n<\/ul>\n<p data-start=\"551\" data-end=\"687\"><strong data-start=\"551\" data-end=\"566\">Naudojimas:<\/strong><br data-start=\"566\" data-end=\"569\" \/><span class=\"relative -mx-px my-[-0.2rem] rounded px-px py-[0.2rem] transition-colors duration-100 ease-in-out\">Ryte, po odos valymo ir tonizavimo, u\u017etepkite krem\u0105 ant veido odos.<\/span> <span class=\"relative -mx-px my-[-0.2rem] rounded px-px py-[0.2rem] transition-colors duration-100 ease-in-out\">Naudokite kaip paskutin\u012f odos prie\u017ei\u016bros ritualo \u017eingsn\u012f, prie\u0161 i\u0161\u0117jim\u0105 \u012f lauk\u0105.<\/span><\/p>\n","protected":false},"excerpt":{"rendered":"<p><span class=\"relative -mx-px my-[-0.2rem] rounded px-px py-[0.2rem] transition-colors duration-100 ease-in-out\">Lengvos tekst\u016bros veido kremas, praturtintas deguonimi<\/span><\/p>\n","protected":false},"featured_media":11052,"comment_status":"open","ping_status":"closed","template":"","meta":[],"product_cat":[153],"product_tag":[],"class_list":{"0":"post-11051","1":"product","2":"type-product","3":"status-publish","4":"has-post-thumbnail","6":"product_cat-spf-veido-prieziura","7":"pa_brands-decaar","8":"pa_talpa-100ml","9":"pa_talpa-50ml-2","11":"first","12":"instock","13":"taxable","14":"shipping-taxable","15":"purchasable","16":"product-type-variable"},"_links":{"self":[{"href":"https:\/\/miamedic.lt\/en\/wp-json\/wp\/v2\/product\/11051","targetHints":{"allow":["GET"]}}],"collection":[{"href":"https:\/\/miamedic.lt\/en\/wp-json\/wp\/v2\/product"}],"about":[{"href":"https:\/\/miamedic.lt\/en\/wp-json\/wp\/v2\/types\/product"}],"replies":[{"embeddable":true,"href":"https:\/\/miamedic.lt\/en\/wp-json\/wp\/v2\/comments?post=11051"}],"version-history":[{"count":3,"href":"https:\/\/miamedic.lt\/en\/wp-json\/wp\/v2\/product\/11051\/revisions"}],"predecessor-version":[{"id":12308,"href":"https:\/\/miamedic.lt\/en\/wp-json\/wp\/v2\/product\/11051\/revisions\/12308"}],"wp:featuredmedia":[{"embeddable":true,"href":"https:\/\/miamedic.lt\/en\/wp-json\/wp\/v2\/media\/11052"}],"wp:attachment":[{"href":"https:\/\/miamedic.lt\/en\/wp-json\/wp\/v2\/media?parent=11051"}],"wp:term":[{"taxonomy":"product_cat","embeddable":true,"href":"https:\/\/miamedic.lt\/en\/wp-json\/wp\/v2\/product_cat?post=11051"},{"taxonomy":"product_tag","embeddable":true,"href":"https:\/\/miamedic.lt\/en\/wp-json\/wp\/v2\/product_tag?post=11051"}],"curies":[{"name":"wp","href":"https:\/\/api.w.org\/{rel}","templated":true}]}}