{"id":11046,"date":"2025-08-29T16:26:50","date_gmt":"2025-08-29T16:26:50","guid":{"rendered":"https:\/\/miamedic.lt\/?post_type=product&#038;p=11046"},"modified":"2026-01-09T11:02:00","modified_gmt":"2026-01-09T11:02:00","slug":"drekinantis-kremas-su-deguonimi","status":"publish","type":"product","link":"https:\/\/miamedic.lt\/en\/shop\/drekinantis-kremas-su-deguonimi\/","title":{"rendered":"Dr\u0117kinantis kremas su deguonimi"},"content":{"rendered":"<p data-start=\"40\" data-end=\"114\"><span class=\"relative -mx-px my-[-0.2rem] rounded px-px py-[0.2rem] transition-colors duration-100 ease-in-out\"><strong data-start=\"0\" data-end=\"42\" data-is-last-node=\"\" data-is-only-node=\"\">D\u00c9CAAR Oxygen hydro 24hr &#8211; dr\u0117kinantis kremas su deguonimi<\/strong><\/span><\/p>\n<p data-start=\"116\" data-end=\"255\"><strong data-start=\"116\" data-end=\"138\">Trumpas apra\u0161ymas:<\/strong><br data-start=\"138\" data-end=\"141\" \/><span class=\"relative -mx-px my-[-0.2rem] rounded px-px py-[0.2rem] transition-colors duration-100 ease-in-out\">\u0160is intensyviai dr\u0117kinantis veido kremas su deguonimi suteikia odai \u0161ilko \u0161velnumo ir \u0161vyt\u0117jimo.<\/span> <span class=\"relative -mx-px my-[-0.2rem] rounded px-px py-[0.2rem] transition-colors duration-100 ease-in-out\">Sud\u0117tyje esantis perfluorodekalinas net 49% padidina deguonies \u012fsisavinim\u0105, o kitos veikliosios med\u017eiagos sprend\u017eia sausumo, dehidratacijos ir odos diskomforto problemas.<\/span><\/p>\n<p data-start=\"257\" data-end=\"353\"><strong data-start=\"257\" data-end=\"272\">Odos tipui:<\/strong><br data-start=\"272\" data-end=\"275\" \/><span class=\"relative -mx-px my-[-0.2rem] rounded px-px py-[0.2rem] transition-colors duration-100 ease-in-out\">Tinka normaliai, sausai ir jautriai odai.<\/span><\/p>\n<p data-start=\"355\" data-end=\"370\"><strong data-start=\"355\" data-end=\"368\">Poveikis:<\/strong><\/p>\n<ul data-start=\"371\" data-end=\"627\">\n<li data-start=\"371\" data-end=\"414\">\n<p data-start=\"373\" data-end=\"414\"><span class=\"relative -mx-px my-[-0.2rem] rounded px-px py-[0.2rem] transition-colors duration-100 ease-in-out\">Intensyviai dr\u0117kina od\u0105 ir palaiko jos dr\u0117gm\u0117s balans\u0105.<\/span><\/p>\n<\/li>\n<li data-start=\"415\" data-end=\"458\">\n<p data-start=\"417\" data-end=\"458\"><span class=\"relative -mx-px my-[-0.2rem] rounded px-px py-[0.2rem] transition-colors duration-100 ease-in-out\">Suteikia odai \u0161ilko \u0161velnumo ir \u0161vyt\u0117jimo.<\/span><\/p>\n<\/li>\n<li data-start=\"459\" data-end=\"502\">\n<p data-start=\"461\" data-end=\"502\"><span class=\"relative -mx-px my-[-0.2rem] rounded px-px py-[0.2rem] transition-colors duration-100 ease-in-out\">Ma\u017eina smulkias rauk\u0161leles ir randelius po b\u0117rim\u0173.<\/span><\/p>\n<\/li>\n<li data-start=\"503\" data-end=\"546\">\n<p data-start=\"505\" data-end=\"546\"><span class=\"relative -mx-px my-[-0.2rem] rounded px-px py-[0.2rem] transition-colors duration-100 ease-in-out\">Ramina od\u0105 ir ma\u017eina paraudim\u0105 bei pleiskanojim\u0105.<\/span><\/p>\n<\/li>\n<li data-start=\"547\" data-end=\"627\">\n<p data-start=\"549\" data-end=\"627\"><span class=\"relative -mx-px my-[-0.2rem] rounded px-px py-[0.2rem] transition-colors duration-100 ease-in-out\">Stiprina odos apsaugin\u012f barjer\u0105 ir apsaugo j\u0105 nuo \u017ealingo aplinkos poveikio<\/span><\/p>\n<\/li>\n<\/ul>\n<p data-start=\"629\" data-end=\"805\"><strong data-start=\"629\" data-end=\"644\">Naudojimas:<\/strong><br data-start=\"644\" data-end=\"647\" \/><span class=\"relative -mx-px my-[-0.2rem] rounded px-px py-[0.2rem] transition-colors duration-100 ease-in-out\">Ryte ir vakare, po veido valymo ir tonizavimo, u\u017ela\u0161inkite nedidel\u012f kiek\u012f kremo ant veido odos.<\/span> <span class=\"relative -mx-px my-[-0.2rem] rounded px-px py-[0.2rem] transition-colors duration-100 ease-in-out\">\u0160velniai \u012fmasa\u017euokite, kol visi\u0161kai \u012fsigers.<\/span> <span class=\"relative -mx-px my-[-0.2rem] rounded px-px py-[0.2rem] transition-colors duration-100 ease-in-out\">Geriausiems rezultatams pasiekti, prie\u0161 krem\u0105 naudokite m\u0117gstam\u0105 D\u00c9CAAR veido serum\u0105 ar gel\u012f.<\/span><\/p>\n","protected":false},"excerpt":{"rendered":"<p><span class=\"relative -mx-px my-[-0.2rem] rounded px-px py-[0.2rem] transition-colors duration-100 ease-in-out\">Intensyviai dr\u0117kinantis veido kremas su deguonimi <\/span><\/p>\n","protected":false},"featured_media":11047,"comment_status":"open","ping_status":"closed","template":"","meta":[],"product_cat":[129],"product_tag":[],"class_list":{"0":"post-11046","1":"product","2":"type-product","3":"status-publish","4":"has-post-thumbnail","6":"product_cat-veido-kremai","7":"pa_brands-decaar","8":"pa_talpa-100ml","9":"pa_talpa-50ml-2","11":"first","12":"instock","13":"taxable","14":"shipping-taxable","15":"purchasable","16":"product-type-variable"},"_links":{"self":[{"href":"https:\/\/miamedic.lt\/en\/wp-json\/wp\/v2\/product\/11046","targetHints":{"allow":["GET"]}}],"collection":[{"href":"https:\/\/miamedic.lt\/en\/wp-json\/wp\/v2\/product"}],"about":[{"href":"https:\/\/miamedic.lt\/en\/wp-json\/wp\/v2\/types\/product"}],"replies":[{"embeddable":true,"href":"https:\/\/miamedic.lt\/en\/wp-json\/wp\/v2\/comments?post=11046"}],"version-history":[{"count":3,"href":"https:\/\/miamedic.lt\/en\/wp-json\/wp\/v2\/product\/11046\/revisions"}],"predecessor-version":[{"id":12309,"href":"https:\/\/miamedic.lt\/en\/wp-json\/wp\/v2\/product\/11046\/revisions\/12309"}],"wp:featuredmedia":[{"embeddable":true,"href":"https:\/\/miamedic.lt\/en\/wp-json\/wp\/v2\/media\/11047"}],"wp:attachment":[{"href":"https:\/\/miamedic.lt\/en\/wp-json\/wp\/v2\/media?parent=11046"}],"wp:term":[{"taxonomy":"product_cat","embeddable":true,"href":"https:\/\/miamedic.lt\/en\/wp-json\/wp\/v2\/product_cat?post=11046"},{"taxonomy":"product_tag","embeddable":true,"href":"https:\/\/miamedic.lt\/en\/wp-json\/wp\/v2\/product_tag?post=11046"}],"curies":[{"name":"wp","href":"https:\/\/api.w.org\/{rel}","templated":true}]}}