{"id":11041,"date":"2025-08-29T16:22:28","date_gmt":"2025-08-29T16:22:28","guid":{"rendered":"https:\/\/miamedic.lt\/?post_type=product&#038;p=11041"},"modified":"2026-01-09T11:01:15","modified_gmt":"2026-01-09T11:01:15","slug":"oxygen-serumas-su-deguonimi","status":"publish","type":"product","link":"https:\/\/miamedic.lt\/en\/shop\/oxygen-serumas-su-deguonimi\/","title":{"rendered":"Oxygen serumas su deguonimi"},"content":{"rendered":"<p data-start=\"0\" data-end=\"74\"><span class=\"relative -mx-px my-[-0.2rem] rounded px-px py-[0.2rem] transition-colors duration-100 ease-in-out\"><strong data-start=\"0\" data-end=\"47\" data-is-last-node=\"\" data-is-only-node=\"\">D\u00c9CAAR Oxygen serum+ &#8211; Serumas su deguonimi<\/strong><\/span><\/p>\n<p data-start=\"76\" data-end=\"232\"><span class=\"relative -mx-px my-[-0.2rem] rounded px-px py-[0.2rem] transition-colors duration-100 ease-in-out\"><strong data-start=\"0\" data-end=\"22\" data-is-last-node=\"\" data-is-only-node=\"\">Trumpas apra\u0161ymas:<\/strong><\/span><br data-start=\"113\" data-end=\"116\" \/><span class=\"relative -mx-px my-[-0.2rem] rounded px-px py-[0.2rem] transition-colors duration-100 ease-in-out\">\u0160is unikalus veido serumas su deguonimi, praturtintas perfluorodekalinu ir amino r\u016bg\u0161timis, suteikia odai energijos, dr\u0117kina ir ma\u017eina smulkias rauk\u0161leles.<\/span> <span class=\"relative -mx-px my-[-0.2rem] rounded px-px py-[0.2rem] transition-colors duration-100 ease-in-out\">Tinka visiems odos tipams, \u012fskaitant jautri\u0105 od\u0105.<\/span><\/p>\n<p data-start=\"234\" data-end=\"354\"><span class=\"relative -mx-px my-[-0.2rem] rounded px-px py-[0.2rem] transition-colors duration-100 ease-in-out\"><strong data-start=\"0\" data-end=\"15\" data-is-last-node=\"\" data-is-only-node=\"\">Odos tipui:<\/strong><\/span><br data-start=\"273\" data-end=\"276\" \/><span class=\"relative -mx-px my-[-0.2rem] rounded px-px py-[0.2rem] transition-colors duration-100 ease-in-out\">Tinka visiems odos tipams.<\/span><\/p>\n<p data-start=\"356\" data-end=\"397\"><span class=\"relative -mx-px my-[-0.2rem] rounded px-px py-[0.2rem] transition-colors duration-100 ease-in-out\"><strong data-start=\"0\" data-end=\"13\" data-is-last-node=\"\" data-is-only-node=\"\">Poveikis:<\/strong><\/span><\/p>\n<ul data-start=\"398\" data-end=\"654\">\n<li data-start=\"398\" data-end=\"441\">\n<p data-start=\"400\" data-end=\"441\"><span class=\"relative -mx-px my-[-0.2rem] rounded px-px py-[0.2rem] transition-colors duration-100 ease-in-out\">Energizuoja ir atgaivina od\u0105.<\/span><\/p>\n<\/li>\n<li data-start=\"442\" data-end=\"485\">\n<p data-start=\"444\" data-end=\"485\"><span class=\"relative -mx-px my-[-0.2rem] rounded px-px py-[0.2rem] transition-colors duration-100 ease-in-out\">Dr\u0117kina ir palaiko odos dr\u0117gm\u0117s balans\u0105.<\/span><\/p>\n<\/li>\n<li data-start=\"486\" data-end=\"529\">\n<p data-start=\"488\" data-end=\"529\"><span class=\"relative -mx-px my-[-0.2rem] rounded px-px py-[0.2rem] transition-colors duration-100 ease-in-out\">Suma\u017eina smulkias rauk\u0161leles ir linijas.<\/span><\/p>\n<\/li>\n<li data-start=\"530\" data-end=\"573\">\n<p data-start=\"532\" data-end=\"573\"><span class=\"relative -mx-px my-[-0.2rem] rounded px-px py-[0.2rem] transition-colors duration-100 ease-in-out\">Pagerina odos elastingum\u0105 ir tonus\u0105.<\/span><\/p>\n<\/li>\n<li data-start=\"574\" data-end=\"654\">\n<p data-start=\"576\" data-end=\"654\"><span class=\"relative -mx-px my-[-0.2rem] rounded px-px py-[0.2rem] transition-colors duration-100 ease-in-out\">Apsaugo od\u0105 nuo \u017ealingo aplinkos poveikio.<\/span><\/p>\n<\/li>\n<\/ul>\n<p data-start=\"656\" data-end=\"856\"><span class=\"relative -mx-px my-[-0.2rem] rounded px-px py-[0.2rem] transition-colors duration-100 ease-in-out\"><strong data-start=\"0\" data-end=\"15\" data-is-last-node=\"\" data-is-only-node=\"\">Naudojimas:<\/strong><\/span><br data-start=\"695\" data-end=\"698\" \/><span class=\"relative -mx-px my-[-0.2rem] rounded px-px py-[0.2rem] transition-colors duration-100 ease-in-out\">Ryte ir vakare, po veido valymo ir tonizavimo, u\u017ela\u0161inkite 1\u20132 la\u0161us serumo ant pir\u0161t\u0173 galiuk\u0173.<\/span> <span class=\"relative -mx-px my-[-0.2rem] rounded px-px py-[0.2rem] transition-colors duration-100 ease-in-out\">\u0160velniai su\u0161ildykite ir sukamaisiais judesiais \u012fmasa\u017euokite \u012f od\u0105.<\/span> <span class=\"relative -mx-px my-[-0.2rem] rounded px-px py-[0.2rem] transition-colors duration-100 ease-in-out\">Geriausiems rezultatams pasiekti, toliau naudokite m\u0117gstam\u0105 D\u00c9CAAR veido krem\u0105.<\/span><\/p>\n","protected":false},"excerpt":{"rendered":"<p><span class=\"relative -mx-px my-[-0.2rem] rounded px-px py-[0.2rem] transition-colors duration-100 ease-in-out\">Unikalus veido serumas su deguonimi<\/span><\/p>\n","protected":false},"featured_media":11042,"comment_status":"open","ping_status":"closed","template":"","meta":[],"product_cat":[107],"product_tag":[],"class_list":{"0":"post-11041","1":"product","2":"type-product","3":"status-publish","4":"has-post-thumbnail","6":"product_cat-serumai","7":"pa_brands-decaar","8":"pa_talpa-20ml","9":"pa_talpa-50ml-2","11":"first","12":"instock","13":"taxable","14":"shipping-taxable","15":"purchasable","16":"product-type-variable"},"_links":{"self":[{"href":"https:\/\/miamedic.lt\/en\/wp-json\/wp\/v2\/product\/11041","targetHints":{"allow":["GET"]}}],"collection":[{"href":"https:\/\/miamedic.lt\/en\/wp-json\/wp\/v2\/product"}],"about":[{"href":"https:\/\/miamedic.lt\/en\/wp-json\/wp\/v2\/types\/product"}],"replies":[{"embeddable":true,"href":"https:\/\/miamedic.lt\/en\/wp-json\/wp\/v2\/comments?post=11041"}],"version-history":[{"count":3,"href":"https:\/\/miamedic.lt\/en\/wp-json\/wp\/v2\/product\/11041\/revisions"}],"predecessor-version":[{"id":12310,"href":"https:\/\/miamedic.lt\/en\/wp-json\/wp\/v2\/product\/11041\/revisions\/12310"}],"wp:featuredmedia":[{"embeddable":true,"href":"https:\/\/miamedic.lt\/en\/wp-json\/wp\/v2\/media\/11042"}],"wp:attachment":[{"href":"https:\/\/miamedic.lt\/en\/wp-json\/wp\/v2\/media?parent=11041"}],"wp:term":[{"taxonomy":"product_cat","embeddable":true,"href":"https:\/\/miamedic.lt\/en\/wp-json\/wp\/v2\/product_cat?post=11041"},{"taxonomy":"product_tag","embeddable":true,"href":"https:\/\/miamedic.lt\/en\/wp-json\/wp\/v2\/product_tag?post=11041"}],"curies":[{"name":"wp","href":"https:\/\/api.w.org\/{rel}","templated":true}]}}