{"id":11033,"date":"2025-08-29T16:16:18","date_gmt":"2025-08-29T16:16:18","guid":{"rendered":"https:\/\/miamedic.lt\/?post_type=product&#038;p=11033"},"modified":"2026-01-09T11:00:08","modified_gmt":"2026-01-09T11:00:08","slug":"oxygen-gelis-su-deguonimi","status":"publish","type":"product","link":"https:\/\/miamedic.lt\/en\/shop\/oxygen-gelis-su-deguonimi\/","title":{"rendered":"Oxygen gelis su deguonimi"},"content":{"rendered":"<p data-start=\"40\" data-end=\"77\"><strong data-start=\"40\" data-end=\"77\">Decaar Oxygen gel &#8211; Gelis su deguonimi<\/strong><\/p>\n<p data-start=\"79\" data-end=\"336\"><strong data-start=\"79\" data-end=\"101\">Trumpas apra\u0161ymas:<\/strong><br data-start=\"101\" data-end=\"104\" \/><span class=\"relative -mx-px my-[-0.2rem] rounded px-px py-[0.2rem] transition-colors duration-100 ease-in-out\">\u0160is energizuojantis ir regeneruojantis veido gelis palaiko odos dr\u0117gm\u0119, sveik\u0105 i\u0161vaizd\u0105 ir \u0161vyt\u0117jim\u0105. Padeda palaikyti lygesn\u0119, stangresn\u0119 od\u0105 ir apsaugoti nuo b\u016bsim\u0173 sen\u0117jimo po\u017eymi\u0173.<\/span> <span class=\"relative -mx-px my-[-0.2rem] rounded px-px py-[0.2rem] transition-colors duration-100 ease-in-out\">\u0160is gelis pagerina kit\u0173 priemoni\u0173 \u012fsiskverbim\u0105 ir efektyvum\u0105.<\/span> <span class=\"relative -mx-px my-[-0.2rem] rounded px-px py-[0.2rem] transition-colors duration-100 ease-in-out\">Jame esantis perfluorodekalinas net 49% padidina deguonies \u012fsisavinim\u0105.<\/span> <span class=\"relative -mx-px my-[-0.2rem] rounded px-px py-[0.2rem] transition-colors duration-100 ease-in-out\">\u0160is gelis skirtas ne tik veido, bet ir k\u016bno odai.<\/span> <span class=\"relative -mx-px my-[-0.2rem] rounded px-px py-[0.2rem] transition-colors duration-100 ease-in-out\">Jis pagerina psoriaz\u0117s ir \u017evynelin\u0117s kamuojamos odos i\u0161vaizd\u0105<\/span><\/p>\n<p data-start=\"338\" data-end=\"434\"><strong data-start=\"338\" data-end=\"353\">Odos tipui:<\/strong><br data-start=\"353\" data-end=\"356\" \/><span class=\"relative -mx-px my-[-0.2rem] rounded px-px py-[0.2rem] transition-colors duration-100 ease-in-out\">Tinka visiems odos tipams, \u012fskaitant jautri\u0105 od\u0105.<\/span><\/p>\n<p data-start=\"436\" data-end=\"451\"><strong data-start=\"436\" data-end=\"449\">Poveikis:<\/strong><\/p>\n<ul data-start=\"452\" data-end=\"796\">\n<li data-start=\"452\" data-end=\"495\">\n<p data-start=\"454\" data-end=\"495\"><span class=\"relative -mx-px my-[-0.2rem] rounded px-px py-[0.2rem] transition-colors duration-100 ease-in-out\">Energizuoja ir regeneruoja od\u0105.<\/span><\/p>\n<\/li>\n<li data-start=\"496\" data-end=\"539\">\n<p data-start=\"498\" data-end=\"539\"><span class=\"relative -mx-px my-[-0.2rem] rounded px-px py-[0.2rem] transition-colors duration-100 ease-in-out\">Padeda palaikyti odos dr\u0117gm\u0119 ir sveik\u0105 i\u0161vaizd\u0105.<\/span><\/p>\n<\/li>\n<li data-start=\"540\" data-end=\"583\">\n<p data-start=\"542\" data-end=\"583\"><span class=\"relative -mx-px my-[-0.2rem] rounded px-px py-[0.2rem] transition-colors duration-100 ease-in-out\">Suteikia odai \u0161vyt\u0117jimo.<\/span><\/p>\n<\/li>\n<li data-start=\"584\" data-end=\"627\">\n<p data-start=\"586\" data-end=\"627\"><span class=\"relative -mx-px my-[-0.2rem] rounded px-px py-[0.2rem] transition-colors duration-100 ease-in-out\">Pagerina odos elastingum\u0105 ir stangrum\u0105.<\/span><\/p>\n<\/li>\n<li data-start=\"628\" data-end=\"671\">\n<p data-start=\"630\" data-end=\"671\"><span class=\"relative -mx-px my-[-0.2rem] rounded px-px py-[0.2rem] transition-colors duration-100 ease-in-out\">Apsaugo nuo b\u016bsim\u0173 sen\u0117jimo po\u017eymi\u0173.<\/span><\/p>\n<\/li>\n<li data-start=\"672\" data-end=\"715\">\n<p data-start=\"674\" data-end=\"715\"><span class=\"relative -mx-px my-[-0.2rem] rounded px-px py-[0.2rem] transition-colors duration-100 ease-in-out\">Pagerina kit\u0173 priemoni\u0173 \u012fsiskverbim\u0105 ir efektyvum\u0105.<\/span><\/p>\n<\/li>\n<li data-start=\"716\" data-end=\"796\">\n<p data-start=\"718\" data-end=\"796\"><span class=\"relative -mx-px my-[-0.2rem] rounded px-px py-[0.2rem] transition-colors duration-100 ease-in-out\">Tinka naudoti po kosmetini\u0173 proced\u016br\u0173<\/span><\/p>\n<\/li>\n<\/ul>\n<p data-start=\"798\" data-end=\"1014\"><strong data-start=\"798\" data-end=\"813\">Naudojimas:<\/strong><br data-start=\"813\" data-end=\"816\" \/><span class=\"relative -mx-px my-[-0.2rem] rounded px-px py-[0.2rem] transition-colors duration-100 ease-in-out\">Nedidel\u012f kiek\u012f gelio tepkite ant nuvalytos ir tonizuotos odos.<\/span> <span class=\"relative -mx-px my-[-0.2rem] rounded px-px py-[0.2rem] transition-colors duration-100 ease-in-out\">Geliui d\u017ei\u016bstant i\u0161 karto pajusite, kaip oda stangr\u0117ja.<\/span> <span class=\"relative -mx-px my-[-0.2rem] rounded px-px py-[0.2rem] transition-colors duration-100 ease-in-out\">Gelio maistingosios med\u017eiagos maitina od\u0105 ir atkuria ideali\u0105 dr\u0117gm\u0117s pusiausvyr\u0105.<\/span> <span class=\"relative -mx-px my-[-0.2rem] rounded px-px py-[0.2rem] transition-colors duration-100 ease-in-out\">Naudokite 1\u20132 kartus per dien\u0105<\/span><\/p>\n","protected":false},"excerpt":{"rendered":"<p><span class=\"relative -mx-px my-[-0.2rem] rounded px-px py-[0.2rem] transition-colors duration-100 ease-in-out\">Energizuojantis ir regeneruojantis veido gelis<\/span><\/p>\n","protected":false},"featured_media":11035,"comment_status":"open","ping_status":"closed","template":"","meta":[],"product_cat":[129],"product_tag":[],"class_list":{"0":"post-11033","1":"product","2":"type-product","3":"status-publish","4":"has-post-thumbnail","6":"product_cat-veido-kremai","7":"pa_brands-decaar","8":"pa_talpa-100ml","9":"pa_talpa-15ml","10":"pa_talpa-50ml-2","12":"first","13":"instock","14":"taxable","15":"shipping-taxable","16":"purchasable","17":"product-type-variable"},"_links":{"self":[{"href":"https:\/\/miamedic.lt\/en\/wp-json\/wp\/v2\/product\/11033","targetHints":{"allow":["GET"]}}],"collection":[{"href":"https:\/\/miamedic.lt\/en\/wp-json\/wp\/v2\/product"}],"about":[{"href":"https:\/\/miamedic.lt\/en\/wp-json\/wp\/v2\/types\/product"}],"replies":[{"embeddable":true,"href":"https:\/\/miamedic.lt\/en\/wp-json\/wp\/v2\/comments?post=11033"}],"version-history":[{"count":4,"href":"https:\/\/miamedic.lt\/en\/wp-json\/wp\/v2\/product\/11033\/revisions"}],"predecessor-version":[{"id":12312,"href":"https:\/\/miamedic.lt\/en\/wp-json\/wp\/v2\/product\/11033\/revisions\/12312"}],"wp:featuredmedia":[{"embeddable":true,"href":"https:\/\/miamedic.lt\/en\/wp-json\/wp\/v2\/media\/11035"}],"wp:attachment":[{"href":"https:\/\/miamedic.lt\/en\/wp-json\/wp\/v2\/media?parent=11033"}],"wp:term":[{"taxonomy":"product_cat","embeddable":true,"href":"https:\/\/miamedic.lt\/en\/wp-json\/wp\/v2\/product_cat?post=11033"},{"taxonomy":"product_tag","embeddable":true,"href":"https:\/\/miamedic.lt\/en\/wp-json\/wp\/v2\/product_tag?post=11033"}],"curies":[{"name":"wp","href":"https:\/\/api.w.org\/{rel}","templated":true}]}}