{"id":11027,"date":"2025-08-29T16:09:27","date_gmt":"2025-08-29T16:09:27","guid":{"rendered":"https:\/\/miamedic.lt\/?post_type=product&#038;p=11027"},"modified":"2026-02-02T17:18:58","modified_gmt":"2026-02-02T17:18:58","slug":"oxygen-kauke-su-deguonimi","status":"publish","type":"product","link":"https:\/\/miamedic.lt\/en\/shop\/oxygen-kauke-su-deguonimi\/","title":{"rendered":"Oxygen kauk\u0117 su deguonimi"},"content":{"rendered":"<p data-start=\"40\" data-end=\"77\"><strong data-start=\"40\" data-end=\"77\">Decaar Oxygen Mask &#8211; Kauk\u0117 su deguonimi\u00a0<\/strong><\/p>\n<p data-start=\"79\" data-end=\"256\"><strong data-start=\"79\" data-end=\"101\">Trumpas apra\u0161ymas:<\/strong><br data-start=\"101\" data-end=\"104\" \/><span class=\"relative -mx-px my-[-0.2rem] rounded px-px py-[0.2rem] transition-colors duration-100 ease-in-out\">\u0160i prabangi veido kauk\u0117 su perfluorodekalinu, veikian\u010diu kaip deguonies ne\u0161iklis, energizuoja, detoksikuoja ir atgaivina pavargusi\u0105 od\u0105, suteikdama jai \u0161veln\u0173 \u0161vyt\u0117jim\u0105.<\/span> <span class=\"relative -mx-px my-[-0.2rem] rounded px-px py-[0.2rem] transition-colors duration-100 ease-in-out\">Trejopas deguonies mi\u0161inys suteikia odai molekulinio deguonies infuzij\u0105, kuri pa\u0161alina nuovargio bei sen\u0117jimo po\u017eymius ir palaiko gyvybin\u0119 energij\u0105.<\/span> <span class=\"relative -mx-px my-[-0.2rem] rounded px-px py-[0.2rem] transition-colors duration-100 ease-in-out\">\u0160is kompleksas praturtina od\u0105 papildomais jauninan\u010diais ingredientais, atkuria skaidr\u0173 spindes\u012f, elastingum\u0105 ir \u0161velni\u0105 bei glotni\u0105 od\u0105.<\/span><\/p>\n<p data-start=\"258\" data-end=\"354\"><strong data-start=\"258\" data-end=\"273\">Odos tipui:<\/strong><br data-start=\"273\" data-end=\"276\" \/><span class=\"relative -mx-px my-[-0.2rem] rounded px-px py-[0.2rem] transition-colors duration-100 ease-in-out\">Tinka visiems odos tipams.<\/span><\/p>\n<p data-start=\"356\" data-end=\"371\"><strong data-start=\"356\" data-end=\"369\">Poveikis:<\/strong><\/p>\n<ul data-start=\"372\" data-end=\"584\">\n<li data-start=\"372\" data-end=\"415\">\n<p data-start=\"374\" data-end=\"415\"><span class=\"relative -mx-px my-[-0.2rem] rounded px-px py-[0.2rem] transition-colors duration-100 ease-in-out\">Energizuoja ir detoksikuoja od\u0105.<\/span><\/p>\n<\/li>\n<li data-start=\"416\" data-end=\"459\">\n<p data-start=\"418\" data-end=\"459\"><span class=\"relative -mx-px my-[-0.2rem] rounded px-px py-[0.2rem] transition-colors duration-100 ease-in-out\">Ma\u017eina nuovargio ir sen\u0117jimo po\u017eymius.<\/span><\/p>\n<\/li>\n<li data-start=\"460\" data-end=\"503\">\n<p data-start=\"462\" data-end=\"503\"><span class=\"relative -mx-px my-[-0.2rem] rounded px-px py-[0.2rem] transition-colors duration-100 ease-in-out\">Suteikia odai \u0161vyt\u0117jimo ir elastingumo.<\/span><\/p>\n<\/li>\n<li data-start=\"504\" data-end=\"584\">\n<p data-start=\"506\" data-end=\"584\"><span class=\"relative -mx-px my-[-0.2rem] rounded px-px py-[0.2rem] transition-colors duration-100 ease-in-out\">Atkuria odos \u0161velnum\u0105 ir glotnum\u0105.<\/span><\/p>\n<\/li>\n<\/ul>\n<p><strong data-start=\"586\" data-end=\"601\">Naudojimas:<\/strong><br data-start=\"601\" data-end=\"604\" \/><span class=\"relative -mx-px my-[-0.2rem] rounded px-px py-[0.2rem] transition-colors duration-100 ease-in-out\">Nor\u0117dami pasiekti geriausi\u0173 rezultat\u0173, pirmiausiai naudokite Decaar veido prausikl\u012f ir veido \u0161veitikl\u012f.<\/span> <span class=\"relative -mx-px my-[-0.2rem] rounded px-px py-[0.2rem] transition-colors duration-100 ease-in-out\">Nedidel\u012f kiek\u012f kauk\u0117s \u0161velniais masa\u017euojamaisiais judesiais tepkite ant veido odos.<\/span> <span class=\"relative -mx-px my-[-0.2rem] rounded px-px py-[0.2rem] transition-colors duration-100 ease-in-out\">Nenuplaukite.<\/span> <span class=\"relative -mx-px my-[-0.2rem] rounded px-px py-[0.2rem] transition-colors duration-100 ease-in-out\">Rekomenduojame naudoti nak\u010diai prie\u0161 mieg\u0105.<\/span> <span class=\"relative -mx-px my-[-0.2rem] rounded px-px py-[0.2rem] transition-colors duration-100 ease-in-out\">Ryte visada naudokite apsaug\u0105 nuo saul\u0117s.<\/span><\/p>\n","protected":false},"excerpt":{"rendered":"<p><span class=\"relative -mx-px my-[-0.2rem] rounded px-px py-[0.2rem] transition-colors duration-100 ease-in-out\">Prabangi veido kauk\u0117 energizuoja, detoksikuoja ir atgaivina pavargusi\u0105 od\u0105<\/span><\/p>\n","protected":false},"featured_media":11028,"comment_status":"open","ping_status":"closed","template":"","meta":[],"product_cat":[420],"product_tag":[],"class_list":{"0":"post-11027","1":"product","2":"type-product","3":"status-publish","4":"has-post-thumbnail","6":"product_cat-veido-kaukes","7":"pa_brands-decaar","8":"pa_talpa-150ml","9":"pa_talpa-15ml","10":"pa_talpa-50ml-2","12":"first","13":"instock","14":"taxable","15":"shipping-taxable","16":"purchasable","17":"product-type-variable"},"_links":{"self":[{"href":"https:\/\/miamedic.lt\/en\/wp-json\/wp\/v2\/product\/11027","targetHints":{"allow":["GET"]}}],"collection":[{"href":"https:\/\/miamedic.lt\/en\/wp-json\/wp\/v2\/product"}],"about":[{"href":"https:\/\/miamedic.lt\/en\/wp-json\/wp\/v2\/types\/product"}],"replies":[{"embeddable":true,"href":"https:\/\/miamedic.lt\/en\/wp-json\/wp\/v2\/comments?post=11027"}],"version-history":[{"count":2,"href":"https:\/\/miamedic.lt\/en\/wp-json\/wp\/v2\/product\/11027\/revisions"}],"predecessor-version":[{"id":11034,"href":"https:\/\/miamedic.lt\/en\/wp-json\/wp\/v2\/product\/11027\/revisions\/11034"}],"wp:featuredmedia":[{"embeddable":true,"href":"https:\/\/miamedic.lt\/en\/wp-json\/wp\/v2\/media\/11028"}],"wp:attachment":[{"href":"https:\/\/miamedic.lt\/en\/wp-json\/wp\/v2\/media?parent=11027"}],"wp:term":[{"taxonomy":"product_cat","embeddable":true,"href":"https:\/\/miamedic.lt\/en\/wp-json\/wp\/v2\/product_cat?post=11027"},{"taxonomy":"product_tag","embeddable":true,"href":"https:\/\/miamedic.lt\/en\/wp-json\/wp\/v2\/product_tag?post=11027"}],"curies":[{"name":"wp","href":"https:\/\/api.w.org\/{rel}","templated":true}]}}