{"id":11022,"date":"2025-08-29T16:03:53","date_gmt":"2025-08-29T16:03:53","guid":{"rendered":"https:\/\/miamedic.lt\/?post_type=product&#038;p=11022"},"modified":"2026-01-09T10:58:43","modified_gmt":"2026-01-09T10:58:43","slug":"oxygen-sveitiklis-su-deguonimi","status":"publish","type":"product","link":"https:\/\/miamedic.lt\/en\/shop\/oxygen-sveitiklis-su-deguonimi\/","title":{"rendered":"Oxygen \u0161veitiklis su deguonimi"},"content":{"rendered":"<p data-start=\"42\" data-end=\"84\"><strong data-start=\"42\" data-end=\"84\">Decaar \u0160veitiklis su deguonimi \u2013 <span class=\"relative -mx-px my-[-0.2rem] rounded px-px py-[0.2rem] transition-colors duration-100 ease-in-out\">gelio pagrindo veido \u0161veitiklis<\/span><\/strong><\/p>\n<p data-start=\"86\" data-end=\"223\"><strong data-start=\"86\" data-end=\"108\">Trumpas apra\u0161ymas:<\/strong><br data-start=\"108\" data-end=\"111\" \/><span class=\"relative -mx-px my-[-0.2rem] rounded px-px py-[0.2rem] transition-colors duration-100 ease-in-out\">\u0160is gelio pagrindo veido \u0161veitiklis \u0161velniai eksfoliuoja od\u0105, apr\u016bpindamas j\u0105 deguonimi ir vitaminais, skatindamas odos funkcij\u0173 atk\u016brim\u0105.<\/span> <span class=\"relative -mx-px my-[-0.2rem] rounded px-px py-[0.2rem] transition-colors duration-100 ease-in-out\">Jis i\u0161valo poras, suteikia odai \u0161vyt\u0117jimo ir sveikos i\u0161vaizdos<\/span><\/p>\n<p data-start=\"225\" data-end=\"319\"><strong data-start=\"225\" data-end=\"240\">Odos tipui:<\/strong><br data-start=\"240\" data-end=\"243\" \/><span class=\"relative -mx-px my-[-0.2rem] rounded px-px py-[0.2rem] transition-colors duration-100 ease-in-out\">Tinka visiems odos tipams<\/span><\/p>\n<p data-start=\"321\" data-end=\"336\"><strong data-start=\"321\" data-end=\"334\">Poveikis:<\/strong><\/p>\n<ul data-start=\"337\" data-end=\"593\">\n<li data-start=\"337\" data-end=\"380\">\n<p data-start=\"339\" data-end=\"380\"><span class=\"relative -mx-px my-[-0.2rem] rounded px-px py-[0.2rem] transition-colors duration-100 ease-in-out\">\u0160velniai eksfoliuoja od\u0105.<\/span><\/p>\n<\/li>\n<li data-start=\"381\" data-end=\"424\">\n<p data-start=\"383\" data-end=\"424\"><span class=\"relative -mx-px my-[-0.2rem] rounded px-px py-[0.2rem] transition-colors duration-100 ease-in-out\">Apr\u016bpina od\u0105 deguonimi ir vitaminais.<\/span><\/p>\n<\/li>\n<li data-start=\"425\" data-end=\"468\">\n<p data-start=\"427\" data-end=\"468\"><span class=\"relative -mx-px my-[-0.2rem] rounded px-px py-[0.2rem] transition-colors duration-100 ease-in-out\">Skatina odos funkcij\u0173 atk\u016brim\u0105.<\/span><\/p>\n<\/li>\n<li data-start=\"469\" data-end=\"512\">\n<p data-start=\"471\" data-end=\"512\"><span class=\"relative -mx-px my-[-0.2rem] rounded px-px py-[0.2rem] transition-colors duration-100 ease-in-out\">I\u0161valo poras.<\/span><\/p>\n<\/li>\n<li data-start=\"513\" data-end=\"593\">\n<p data-start=\"515\" data-end=\"593\"><span class=\"relative -mx-px my-[-0.2rem] rounded px-px py-[0.2rem] transition-colors duration-100 ease-in-out\">Suteikia odai \u0161vyt\u0117jimo ir sveikos i\u0161vaizdos<\/span><\/p>\n<\/li>\n<\/ul>\n<p data-start=\"595\" data-end=\"771\"><strong data-start=\"595\" data-end=\"610\">Naudojimas:<\/strong><br data-start=\"610\" data-end=\"613\" \/><span class=\"relative -mx-px my-[-0.2rem] rounded px-px py-[0.2rem] transition-colors duration-100 ease-in-out\">Nedidel\u012f kiek\u012f \u0161veitiklio u\u017etepkite ant dr\u0117gnos veido odos ir \u0161velniais, sukamaisiais judesiais masa\u017euokite 1 minut\u0119.<\/span> <span class=\"relative -mx-px my-[-0.2rem] rounded px-px py-[0.2rem] transition-colors duration-100 ease-in-out\">Nuplaukite vandeniu arba nu\u0161luostykite dr\u0117gna \u0161luoste.<\/span> <span class=\"relative -mx-px my-[-0.2rem] rounded px-px py-[0.2rem] transition-colors duration-100 ease-in-out\">Geriausiems rezultatams pasiekti, prie\u0161 nuplaudami \u0161veitikl\u012f palaikykite j\u012f 2 minutes, kad suveikt\u0173 kaip veido kauk\u0117.<\/span><\/p>\n","protected":false},"excerpt":{"rendered":"<p><span class=\"relative -mx-px my-[-0.2rem] rounded px-px py-[0.2rem] transition-colors duration-100 ease-in-out\">Gelio pagrindo veido \u0161veitiklis<\/span><\/p>\n","protected":false},"featured_media":11023,"comment_status":"open","ping_status":"closed","template":"","meta":[],"product_cat":[110],"product_tag":[],"class_list":{"0":"post-11022","1":"product","2":"type-product","3":"status-publish","4":"has-post-thumbnail","6":"product_cat-sveitikliai","7":"pa_brands-decaar","8":"pa_talpa-150ml","9":"pa_talpa-50ml-2","11":"first","12":"instock","13":"taxable","14":"shipping-taxable","15":"purchasable","16":"product-type-variable"},"_links":{"self":[{"href":"https:\/\/miamedic.lt\/en\/wp-json\/wp\/v2\/product\/11022","targetHints":{"allow":["GET"]}}],"collection":[{"href":"https:\/\/miamedic.lt\/en\/wp-json\/wp\/v2\/product"}],"about":[{"href":"https:\/\/miamedic.lt\/en\/wp-json\/wp\/v2\/types\/product"}],"replies":[{"embeddable":true,"href":"https:\/\/miamedic.lt\/en\/wp-json\/wp\/v2\/comments?post=11022"}],"version-history":[{"count":3,"href":"https:\/\/miamedic.lt\/en\/wp-json\/wp\/v2\/product\/11022\/revisions"}],"predecessor-version":[{"id":12765,"href":"https:\/\/miamedic.lt\/en\/wp-json\/wp\/v2\/product\/11022\/revisions\/12765"}],"wp:featuredmedia":[{"embeddable":true,"href":"https:\/\/miamedic.lt\/en\/wp-json\/wp\/v2\/media\/11023"}],"wp:attachment":[{"href":"https:\/\/miamedic.lt\/en\/wp-json\/wp\/v2\/media?parent=11022"}],"wp:term":[{"taxonomy":"product_cat","embeddable":true,"href":"https:\/\/miamedic.lt\/en\/wp-json\/wp\/v2\/product_cat?post=11022"},{"taxonomy":"product_tag","embeddable":true,"href":"https:\/\/miamedic.lt\/en\/wp-json\/wp\/v2\/product_tag?post=11022"}],"curies":[{"name":"wp","href":"https:\/\/api.w.org\/{rel}","templated":true}]}}