{"id":11017,"date":"2025-08-29T15:59:56","date_gmt":"2025-08-29T15:59:56","guid":{"rendered":"https:\/\/miamedic.lt\/?post_type=product&#038;p=11017"},"modified":"2026-01-09T10:50:50","modified_gmt":"2026-01-09T10:50:50","slug":"serumas-aknes-paveiktai-odai","status":"publish","type":"product","link":"https:\/\/miamedic.lt\/en\/shop\/serumas-aknes-paveiktai-odai\/","title":{"rendered":"Serumas akn\u0117s paveiktai odai"},"content":{"rendered":"<p data-start=\"40\" data-end=\"128\"><strong data-start=\"40\" data-end=\"128\">Decaar Acne repair serum &#8211; retinolio, niacinamido ir salicilo r\u016bg\u0161ties akn\u0117s po\u017eymius ma\u017einantis serumas<\/strong><\/p>\n<p data-start=\"130\" data-end=\"307\"><strong data-start=\"130\" data-end=\"152\">Trumpas apra\u0161ymas:<\/strong><br data-start=\"152\" data-end=\"155\" \/><span class=\"relative -mx-px my-[-0.2rem] rounded px-px py-[0.2rem] transition-colors duration-100 ease-in-out\">\u0160is intensyviai veikiantis veido serumas sukurtas specialiai kovai su akn\u0117s po\u017eymiais.<\/span> <span class=\"relative -mx-px my-[-0.2rem] rounded px-px py-[0.2rem] transition-colors duration-100 ease-in-out\">Formul\u0117je derinami retinolis, niacinamidas ir salicilo r\u016bg\u0161tis, kurie efektyviai ma\u017eina spuogus, u\u017edegim\u0105, ink\u0161tirus ir riebalavim\u0105si.<\/span> <span class=\"relative -mx-px my-[-0.2rem] rounded px-px py-[0.2rem] transition-colors duration-100 ease-in-out\">Serumas skatina odos atsinaujinim\u0105, gerina odos tekst\u016br\u0105, ma\u017eina paraudimus ir padeda u\u017ekirsti keli\u0105 nauj\u0173 spuog\u0173 atsiradimui<\/span><br data-start=\"324\" data-end=\"327\" \/><span class=\"relative -mx-px my-[-0.2rem] rounded px-px py-[0.2rem] transition-colors duration-100 ease-in-out\">Mi\u0161riai, riebiai, \u012f akn\u0119 linkusiai odai.<\/span><\/p>\n<p data-start=\"407\" data-end=\"422\"><strong data-start=\"407\" data-end=\"420\">Poveikis:<\/strong><\/p>\n<ul data-start=\"423\" data-end=\"671\">\n<li data-start=\"423\" data-end=\"464\">\n<p data-start=\"425\" data-end=\"464\"><span class=\"relative -mx-px my-[-0.2rem] rounded px-px py-[0.2rem] transition-colors duration-100 ease-in-out\">Reguliuoja riebalini\u0173 liauk\u0173 veikl\u0105.<\/span><\/p>\n<\/li>\n<li data-start=\"465\" data-end=\"506\">\n<p data-start=\"467\" data-end=\"506\"><span class=\"relative -mx-px my-[-0.2rem] rounded px-px py-[0.2rem] transition-colors duration-100 ease-in-out\">Sutraukia poras ir ma\u017eina ink\u0161tirus.<\/span><\/p>\n<\/li>\n<li data-start=\"507\" data-end=\"548\">\n<p data-start=\"509\" data-end=\"548\"><span class=\"relative -mx-px my-[-0.2rem] rounded px-px py-[0.2rem] transition-colors duration-100 ease-in-out\">Ma\u017eina u\u017edegim\u0105 ir paraudimus.<\/span><\/p>\n<\/li>\n<li data-start=\"549\" data-end=\"590\">\n<p data-start=\"551\" data-end=\"590\"><span class=\"relative -mx-px my-[-0.2rem] rounded px-px py-[0.2rem] transition-colors duration-100 ease-in-out\">Skatina odos atsinaujinim\u0105 ir gerina tekst\u016br\u0105.<\/span><\/p>\n<\/li>\n<li data-start=\"591\" data-end=\"671\">\n<p data-start=\"593\" data-end=\"671\"><span class=\"relative -mx-px my-[-0.2rem] rounded px-px py-[0.2rem] transition-colors duration-100 ease-in-out\">Padeda u\u017ekirsti keli\u0105 nauj\u0173 spuog\u0173 atsiradimui.<\/span><\/p>\n<\/li>\n<\/ul>\n<p data-start=\"673\" data-end=\"809\"><strong data-start=\"673\" data-end=\"688\">Naudojimas:<\/strong><br data-start=\"688\" data-end=\"691\" \/><span class=\"relative -mx-px my-[-0.2rem] rounded px-px py-[0.2rem] transition-colors duration-100 ease-in-out\">U\u017ela\u0161inkite 2\u20134 la\u0161us ant \u0161varios odos ir \u0161velniai \u012fmasa\u017euokite pir\u0161t\u0173 galiukais, tap\u0161nojamaisiais judesiais.<\/span> <span class=\"relative -mx-px my-[-0.2rem] rounded px-px py-[0.2rem] transition-colors duration-100 ease-in-out\">Naudokite ryte ir vakare po veido valymo ir tonizavimo.<\/span><\/p>\n","protected":false},"excerpt":{"rendered":"<p>Retinolio, niacinamido ir salicilo r\u016bg\u0161ties akn\u0117s po\u017eymius ma\u017einantis serumas<\/p>","protected":false},"featured_media":11018,"comment_status":"open","ping_status":"closed","template":"","meta":[],"product_cat":[107],"product_tag":[],"class_list":{"0":"post-11017","1":"product","2":"type-product","3":"status-publish","4":"has-post-thumbnail","6":"product_cat-serumai","7":"pa_brands-decaar","8":"pa_talpa-20ml","9":"pa_talpa-50ml-2","11":"first","12":"instock","13":"taxable","14":"shipping-taxable","15":"purchasable","16":"product-type-variable"},"_links":{"self":[{"href":"https:\/\/miamedic.lt\/en\/wp-json\/wp\/v2\/product\/11017","targetHints":{"allow":["GET"]}}],"collection":[{"href":"https:\/\/miamedic.lt\/en\/wp-json\/wp\/v2\/product"}],"about":[{"href":"https:\/\/miamedic.lt\/en\/wp-json\/wp\/v2\/types\/product"}],"replies":[{"embeddable":true,"href":"https:\/\/miamedic.lt\/en\/wp-json\/wp\/v2\/comments?post=11017"}],"version-history":[{"count":3,"href":"https:\/\/miamedic.lt\/en\/wp-json\/wp\/v2\/product\/11017\/revisions"}],"predecessor-version":[{"id":12764,"href":"https:\/\/miamedic.lt\/en\/wp-json\/wp\/v2\/product\/11017\/revisions\/12764"}],"wp:featuredmedia":[{"embeddable":true,"href":"https:\/\/miamedic.lt\/en\/wp-json\/wp\/v2\/media\/11018"}],"wp:attachment":[{"href":"https:\/\/miamedic.lt\/en\/wp-json\/wp\/v2\/media?parent=11017"}],"wp:term":[{"taxonomy":"product_cat","embeddable":true,"href":"https:\/\/miamedic.lt\/en\/wp-json\/wp\/v2\/product_cat?post=11017"},{"taxonomy":"product_tag","embeddable":true,"href":"https:\/\/miamedic.lt\/en\/wp-json\/wp\/v2\/product_tag?post=11017"}],"curies":[{"name":"wp","href":"https:\/\/api.w.org\/{rel}","templated":true}]}}