{"id":11012,"date":"2025-08-29T15:54:35","date_gmt":"2025-08-29T15:54:35","guid":{"rendered":"https:\/\/miamedic.lt\/?post_type=product&#038;p=11012"},"modified":"2026-02-02T17:19:09","modified_gmt":"2026-02-02T17:19:09","slug":"anti-acne-antiseptine-kauke","status":"publish","type":"product","link":"https:\/\/miamedic.lt\/en\/shop\/anti-acne-antiseptine-kauke\/","title":{"rendered":"Anti acne Antiseptin\u0117 kauk\u0117"},"content":{"rendered":"<p data-start=\"0\" data-end=\"36\"><strong data-start=\"0\" data-end=\"36\">Decaar Antiseptin\u0117 kauk\u0117 \u2013 <span class=\"relative -mx-px my-[-0.2rem] rounded px-px py-[0.2rem] transition-colors duration-100 ease-in-out\">antiseptin\u0117 veido kauk\u0117 skirta riebiai ir mi\u0161riai odai<\/span><\/strong><\/p>\n<p data-start=\"38\" data-end=\"255\"><strong data-start=\"38\" data-end=\"60\">Trumpas apra\u0161ymas:<\/strong><br data-start=\"60\" data-end=\"63\" \/><span class=\"relative -mx-px my-[-0.2rem] rounded px-px py-[0.2rem] transition-colors duration-100 ease-in-out\">\u0160i antiseptin\u0117 veido kauk\u0117 skirta riebiai ir mi\u0161riai odai, linkusiai \u012f akn\u0119.<\/span> <span class=\"relative -mx-px my-[-0.2rem] rounded px-px py-[0.2rem] transition-colors duration-100 ease-in-out\">Ji pasi\u017eymi antibakterin\u0117mis savyb\u0117mis ir padeda ma\u017einti u\u017edegiminius b\u0117rimus.<\/span> <span class=\"relative -mx-px my-[-0.2rem] rounded px-px py-[0.2rem] transition-colors duration-100 ease-in-out\">Kauk\u0117 reguliuoja riebalini\u0173 liauk\u0173 veikl\u0105, sutraukia poras ir pagerina odos i\u0161vaizd\u0105.<\/span> <span class=\"relative -mx-px my-[-0.2rem] rounded px-px py-[0.2rem] transition-colors duration-100 ease-in-out\">Sud\u0117tyje esan\u010dios AHA ir BHA r\u016bg\u0161tys \u0161velniai nu\u0161vei\u010dia od\u0105, pa\u0161alindamos negyvas l\u0105steles ir u\u017ekertant keli\u0105 por\u0173 u\u017esikim\u0161imui.<\/span><\/p>\n<p data-start=\"257\" data-end=\"353\"><strong data-start=\"257\" data-end=\"272\">Odos tipui:<\/strong><br data-start=\"272\" data-end=\"275\" \/><span class=\"relative -mx-px my-[-0.2rem] rounded px-px py-[0.2rem] transition-colors duration-100 ease-in-out\">Mi\u0161riai ir riebiai odai, linkusiai \u012f akn\u0119.<\/span><\/p>\n<p data-start=\"355\" data-end=\"370\"><strong data-start=\"355\" data-end=\"368\">Poveikis:<\/strong><\/p>\n<ul data-start=\"371\" data-end=\"661\">\n<li data-start=\"371\" data-end=\"412\">\n<p data-start=\"373\" data-end=\"412\"><span class=\"relative -mx-px my-[-0.2rem] rounded px-px py-[0.2rem] transition-colors duration-100 ease-in-out\">Antibakterinis ir prie\u0161u\u017edegiminis poveikis.<\/span><\/p>\n<\/li>\n<li data-start=\"413\" data-end=\"454\">\n<p data-start=\"415\" data-end=\"454\"><span class=\"relative -mx-px my-[-0.2rem] rounded px-px py-[0.2rem] transition-colors duration-100 ease-in-out\">Reguliuoja riebalini\u0173 liauk\u0173 veikl\u0105.<\/span><\/p>\n<\/li>\n<li data-start=\"455\" data-end=\"496\">\n<p data-start=\"457\" data-end=\"496\"><span class=\"relative -mx-px my-[-0.2rem] rounded px-px py-[0.2rem] transition-colors duration-100 ease-in-out\">Sutraukia poras.<\/span><\/p>\n<\/li>\n<li data-start=\"497\" data-end=\"538\">\n<p data-start=\"499\" data-end=\"538\"><span class=\"relative -mx-px my-[-0.2rem] rounded px-px py-[0.2rem] transition-colors duration-100 ease-in-out\">Pagerina odos i\u0161vaizd\u0105.<\/span><\/p>\n<\/li>\n<li data-start=\"539\" data-end=\"580\">\n<p data-start=\"541\" data-end=\"580\"><span class=\"relative -mx-px my-[-0.2rem] rounded px-px py-[0.2rem] transition-colors duration-100 ease-in-out\">Pa\u0161alina negyvas odos l\u0105steles.<\/span><\/p>\n<\/li>\n<li data-start=\"581\" data-end=\"661\">\n<p data-start=\"583\" data-end=\"661\"><span class=\"relative -mx-px my-[-0.2rem] rounded px-px py-[0.2rem] transition-colors duration-100 ease-in-out\">U\u017ekerta keli\u0105 por\u0173 u\u017esikim\u0161imui<\/span><\/p>\n<\/li>\n<\/ul>\n<p data-start=\"663\" data-end=\"839\"><strong data-start=\"663\" data-end=\"678\">Naudojimas:<\/strong><br data-start=\"678\" data-end=\"681\" \/><span class=\"relative -mx-px my-[-0.2rem] rounded px-px py-[0.2rem] transition-colors duration-100 ease-in-out\">U\u017etepkite stor\u0105 kauk\u0117s sluoksn\u012f ant \u0161variai nuvalytos veido ir kaklo odos.<\/span> <span class=\"relative -mx-px my-[-0.2rem] rounded px-px py-[0.2rem] transition-colors duration-100 ease-in-out\">Palikite 15\u201320 minu\u010di\u0173 arba kol kauk\u0117 i\u0161d\u017eius.<\/span> <span class=\"relative -mx-px my-[-0.2rem] rounded px-px py-[0.2rem] transition-colors duration-100 ease-in-out\">Kruop\u0161\u010diai nuskalaukite dideliu kiekiu vandens arba nuvalykite dr\u0117gna \u0161luoste.<\/span><\/p>\n","protected":false},"excerpt":{"rendered":"<p><span class=\"relative -mx-px my-[-0.2rem] rounded px-px py-[0.2rem] transition-colors duration-100 ease-in-out\">Antiseptin\u0117 veido kauk\u0117 skirta riebiai ir mi\u0161riai odai<\/span><\/p>\n","protected":false},"featured_media":11013,"comment_status":"open","ping_status":"closed","template":"","meta":[],"product_cat":[420],"product_tag":[],"class_list":{"0":"post-11012","1":"product","2":"type-product","3":"status-publish","4":"has-post-thumbnail","6":"product_cat-veido-kaukes","7":"pa_brands-decaar","8":"pa_talpa-150ml","9":"pa_talpa-50ml-2","11":"first","12":"instock","13":"taxable","14":"shipping-taxable","15":"purchasable","16":"product-type-variable"},"_links":{"self":[{"href":"https:\/\/miamedic.lt\/en\/wp-json\/wp\/v2\/product\/11012","targetHints":{"allow":["GET"]}}],"collection":[{"href":"https:\/\/miamedic.lt\/en\/wp-json\/wp\/v2\/product"}],"about":[{"href":"https:\/\/miamedic.lt\/en\/wp-json\/wp\/v2\/types\/product"}],"replies":[{"embeddable":true,"href":"https:\/\/miamedic.lt\/en\/wp-json\/wp\/v2\/comments?post=11012"}],"version-history":[{"count":2,"href":"https:\/\/miamedic.lt\/en\/wp-json\/wp\/v2\/product\/11012\/revisions"}],"predecessor-version":[{"id":12315,"href":"https:\/\/miamedic.lt\/en\/wp-json\/wp\/v2\/product\/11012\/revisions\/12315"}],"wp:featuredmedia":[{"embeddable":true,"href":"https:\/\/miamedic.lt\/en\/wp-json\/wp\/v2\/media\/11013"}],"wp:attachment":[{"href":"https:\/\/miamedic.lt\/en\/wp-json\/wp\/v2\/media?parent=11012"}],"wp:term":[{"taxonomy":"product_cat","embeddable":true,"href":"https:\/\/miamedic.lt\/en\/wp-json\/wp\/v2\/product_cat?post=11012"},{"taxonomy":"product_tag","embeddable":true,"href":"https:\/\/miamedic.lt\/en\/wp-json\/wp\/v2\/product_tag?post=11012"}],"curies":[{"name":"wp","href":"https:\/\/api.w.org\/{rel}","templated":true}]}}