{"id":11009,"date":"2025-08-29T15:50:35","date_gmt":"2025-08-29T15:50:35","guid":{"rendered":"https:\/\/miamedic.lt\/?post_type=product&#038;p=11009"},"modified":"2026-01-09T10:48:51","modified_gmt":"2026-01-09T10:48:51","slug":"serumas-nuo-spuogeliu","status":"publish","type":"product","link":"https:\/\/miamedic.lt\/en\/shop\/serumas-nuo-spuogeliu\/","title":{"rendered":"Serumas nuo spuogeli\u0173"},"content":{"rendered":"<p data-start=\"0\" data-end=\"78\"><strong data-start=\"0\" data-end=\"78\">Decaar Blemish Defence Serum \u2013 serumas spuogams ir odos nelygumams ma\u017einti<\/strong><\/p>\n<p data-start=\"80\" data-end=\"255\"><strong data-start=\"80\" data-end=\"102\">Trumpas apra\u0161ymas:<\/strong><br data-start=\"102\" data-end=\"105\" \/><span class=\"relative -mx-px my-[-0.2rem] rounded px-px py-[0.2rem] transition-colors duration-100 ease-in-out\">\u0160is greitai \u012fsigeriantis serumas sukurtas spuoguotai, riebiai ir mi\u0161riai odai.<\/span> <span class=\"relative -mx-px my-[-0.2rem] rounded px-px py-[0.2rem] transition-colors duration-100 ease-in-out\">Jis padeda suma\u017einti b\u0117rimo element\u0173 kiek\u012f, reguliuoja sebumo i\u0161siskyrim\u0105 ir gerina odos tekst\u016br\u0105.<\/span> <span class=\"relative -mx-px my-[-0.2rem] rounded px-px py-[0.2rem] transition-colors duration-100 ease-in-out\">Serumas taip pat ma\u017eina paraudimus ir ink\u0161tir\u0173 atsiradim\u0105<\/span><\/p>\n<p data-start=\"257\" data-end=\"353\"><strong data-start=\"257\" data-end=\"272\">Odos tipui:<\/strong><br data-start=\"272\" data-end=\"275\" \/><span class=\"relative -mx-px my-[-0.2rem] rounded px-px py-[0.2rem] transition-colors duration-100 ease-in-out\">Mi\u0161riai, riebiai, \u012f akn\u0119 linkusiai odai.<\/span><\/p>\n<p data-start=\"355\" data-end=\"370\"><strong data-start=\"355\" data-end=\"368\">Poveikis:<\/strong><\/p>\n<ul data-start=\"371\" data-end=\"619\">\n<li data-start=\"371\" data-end=\"412\">\n<p data-start=\"373\" data-end=\"412\"><span class=\"relative -mx-px my-[-0.2rem] rounded px-px py-[0.2rem] transition-colors duration-100 ease-in-out\">Reguliuoja sebumo i\u0161siskyrim\u0105.<\/span><\/p>\n<\/li>\n<li data-start=\"413\" data-end=\"454\">\n<p data-start=\"415\" data-end=\"454\"><span class=\"relative -mx-px my-[-0.2rem] rounded px-px py-[0.2rem] transition-colors duration-100 ease-in-out\">Ma\u017eina b\u0117rimo element\u0173 kiek\u012f.<\/span><\/p>\n<\/li>\n<li data-start=\"455\" data-end=\"496\">\n<p data-start=\"457\" data-end=\"496\"><span class=\"relative -mx-px my-[-0.2rem] rounded px-px py-[0.2rem] transition-colors duration-100 ease-in-out\">Pagerina odos tekst\u016br\u0105.<\/span><\/p>\n<\/li>\n<li data-start=\"497\" data-end=\"538\">\n<p data-start=\"499\" data-end=\"538\"><span class=\"relative -mx-px my-[-0.2rem] rounded px-px py-[0.2rem] transition-colors duration-100 ease-in-out\">Suma\u017eina paraudimus.<\/span><\/p>\n<\/li>\n<li data-start=\"539\" data-end=\"619\">\n<p data-start=\"541\" data-end=\"619\"><span class=\"relative -mx-px my-[-0.2rem] rounded px-px py-[0.2rem] transition-colors duration-100 ease-in-out\">Ma\u017eina ink\u0161tir\u0173 atsiradim\u0105.<\/span><\/p>\n<\/li>\n<\/ul>\n<p data-start=\"621\" data-end=\"757\"><strong data-start=\"621\" data-end=\"636\">Naudojimas:<\/strong><br data-start=\"636\" data-end=\"639\" \/><span class=\"relative -mx-px my-[-0.2rem] rounded px-px py-[0.2rem] transition-colors duration-100 ease-in-out\">Tepkite serumo la\u0161\u0105 tiesiai ant spuog\u0173 1\u20132 kartus per savait\u0119.<\/span> <span class=\"relative -mx-px my-[-0.2rem] rounded px-px py-[0.2rem] transition-colors duration-100 ease-in-out\">Jei spuog\u0173 yra daug, galima naudoti ir visam veidui.<\/span><\/p>\n","protected":false},"excerpt":{"rendered":"<p>Serumas spuogams ir odos nelygumams ma\u017einti<\/p>","protected":false},"featured_media":11010,"comment_status":"open","ping_status":"closed","template":"","meta":[],"product_cat":[107],"product_tag":[],"class_list":{"0":"post-11009","1":"product","2":"type-product","3":"status-publish","4":"has-post-thumbnail","6":"product_cat-serumai","7":"pa_brands-decaar","8":"pa_talpa-30ml-2","10":"first","11":"instock","12":"taxable","13":"shipping-taxable","14":"purchasable","15":"product-type-simple"},"_links":{"self":[{"href":"https:\/\/miamedic.lt\/en\/wp-json\/wp\/v2\/product\/11009","targetHints":{"allow":["GET"]}}],"collection":[{"href":"https:\/\/miamedic.lt\/en\/wp-json\/wp\/v2\/product"}],"about":[{"href":"https:\/\/miamedic.lt\/en\/wp-json\/wp\/v2\/types\/product"}],"replies":[{"embeddable":true,"href":"https:\/\/miamedic.lt\/en\/wp-json\/wp\/v2\/comments?post=11009"}],"version-history":[{"count":2,"href":"https:\/\/miamedic.lt\/en\/wp-json\/wp\/v2\/product\/11009\/revisions"}],"predecessor-version":[{"id":12316,"href":"https:\/\/miamedic.lt\/en\/wp-json\/wp\/v2\/product\/11009\/revisions\/12316"}],"wp:featuredmedia":[{"embeddable":true,"href":"https:\/\/miamedic.lt\/en\/wp-json\/wp\/v2\/media\/11010"}],"wp:attachment":[{"href":"https:\/\/miamedic.lt\/en\/wp-json\/wp\/v2\/media?parent=11009"}],"wp:term":[{"taxonomy":"product_cat","embeddable":true,"href":"https:\/\/miamedic.lt\/en\/wp-json\/wp\/v2\/product_cat?post=11009"},{"taxonomy":"product_tag","embeddable":true,"href":"https:\/\/miamedic.lt\/en\/wp-json\/wp\/v2\/product_tag?post=11009"}],"curies":[{"name":"wp","href":"https:\/\/api.w.org\/{rel}","templated":true}]}}