{"id":11003,"date":"2025-08-29T15:46:50","date_gmt":"2025-08-29T15:46:50","guid":{"rendered":"https:\/\/miamedic.lt\/?post_type=product&#038;p=11003"},"modified":"2026-02-02T17:19:19","modified_gmt":"2026-02-02T17:19:19","slug":"raminanti-kauke","status":"publish","type":"product","link":"https:\/\/miamedic.lt\/en\/shop\/raminanti-kauke\/","title":{"rendered":"Raminanti kauk\u0117"},"content":{"rendered":"<p data-start=\"0\" data-end=\"63\"><strong data-start=\"0\" data-end=\"63\">Decaar Raminanti Veido Kauk\u0117 (Calming Mask) \u2013 jautriai ir sudirgusiai odai<\/strong><\/p>\n<p data-start=\"65\" data-end=\"282\"><strong data-start=\"65\" data-end=\"87\">Trumpas apra\u0161ymas:<\/strong><br data-start=\"87\" data-end=\"90\" \/><span class=\"relative -mx-px my-[-0.2rem] rounded px-px py-[0.2rem] transition-colors duration-100 ease-in-out\">\u0160i raminanti veido kauk\u0117 skirta jautriai, sudirgusiai ir u\u017edegimin\u0117ms odos b\u016bkl\u0117ms.<\/span> <span class=\"relative -mx-px my-[-0.2rem] rounded px-px py-[0.2rem] transition-colors duration-100 ease-in-out\">Ji pa\u0161alina negyvas odos l\u0105steles, atgaivina od\u0105, suteikia jai skaistumo, \u0161vyt\u0117jimo ir u\u017etikrina \u0161varos poj\u016bt\u012f.<\/span> <span class=\"relative -mx-px my-[-0.2rem] rounded px-px py-[0.2rem] transition-colors duration-100 ease-in-out\">Kauk\u0117 aktyvina odos kraujotak\u0105 ir turi u\u017edegim\u0105 mal\u0161inan\u010di\u0173 savybi\u0173.<\/span> <span class=\"relative -mx-px my-[-0.2rem] rounded px-px py-[0.2rem] transition-colors duration-100 ease-in-out\">Ji atgaivina vis\u0173 r\u016b\u0161i\u0173 odai padaryt\u0105 \u017eal\u0105, ramina ir suteikia skaistumo<\/span><\/p>\n<p data-start=\"284\" data-end=\"380\"><strong data-start=\"284\" data-end=\"299\">Odos tipui:<\/strong><br data-start=\"299\" data-end=\"302\" \/><span class=\"relative -mx-px my-[-0.2rem] rounded px-px py-[0.2rem] transition-colors duration-100 ease-in-out\">Vis\u0173 tip\u0173 odai, net itin jautriai.<\/span><\/p>\n<p data-start=\"382\" data-end=\"397\"><strong data-start=\"382\" data-end=\"395\">Poveikis:<\/strong><\/p>\n<ul data-start=\"398\" data-end=\"688\">\n<li data-start=\"398\" data-end=\"439\">\n<p data-start=\"400\" data-end=\"439\"><span class=\"relative -mx-px my-[-0.2rem] rounded px-px py-[0.2rem] transition-colors duration-100 ease-in-out\">Pa\u0161alina negyvas odos l\u0105steles.<\/span><\/p>\n<\/li>\n<li data-start=\"440\" data-end=\"481\">\n<p data-start=\"442\" data-end=\"481\"><span class=\"relative -mx-px my-[-0.2rem] rounded px-px py-[0.2rem] transition-colors duration-100 ease-in-out\">Atgaivina od\u0105, suteikia jai skaistumo ir \u0161vyt\u0117jimo.<\/span><\/p>\n<\/li>\n<li data-start=\"482\" data-end=\"523\">\n<p data-start=\"484\" data-end=\"523\"><span class=\"relative -mx-px my-[-0.2rem] rounded px-px py-[0.2rem] transition-colors duration-100 ease-in-out\">U\u017etikrina \u0161varos poj\u016bt\u012f.<\/span><\/p>\n<\/li>\n<li data-start=\"524\" data-end=\"565\">\n<p data-start=\"526\" data-end=\"565\"><span class=\"relative -mx-px my-[-0.2rem] rounded px-px py-[0.2rem] transition-colors duration-100 ease-in-out\">Aktyvina odos kraujotak\u0105.<\/span><\/p>\n<\/li>\n<li data-start=\"566\" data-end=\"607\">\n<p data-start=\"568\" data-end=\"607\"><span class=\"relative -mx-px my-[-0.2rem] rounded px-px py-[0.2rem] transition-colors duration-100 ease-in-out\">Turi u\u017edegim\u0105 mal\u0161inan\u010di\u0173 savybi\u0173.<\/span><\/p>\n<\/li>\n<li data-start=\"608\" data-end=\"688\">\n<p data-start=\"610\" data-end=\"688\"><span class=\"relative -mx-px my-[-0.2rem] rounded px-px py-[0.2rem] transition-colors duration-100 ease-in-out\">Ramina ir suteikia skaistumo.<\/span><\/p>\n<\/li>\n<\/ul>\n<p data-start=\"690\" data-end=\"866\"><strong data-start=\"690\" data-end=\"705\">Naudojimas:<\/strong><br data-start=\"705\" data-end=\"708\" \/><span class=\"relative -mx-px my-[-0.2rem] rounded px-px py-[0.2rem] transition-colors duration-100 ease-in-out\">U\u017etepkite stor\u0105 kauk\u0117s sluoksn\u012f ant \u0161varios veido ir kaklo odos.<\/span> <span class=\"relative -mx-px my-[-0.2rem] rounded px-px py-[0.2rem] transition-colors duration-100 ease-in-out\">Palaikykite 10\u201315 min.<\/span> <span class=\"relative -mx-px my-[-0.2rem] rounded px-px py-[0.2rem] transition-colors duration-100 ease-in-out\">Kruop\u0161\u010diai nuskalaukite dideliu kiekiu vandens arba nuvalykite dr\u0117gna \u0161luoste<\/span><\/p>\n","protected":false},"excerpt":{"rendered":"<p>Kauk\u0117 jautriai ir sudirgusiai odai<\/p>","protected":false},"featured_media":11004,"comment_status":"open","ping_status":"closed","template":"","meta":[],"product_cat":[420],"product_tag":[],"class_list":{"0":"post-11003","1":"product","2":"type-product","3":"status-publish","4":"has-post-thumbnail","6":"product_cat-veido-kaukes","7":"pa_brands-decaar","8":"pa_talpa-150ml","9":"pa_talpa-20ml","10":"pa_talpa-50ml-2","12":"first","13":"instock","14":"taxable","15":"shipping-taxable","16":"purchasable","17":"product-type-variable"},"_links":{"self":[{"href":"https:\/\/miamedic.lt\/en\/wp-json\/wp\/v2\/product\/11003","targetHints":{"allow":["GET"]}}],"collection":[{"href":"https:\/\/miamedic.lt\/en\/wp-json\/wp\/v2\/product"}],"about":[{"href":"https:\/\/miamedic.lt\/en\/wp-json\/wp\/v2\/types\/product"}],"replies":[{"embeddable":true,"href":"https:\/\/miamedic.lt\/en\/wp-json\/wp\/v2\/comments?post=11003"}],"version-history":[{"count":3,"href":"https:\/\/miamedic.lt\/en\/wp-json\/wp\/v2\/product\/11003\/revisions"}],"predecessor-version":[{"id":12317,"href":"https:\/\/miamedic.lt\/en\/wp-json\/wp\/v2\/product\/11003\/revisions\/12317"}],"wp:featuredmedia":[{"embeddable":true,"href":"https:\/\/miamedic.lt\/en\/wp-json\/wp\/v2\/media\/11004"}],"wp:attachment":[{"href":"https:\/\/miamedic.lt\/en\/wp-json\/wp\/v2\/media?parent=11003"}],"wp:term":[{"taxonomy":"product_cat","embeddable":true,"href":"https:\/\/miamedic.lt\/en\/wp-json\/wp\/v2\/product_cat?post=11003"},{"taxonomy":"product_tag","embeddable":true,"href":"https:\/\/miamedic.lt\/en\/wp-json\/wp\/v2\/product_tag?post=11003"}],"curies":[{"name":"wp","href":"https:\/\/api.w.org\/{rel}","templated":true}]}}