{"id":10997,"date":"2025-08-29T15:42:07","date_gmt":"2025-08-29T15:42:07","guid":{"rendered":"https:\/\/miamedic.lt\/?post_type=product&#038;p=10997"},"modified":"2026-01-09T10:47:27","modified_gmt":"2026-01-09T10:47:27","slug":"anti-acne-kremas","status":"publish","type":"product","link":"https:\/\/miamedic.lt\/en\/shop\/anti-acne-kremas\/","title":{"rendered":"Anti acne kremas"},"content":{"rendered":"<p data-start=\"40\" data-end=\"113\"><strong data-start=\"40\" data-end=\"113\">Decaar Anti Acne Cream \u2013 24 valand\u0173 veido kremas akn\u0117s pa\u017eeistai odai<\/strong><\/p>\n<p data-start=\"115\" data-end=\"332\"><strong data-start=\"115\" data-end=\"137\">Trumpas apra\u0161ymas:<\/strong><br data-start=\"137\" data-end=\"140\" \/><span class=\"relative -mx-px my-[-0.2rem] rounded px-px py-[0.2rem] transition-colors duration-100 ease-in-out\">\u0160is lengvos tekst\u016bros veido kremas sukurtas mi\u0161riai, riebiai ir \u012f akn\u0119 linkusiai odai.<\/span> <span class=\"relative -mx-px my-[-0.2rem] rounded px-px py-[0.2rem] transition-colors duration-100 ease-in-out\">Jis pasi\u017eymi antioksidacin\u0117mis, poras sutraukian\u010diomis, mink\u0161tinan\u010diomis ir raminan\u010diomis savyb\u0117mis.<\/span> <span class=\"relative -mx-px my-[-0.2rem] rounded px-px py-[0.2rem] transition-colors duration-100 ease-in-out\">Kremas ma\u017eina su akne susijus\u012f deginim\u0105 ir nie\u017eul\u012f, ramina sudirgim\u0105, gerina kraujo mikrocirkuliacij\u0105 ir spartina odos regeneracij\u0105.<\/span> <span class=\"relative -mx-px my-[-0.2rem] rounded px-px py-[0.2rem] transition-colors duration-100 ease-in-out\">Be to, jis suteikia odai mati\u0161kumo ir stiprina apsaugines funkcijas, tod\u0117l puikiai tinka tiek prevencijai, tiek esamiems b\u0117rimams ma\u017einti.<\/span><\/p>\n<p data-start=\"334\" data-end=\"430\"><strong data-start=\"334\" data-end=\"349\">Odos tipui:<\/strong><br data-start=\"349\" data-end=\"352\" \/><span class=\"relative -mx-px my-[-0.2rem] rounded px-px py-[0.2rem] transition-colors duration-100 ease-in-out\">Mi\u0161riai, riebiai, \u012f akn\u0119 linkusiai odai.<\/span><\/p>\n<p data-start=\"432\" data-end=\"447\"><strong data-start=\"432\" data-end=\"445\">Poveikis:<\/strong><\/p>\n<ul data-start=\"448\" data-end=\"738\">\n<li data-start=\"448\" data-end=\"489\">\n<p data-start=\"450\" data-end=\"489\"><span class=\"relative -mx-px my-[-0.2rem] rounded px-px py-[0.2rem] transition-colors duration-100 ease-in-out\">Ma\u017eina akn\u0117s po\u017eymius ir perteklin\u012f sebum\u0105.<\/span><\/p>\n<\/li>\n<li data-start=\"490\" data-end=\"531\">\n<p data-start=\"492\" data-end=\"531\"><span class=\"relative -mx-px my-[-0.2rem] rounded px-px py-[0.2rem] transition-colors duration-100 ease-in-out\">Sutraukia i\u0161sipl\u0117tusias poras.<\/span><\/p>\n<\/li>\n<li data-start=\"532\" data-end=\"573\">\n<p data-start=\"534\" data-end=\"573\"><span class=\"relative -mx-px my-[-0.2rem] rounded px-px py-[0.2rem] transition-colors duration-100 ease-in-out\">Gerina odos atspalv\u012f ir suteikia mati\u0161kumo.<\/span><\/p>\n<\/li>\n<li data-start=\"574\" data-end=\"615\">\n<p data-start=\"576\" data-end=\"615\"><span class=\"relative -mx-px my-[-0.2rem] rounded px-px py-[0.2rem] transition-colors duration-100 ease-in-out\">Ramina sudirgusi\u0105 od\u0105 ir skatina jos regeneracij\u0105.<\/span><\/p>\n<\/li>\n<li data-start=\"616\" data-end=\"657\">\n<p data-start=\"618\" data-end=\"657\"><span class=\"relative -mx-px my-[-0.2rem] rounded px-px py-[0.2rem] transition-colors duration-100 ease-in-out\">Apsaugo nuo spuogus sukelian\u010di\u0173 mikroorganizm\u0173.<\/span><\/p>\n<\/li>\n<li data-start=\"658\" data-end=\"738\">\n<p data-start=\"660\" data-end=\"738\"><span class=\"relative -mx-px my-[-0.2rem] rounded px-px py-[0.2rem] transition-colors duration-100 ease-in-out\">Padeda i\u0161vengti akn\u0117s rand\u0173 ir juos suma\u017einti<\/span><\/p>\n<\/li>\n<\/ul>\n<p data-start=\"740\" data-end=\"916\"><strong data-start=\"740\" data-end=\"755\">Naudojimas:<\/strong><br data-start=\"755\" data-end=\"758\" \/><span class=\"relative -mx-px my-[-0.2rem] rounded px-px py-[0.2rem] transition-colors duration-100 ease-in-out\">Tepkite krem\u0105 ant \u0161variai nuvalytos ir tonizuotos veido odos.<\/span> <span class=\"relative -mx-px my-[-0.2rem] rounded px-px py-[0.2rem] transition-colors duration-100 ease-in-out\">\u0160velniais judesiais masa\u017euokite, kol visi\u0161kai \u012fsigers.<\/span> <span class=\"relative -mx-px my-[-0.2rem] rounded px-px py-[0.2rem] transition-colors duration-100 ease-in-out\">Naudokite ryte ir vakare<\/span><\/p>\n","protected":false},"excerpt":{"rendered":"<p>24 valand\u0173 veido kremas akn\u0117s pa\u017eeistai odai<\/p>","protected":false},"featured_media":10998,"comment_status":"open","ping_status":"closed","template":"","meta":[],"product_cat":[129],"product_tag":[],"class_list":{"0":"post-10997","1":"product","2":"type-product","3":"status-publish","4":"has-post-thumbnail","6":"product_cat-veido-kremai","7":"pa_brands-decaar","8":"pa_talpa-100ml","9":"pa_talpa-50ml-2","11":"first","12":"instock","13":"taxable","14":"shipping-taxable","15":"purchasable","16":"product-type-variable"},"_links":{"self":[{"href":"https:\/\/miamedic.lt\/en\/wp-json\/wp\/v2\/product\/10997","targetHints":{"allow":["GET"]}}],"collection":[{"href":"https:\/\/miamedic.lt\/en\/wp-json\/wp\/v2\/product"}],"about":[{"href":"https:\/\/miamedic.lt\/en\/wp-json\/wp\/v2\/types\/product"}],"replies":[{"embeddable":true,"href":"https:\/\/miamedic.lt\/en\/wp-json\/wp\/v2\/comments?post=10997"}],"version-history":[{"count":2,"href":"https:\/\/miamedic.lt\/en\/wp-json\/wp\/v2\/product\/10997\/revisions"}],"predecessor-version":[{"id":12318,"href":"https:\/\/miamedic.lt\/en\/wp-json\/wp\/v2\/product\/10997\/revisions\/12318"}],"wp:featuredmedia":[{"embeddable":true,"href":"https:\/\/miamedic.lt\/en\/wp-json\/wp\/v2\/media\/10998"}],"wp:attachment":[{"href":"https:\/\/miamedic.lt\/en\/wp-json\/wp\/v2\/media?parent=10997"}],"wp:term":[{"taxonomy":"product_cat","embeddable":true,"href":"https:\/\/miamedic.lt\/en\/wp-json\/wp\/v2\/product_cat?post=10997"},{"taxonomy":"product_tag","embeddable":true,"href":"https:\/\/miamedic.lt\/en\/wp-json\/wp\/v2\/product_tag?post=10997"}],"curies":[{"name":"wp","href":"https:\/\/api.w.org\/{rel}","templated":true}]}}