{"id":10991,"date":"2025-08-29T15:36:47","date_gmt":"2025-08-29T15:36:47","guid":{"rendered":"https:\/\/miamedic.lt\/?post_type=product&#038;p=10991"},"modified":"2026-01-09T10:46:47","modified_gmt":"2026-01-09T10:46:47","slug":"sebumo-issiskyrima-reguliuojantis-kremas","status":"publish","type":"product","link":"https:\/\/miamedic.lt\/en\/shop\/sebumo-issiskyrima-reguliuojantis-kremas\/","title":{"rendered":"Sebumo i\u0161siskyrim\u0105 reguliuojantis kremas"},"content":{"rendered":"<p data-start=\"153\" data-end=\"247\"><strong data-start=\"153\" data-end=\"245\">Decaar\u00a0Rebalancing cream 24hr \u2013 24 valand\u0173 balansuojantis veido kremas<\/strong><\/p>\n<p data-start=\"249\" data-end=\"570\"><strong data-start=\"249\" data-end=\"271\">Trumpas apra\u0161ymas:<\/strong><br data-start=\"271\" data-end=\"274\" \/>Lengvas veido kremas, sukurtas mi\u0161riai, riebiai ir \u012f akn\u0119 linkusiai odai. Padeda palaikyti optimal\u0173 dr\u0117gm\u0117s ir sebumo balans\u0105 odoje, suteikia odai mati\u0161kumo, pagerina tekst\u016br\u0105 ir sutraukia poras. Praturtintas aktyviais dr\u0117kinan\u010diais komponentais, ramina od\u0105 ir apsaugo nuo ink\u0161tir\u0173 bei egzemos.<\/p>\n<p data-start=\"572\" data-end=\"632\"><strong data-start=\"572\" data-end=\"587\">Odos tipui:<\/strong><br data-start=\"587\" data-end=\"590\" \/>Mi\u0161riai, riebiai, \u012f akn\u0119 linkusiai odai.<\/p>\n<p data-start=\"634\" data-end=\"649\"><strong data-start=\"634\" data-end=\"647\">Effect:<\/strong><\/p>\n<ul data-start=\"650\" data-end=\"848\">\n<li data-start=\"650\" data-end=\"711\">\n<p data-start=\"652\" data-end=\"711\">Padeda palaikyti optimal\u0173 dr\u0117gm\u0117s ir sebumo balans\u0105 odoje<\/p>\n<\/li>\n<li data-start=\"712\" data-end=\"739\">\n<p data-start=\"714\" data-end=\"739\">Suteikia odai mati\u0161kumo<\/p>\n<\/li>\n<li data-start=\"740\" data-end=\"766\">\n<p data-start=\"742\" data-end=\"766\">Pagerina odos tekst\u016br\u0105<\/p>\n<\/li>\n<li data-start=\"767\" data-end=\"786\">\n<p data-start=\"769\" data-end=\"786\">Sutraukia poras<\/p>\n<\/li>\n<li data-start=\"787\" data-end=\"812\">\n<p data-start=\"789\" data-end=\"812\">Ramina ir dr\u0117kina od\u0105<\/p>\n<\/li>\n<li data-start=\"813\" data-end=\"848\">\n<p data-start=\"815\" data-end=\"848\">Apsaugo nuo ink\u0161tir\u0173 ir egzemos<\/p>\n<\/li>\n<\/ul>\n<p data-start=\"850\" data-end=\"1001\"><strong data-start=\"850\" data-end=\"865\">Usage:<\/strong><br data-start=\"865\" data-end=\"868\" \/>Tepkite krem\u0105 ant \u0161variai nuvalytos ir tonizuotos veido odos. Venkite aki\u0173 srities. Naudoti ryte ir vakare geriausiems rezultatams.<\/p>","protected":false},"excerpt":{"rendered":"<p>24 valand\u0173 balansuojantis veido kremas<\/p>","protected":false},"featured_media":10995,"comment_status":"open","ping_status":"closed","template":"","meta":[],"product_cat":[129],"product_tag":[],"class_list":{"0":"post-10991","1":"product","2":"type-product","3":"status-publish","4":"has-post-thumbnail","6":"product_cat-veido-kremai","7":"pa_brands-decaar","8":"pa_talpa-100ml","9":"pa_talpa-15ml","10":"pa_talpa-50ml-2","12":"first","13":"instock","14":"taxable","15":"shipping-taxable","16":"purchasable","17":"product-type-variable"},"_links":{"self":[{"href":"https:\/\/miamedic.lt\/en\/wp-json\/wp\/v2\/product\/10991","targetHints":{"allow":["GET"]}}],"collection":[{"href":"https:\/\/miamedic.lt\/en\/wp-json\/wp\/v2\/product"}],"about":[{"href":"https:\/\/miamedic.lt\/en\/wp-json\/wp\/v2\/types\/product"}],"replies":[{"embeddable":true,"href":"https:\/\/miamedic.lt\/en\/wp-json\/wp\/v2\/comments?post=10991"}],"version-history":[{"count":3,"href":"https:\/\/miamedic.lt\/en\/wp-json\/wp\/v2\/product\/10991\/revisions"}],"predecessor-version":[{"id":12763,"href":"https:\/\/miamedic.lt\/en\/wp-json\/wp\/v2\/product\/10991\/revisions\/12763"}],"wp:featuredmedia":[{"embeddable":true,"href":"https:\/\/miamedic.lt\/en\/wp-json\/wp\/v2\/media\/10995"}],"wp:attachment":[{"href":"https:\/\/miamedic.lt\/en\/wp-json\/wp\/v2\/media?parent=10991"}],"wp:term":[{"taxonomy":"product_cat","embeddable":true,"href":"https:\/\/miamedic.lt\/en\/wp-json\/wp\/v2\/product_cat?post=10991"},{"taxonomy":"product_tag","embeddable":true,"href":"https:\/\/miamedic.lt\/en\/wp-json\/wp\/v2\/product_tag?post=10991"}],"curies":[{"name":"wp","href":"https:\/\/api.w.org\/{rel}","templated":true}]}}