{"id":10985,"date":"2025-08-29T15:29:10","date_gmt":"2025-08-29T15:29:10","guid":{"rendered":"https:\/\/miamedic.lt\/?post_type=product&#038;p=10985"},"modified":"2026-01-09T10:44:50","modified_gmt":"2026-01-09T10:44:50","slug":"naturalus-eksfolijuojantis-sveitiklis","status":"publish","type":"product","link":"https:\/\/miamedic.lt\/en\/shop\/naturalus-eksfolijuojantis-sveitiklis\/","title":{"rendered":"Nat\u016bralus eksfolijuojantis \u0161veitiklis"},"content":{"rendered":"<p data-start=\"154\" data-end=\"249\"><strong data-start=\"154\" data-end=\"190\">Decaar Natural Exfoliation Scrub<\/strong> \u2013 nat\u016bralus \u0161veitiklis odai su \u0161ilko \u0161velnumu ir \u0161vyt\u0117jimu<\/p>\n<p data-start=\"251\" data-end=\"505\">Pa\u017eangus veido \u0161veitiklis, kurio formul\u0117 \u0161velniai \u0161vei\u010dia od\u0105, skatina nat\u016bral\u0173 \u0161vyt\u0117jim\u0105, \u0161ilko \u0161velnum\u0105 ir skaistum\u0105. \u0160is \u0161velnus pilingas efektyviai valo u\u017esikim\u0161usias poras ir komedonus, tuo pa\u010diu ramindamas od\u0105 ir gr\u0105\u017eindamas jai gyvybing\u0105 i\u0161vaizd\u0105.<\/p>\n<p data-start=\"507\" data-end=\"520\"><strong data-start=\"507\" data-end=\"520\">Effect:<\/strong><\/p>\n<ul data-start=\"521\" data-end=\"819\">\n<li data-start=\"521\" data-end=\"591\">\n<p data-start=\"523\" data-end=\"591\">\u0160velniai nu\u0161vei\u010dia negyvas odos l\u0105steles, gerindamas odos tekst\u016br\u0105<\/p>\n<\/li>\n<li data-start=\"592\" data-end=\"654\">\n<p data-start=\"594\" data-end=\"654\">I\u0161valo poras ir padeda kovoti su ink\u0161tirais bei komedonais<\/p>\n<\/li>\n<li data-start=\"655\" data-end=\"711\">\n<p data-start=\"657\" data-end=\"711\">Ramina od\u0105, dr\u0117kina ir suteikia nat\u016bralaus spindesio<\/p>\n<\/li>\n<li data-start=\"712\" data-end=\"772\">\n<p data-start=\"714\" data-end=\"772\">Saugo nuo d\u0117meli\u0173 atsiradimo ir atkuria odos elastingum\u0105<\/p>\n<\/li>\n<li data-start=\"773\" data-end=\"819\">\n<p data-start=\"775\" data-end=\"819\">Stiprina komforto jausm\u0105 ir suteikia gaivumo<\/p>\n<\/li>\n<\/ul>\n<p data-start=\"821\" data-end=\"1176\"><strong data-start=\"821\" data-end=\"836\">Usage:<\/strong><br \/>\nAnt \u0161varios odos u\u017etepkite nedidel\u012f kiek\u012f \u0161veitiklio ir \u0161velniais sukamaisiais judesiais masa\u017euokite 15\u201330 sekund\u017ei\u0173 (pagal odos jautrum\u0105), vengiant aki\u0173 ir burnos zonos. Po to palikite kaip kauk\u0119 5\u201310 minu\u010di\u0173, tada kruop\u0161\u010diai nuplaukite drungnu vandeniu ir t\u0119skite \u012fprast\u0105 prie\u017ei\u016bros rutin\u0105. Rekomenduojama naudoti 2\u20133 kartus per savait\u0119.<\/p>\n<p data-start=\"1178\" data-end=\"1339\"><strong data-start=\"1178\" data-end=\"1200\">Tinka odos tipams:<\/strong><br \/>\nVis\u0173 tip\u0173 odai, \u012fskaitant jautri\u0105 ir pleiskanojan\u010di\u0105 \u2013 puikiai tinka tiems, kurie ie\u0161ko tiek \u0161velnaus, tiek efektyvaus \u0161vyt\u0117jimo \u0161altinio.<\/p>","protected":false},"excerpt":{"rendered":"<p>Nat\u016bralus \u0161veitiklis odai \u0161ilko \u0161velnumui ir \u0161vyt\u0117jimui<\/p>","protected":false},"featured_media":10986,"comment_status":"open","ping_status":"closed","template":"","meta":[],"product_cat":[110],"product_tag":[],"class_list":{"0":"post-10985","1":"product","2":"type-product","3":"status-publish","4":"has-post-thumbnail","6":"product_cat-sveitikliai","7":"pa_brands-decaar","8":"pa_talpa-150ml","9":"pa_talpa-15ml","10":"pa_talpa-50ml-2","12":"first","13":"instock","14":"taxable","15":"shipping-taxable","16":"purchasable","17":"product-type-variable"},"_links":{"self":[{"href":"https:\/\/miamedic.lt\/en\/wp-json\/wp\/v2\/product\/10985","targetHints":{"allow":["GET"]}}],"collection":[{"href":"https:\/\/miamedic.lt\/en\/wp-json\/wp\/v2\/product"}],"about":[{"href":"https:\/\/miamedic.lt\/en\/wp-json\/wp\/v2\/types\/product"}],"replies":[{"embeddable":true,"href":"https:\/\/miamedic.lt\/en\/wp-json\/wp\/v2\/comments?post=10985"}],"version-history":[{"count":3,"href":"https:\/\/miamedic.lt\/en\/wp-json\/wp\/v2\/product\/10985\/revisions"}],"predecessor-version":[{"id":11500,"href":"https:\/\/miamedic.lt\/en\/wp-json\/wp\/v2\/product\/10985\/revisions\/11500"}],"wp:featuredmedia":[{"embeddable":true,"href":"https:\/\/miamedic.lt\/en\/wp-json\/wp\/v2\/media\/10986"}],"wp:attachment":[{"href":"https:\/\/miamedic.lt\/en\/wp-json\/wp\/v2\/media?parent=10985"}],"wp:term":[{"taxonomy":"product_cat","embeddable":true,"href":"https:\/\/miamedic.lt\/en\/wp-json\/wp\/v2\/product_cat?post=10985"},{"taxonomy":"product_tag","embeddable":true,"href":"https:\/\/miamedic.lt\/en\/wp-json\/wp\/v2\/product_tag?post=10985"}],"curies":[{"name":"wp","href":"https:\/\/api.w.org\/{rel}","templated":true}]}}