{"id":10979,"date":"2025-08-29T15:25:08","date_gmt":"2025-08-29T15:25:08","guid":{"rendered":"https:\/\/miamedic.lt\/?post_type=product&#038;p=10979"},"modified":"2025-12-01T10:20:43","modified_gmt":"2025-12-01T10:20:43","slug":"ph-balansuojantis-tonikas","status":"publish","type":"product","link":"https:\/\/miamedic.lt\/en\/shop\/ph-balansuojantis-tonikas\/","title":{"rendered":"PH balansuojantis tonikas"},"content":{"rendered":"<p data-start=\"174\" data-end=\"272\"><strong data-start=\"174\" data-end=\"232\">Decaar pH Balansuojantis Tonikas (pH Balancing Lotion)<\/strong> \u2013 \u0161velniai r\u016bpinasi odos pH ir raminimu<\/p>\n<p data-start=\"274\" data-end=\"431\">Nat\u016brali\u0173 ingredient\u0173 tonikas, skirtas palaikyti odos pH pusiausvyr\u0105, mink\u0161tina od\u0105 ir atkuria nat\u016brali\u0105 odos apsaug\u0105, kartu suteikdamas gaivumo ir komforto.<\/p>\n<p data-start=\"433\" data-end=\"446\"><strong data-start=\"433\" data-end=\"446\">Effect:<\/strong><\/p>\n<ul data-start=\"447\" data-end=\"692\">\n<li data-start=\"447\" data-end=\"500\">\n<p data-start=\"449\" data-end=\"500\">Subalansuoja odos pH ir atkuria nat\u016brali\u0105 apsaug\u0105<\/p>\n<\/li>\n<li data-start=\"501\" data-end=\"556\">\n<p data-start=\"503\" data-end=\"556\">Raminan\u010diai veikia od\u0105, neutralizuodamas sudirgimus<\/p>\n<\/li>\n<li data-start=\"557\" data-end=\"597\">\n<p data-start=\"559\" data-end=\"597\">Mink\u0161tina ir puosel\u0117ja odos pavir\u0161i\u0173<\/p>\n<\/li>\n<li data-start=\"598\" data-end=\"692\">\n<p data-start=\"600\" data-end=\"692\">Tinka kaip kasdien\u0117s odos prie\u017ei\u016bros u\u017ebaigimo \u017eingsnis, ruo\u0161iant od\u0105 tolimesniam dr\u0117kinimui<\/p>\n<\/li>\n<\/ul>\n<p data-start=\"694\" data-end=\"887\"><strong data-start=\"694\" data-end=\"709\">Usage:<\/strong><br \/>\nRyte ir vakare, po prausimosi, ant vatos diskelio u\u017epilkite nedidel\u012f toniko kiek\u012f ir \u0161velniai perbraukite per veid\u0105, kakl\u0105 ir dekolt\u0119. Tolimesn\u0119 odos prie\u017ei\u016br\u0105 t\u0119skite \u012fprastai.<\/p>\n<p data-start=\"889\" data-end=\"980\"><strong data-start=\"889\" data-end=\"911\">Tinka odos tipams:<\/strong><br \/>\nVis\u0173 tip\u0173 odai, \u012fskaitant jautri\u0105, dehidratuot\u0105 ar jautri\u0105.<\/p>\n<p data-start=\"982\" data-end=\"1038\">","protected":false},"excerpt":{"rendered":"<p>Tonikas \u0161velniai r\u016bpinasi odos pH ir raminimu<\/p>","protected":false},"featured_media":10980,"comment_status":"open","ping_status":"closed","template":"","meta":[],"product_cat":[105],"product_tag":[],"class_list":{"0":"post-10979","1":"product","2":"type-product","3":"status-publish","4":"has-post-thumbnail","6":"product_cat-tonikai","7":"pa_brands-decaar","8":"pa_talpa-150ml","9":"pa_talpa-40ml-2","10":"pa_talpa-500ml","12":"first","13":"instock","14":"taxable","15":"shipping-taxable","16":"purchasable","17":"product-type-variable"},"_links":{"self":[{"href":"https:\/\/miamedic.lt\/en\/wp-json\/wp\/v2\/product\/10979","targetHints":{"allow":["GET"]}}],"collection":[{"href":"https:\/\/miamedic.lt\/en\/wp-json\/wp\/v2\/product"}],"about":[{"href":"https:\/\/miamedic.lt\/en\/wp-json\/wp\/v2\/types\/product"}],"replies":[{"embeddable":true,"href":"https:\/\/miamedic.lt\/en\/wp-json\/wp\/v2\/comments?post=10979"}],"version-history":[{"count":2,"href":"https:\/\/miamedic.lt\/en\/wp-json\/wp\/v2\/product\/10979\/revisions"}],"predecessor-version":[{"id":12320,"href":"https:\/\/miamedic.lt\/en\/wp-json\/wp\/v2\/product\/10979\/revisions\/12320"}],"wp:featuredmedia":[{"embeddable":true,"href":"https:\/\/miamedic.lt\/en\/wp-json\/wp\/v2\/media\/10980"}],"wp:attachment":[{"href":"https:\/\/miamedic.lt\/en\/wp-json\/wp\/v2\/media?parent=10979"}],"wp:term":[{"taxonomy":"product_cat","embeddable":true,"href":"https:\/\/miamedic.lt\/en\/wp-json\/wp\/v2\/product_cat?post=10979"},{"taxonomy":"product_tag","embeddable":true,"href":"https:\/\/miamedic.lt\/en\/wp-json\/wp\/v2\/product_tag?post=10979"}],"curies":[{"name":"wp","href":"https:\/\/api.w.org\/{rel}","templated":true}]}}