{"id":10973,"date":"2025-08-29T15:20:36","date_gmt":"2025-08-29T15:20:36","guid":{"rendered":"https:\/\/miamedic.lt\/?post_type=product&#038;p=10973"},"modified":"2026-01-09T10:42:08","modified_gmt":"2026-01-09T10:42:08","slug":"fito-tonikas","status":"publish","type":"product","link":"https:\/\/miamedic.lt\/en\/shop\/fito-tonikas\/","title":{"rendered":"Fito tonikas"},"content":{"rendered":"<p data-start=\"0\" data-end=\"112\"><strong data-start=\"0\" data-end=\"38\">Decaar Fito Tonikas (Phyto Lotion)<\/strong> \u2013 \u0161velus ir nat\u016bralus augalinis tonikas riebiai bei \u012f akn\u0119 linkusiai odai<\/p>\n<p data-start=\"114\" data-end=\"324\"><strong data-start=\"114\" data-end=\"138\">Trumpas apib\u016bdinimas<\/strong><br data-start=\"138\" data-end=\"141\" \/>Nat\u016brali\u0173 augalini\u0173 ekstrakt\u0173 pagrindu sukurtas tonikas padeda \u0161velniai i\u0161valyti od\u0105, subalansuoti riebal\u0173 i\u0161siskyrim\u0105 ir suteikti matin\u0119 \u0161vyt\u0117jimo i\u0161vaizd\u0105 be odos barjero pa\u017eeidimo.<\/p>\n<p data-start=\"326\" data-end=\"341\"><strong data-start=\"326\" data-end=\"339\">Effect:<\/strong><\/p>\n<ul data-start=\"342\" data-end=\"631\">\n<li data-start=\"342\" data-end=\"479\">\n<p data-start=\"344\" data-end=\"479\"><strong data-start=\"344\" data-end=\"378\">Valo gilesnius odos sluoksnius<\/strong> \u2014 skatina por\u0173 i\u0161valym\u0105 ir kovoja su ink\u0161tirais bei spuogais<\/p>\n<\/li>\n<li data-start=\"480\" data-end=\"631\">\n<p data-start=\"482\" data-end=\"631\"><strong data-start=\"482\" data-end=\"522\">Sutraukia poras ir reguliuoja sebum\u0105<\/strong> \u2014 ma\u017eina blizges\u012f, taip pad\u0117damas i\u0161laikyti matin\u012f bei sveik\u0105 vaizd\u0105<\/p>\n<\/li>\n<\/ul>\n<p data-start=\"633\" data-end=\"810\"><strong data-start=\"633\" data-end=\"648\">Usage:<\/strong><br data-start=\"648\" data-end=\"651\" \/>Ryte ir vakare, po prausimosi, tonik\u0105 suvilgykite ant vatos diskelio ir \u0161velniai nuvalykite veid\u0105, kakl\u0105 ir dekolt\u0117 zon\u0105<\/p>","protected":false},"excerpt":{"rendered":"<p>\u0160velus ir nat\u016bralus augalinis tonikas riebiai bei \u012f akn\u0119 linkusiai odai<\/p>","protected":false},"featured_media":10974,"comment_status":"open","ping_status":"closed","template":"","meta":[],"product_cat":[105],"product_tag":[],"class_list":{"0":"post-10973","1":"product","2":"type-product","3":"status-publish","4":"has-post-thumbnail","6":"product_cat-tonikai","7":"pa_brands-decaar","8":"pa_talpa-150ml","9":"pa_talpa-40ml-2","10":"pa_talpa-500ml","12":"first","13":"instock","14":"taxable","15":"shipping-taxable","16":"purchasable","17":"product-type-variable"},"_links":{"self":[{"href":"https:\/\/miamedic.lt\/en\/wp-json\/wp\/v2\/product\/10973","targetHints":{"allow":["GET"]}}],"collection":[{"href":"https:\/\/miamedic.lt\/en\/wp-json\/wp\/v2\/product"}],"about":[{"href":"https:\/\/miamedic.lt\/en\/wp-json\/wp\/v2\/types\/product"}],"replies":[{"embeddable":true,"href":"https:\/\/miamedic.lt\/en\/wp-json\/wp\/v2\/comments?post=10973"}],"version-history":[{"count":2,"href":"https:\/\/miamedic.lt\/en\/wp-json\/wp\/v2\/product\/10973\/revisions"}],"predecessor-version":[{"id":12321,"href":"https:\/\/miamedic.lt\/en\/wp-json\/wp\/v2\/product\/10973\/revisions\/12321"}],"wp:featuredmedia":[{"embeddable":true,"href":"https:\/\/miamedic.lt\/en\/wp-json\/wp\/v2\/media\/10974"}],"wp:attachment":[{"href":"https:\/\/miamedic.lt\/en\/wp-json\/wp\/v2\/media?parent=10973"}],"wp:term":[{"taxonomy":"product_cat","embeddable":true,"href":"https:\/\/miamedic.lt\/en\/wp-json\/wp\/v2\/product_cat?post=10973"},{"taxonomy":"product_tag","embeddable":true,"href":"https:\/\/miamedic.lt\/en\/wp-json\/wp\/v2\/product_tag?post=10973"}],"curies":[{"name":"wp","href":"https:\/\/api.w.org\/{rel}","templated":true}]}}