{"id":10967,"date":"2025-08-29T15:16:40","date_gmt":"2025-08-29T15:16:40","guid":{"rendered":"https:\/\/miamedic.lt\/?post_type=product&#038;p=10967"},"modified":"2026-01-09T10:40:56","modified_gmt":"2026-01-09T10:40:56","slug":"dvifazis-makiazo-valiklis","status":"publish","type":"product","link":"https:\/\/miamedic.lt\/en\/shop\/dvifazis-makiazo-valiklis\/","title":{"rendered":"Dvifazis makia\u017eo valiklis"},"content":{"rendered":"<p data-start=\"113\" data-end=\"224\"><strong data-start=\"113\" data-end=\"150\">Decaar Dual Phase Make-Up Remover<\/strong> \u2013 dvifazis makia\u017eo valiklis visiems odos tipams<\/p>\n<p data-start=\"226\" data-end=\"441\">Dvifaz\u0117 priemon\u0117, kurioje susijungia vandenin\u0117 ir aliejin\u0117 formul\u0117s \u2014 i\u0161kart po suplakimo efektyviai pa\u0161alina net vandeniui atspar\u0173 makia\u017e\u0105 bei ne\u0161varumus, tuo pat metu dr\u0117kindama od\u0105 ir nepalikdama sausumo poj\u016b\u010dio.<\/p>\n<p data-start=\"443\" data-end=\"456\"><strong data-start=\"443\" data-end=\"456\">Effect:<\/strong><\/p>\n<ul data-start=\"457\" data-end=\"712\">\n<li data-start=\"457\" data-end=\"531\">\n<p data-start=\"459\" data-end=\"531\">\u0160velniai, bet veiksmingai nuvalo makia\u017e\u0105, \u012fskaitant atspari\u0105 kosmetik\u0105<\/p>\n<\/li>\n<li data-start=\"532\" data-end=\"583\">\n<p data-start=\"534\" data-end=\"583\">Sutrumpina valymo ritual\u0105 be papildom\u0173 \u0161veitim\u0173<\/p>\n<\/li>\n<li data-start=\"584\" data-end=\"628\">\n<p data-start=\"586\" data-end=\"628\">Dr\u0117kina, ramina ir stiprina odos barjer\u0105<\/p>\n<\/li>\n<li data-start=\"629\" data-end=\"712\">\n<p data-start=\"631\" data-end=\"712\">\u0160viesina odos ton\u0105, suteikia komfort\u0105 ir palengvina kasdien\u012f makia\u017eo pa\u0161alinim\u0105<\/p>\n<\/li>\n<\/ul>\n<p data-start=\"714\" data-end=\"962\"><strong data-start=\"714\" data-end=\"729\">Usage:<\/strong><br \/>\nPrie\u0161 naudojim\u0105 gerai suplakite buteliuk\u0105, kad pasisluoksniai susimai\u0161yt\u0173. Sudr\u0117kinkite vatos diskel\u012f ir \u0161velniai nuvalykite makia\u017e\u0105 \u2014 pradedant nuo aki\u0173, l\u016bp\u0173, tuomet viso veido. T\u0119skite \u012fprast\u0105 valymo rutin\u0105 pasirinktu prausikliu.<\/p>","protected":false},"excerpt":{"rendered":"<p>Dvifazis makia\u017eo valiklis visiems odos tipams<\/p>","protected":false},"featured_media":10968,"comment_status":"open","ping_status":"closed","template":"","meta":[],"product_cat":[191],"product_tag":[],"class_list":{"0":"post-10967","1":"product","2":"type-product","3":"status-publish","4":"has-post-thumbnail","6":"product_cat-makiazo-valymas-veido-prieziura","7":"pa_brands-decaar","8":"pa_talpa-150ml","9":"pa_talpa-250ml","10":"pa_talpa-40ml-2","12":"first","13":"instock","14":"taxable","15":"shipping-taxable","16":"purchasable","17":"product-type-variable"},"_links":{"self":[{"href":"https:\/\/miamedic.lt\/en\/wp-json\/wp\/v2\/product\/10967","targetHints":{"allow":["GET"]}}],"collection":[{"href":"https:\/\/miamedic.lt\/en\/wp-json\/wp\/v2\/product"}],"about":[{"href":"https:\/\/miamedic.lt\/en\/wp-json\/wp\/v2\/types\/product"}],"replies":[{"embeddable":true,"href":"https:\/\/miamedic.lt\/en\/wp-json\/wp\/v2\/comments?post=10967"}],"version-history":[{"count":2,"href":"https:\/\/miamedic.lt\/en\/wp-json\/wp\/v2\/product\/10967\/revisions"}],"predecessor-version":[{"id":12322,"href":"https:\/\/miamedic.lt\/en\/wp-json\/wp\/v2\/product\/10967\/revisions\/12322"}],"wp:featuredmedia":[{"embeddable":true,"href":"https:\/\/miamedic.lt\/en\/wp-json\/wp\/v2\/media\/10968"}],"wp:attachment":[{"href":"https:\/\/miamedic.lt\/en\/wp-json\/wp\/v2\/media?parent=10967"}],"wp:term":[{"taxonomy":"product_cat","embeddable":true,"href":"https:\/\/miamedic.lt\/en\/wp-json\/wp\/v2\/product_cat?post=10967"},{"taxonomy":"product_tag","embeddable":true,"href":"https:\/\/miamedic.lt\/en\/wp-json\/wp\/v2\/product_tag?post=10967"}],"curies":[{"name":"wp","href":"https:\/\/api.w.org\/{rel}","templated":true}]}}