{"id":10962,"date":"2025-08-29T15:12:14","date_gmt":"2025-08-29T15:12:14","guid":{"rendered":"https:\/\/miamedic.lt\/?post_type=product&#038;p=10962"},"modified":"2026-01-09T10:40:02","modified_gmt":"2026-01-09T10:40:02","slug":"makiazo-valiklis-ir-micelinis-tonikas","status":"publish","type":"product","link":"https:\/\/miamedic.lt\/en\/shop\/makiazo-valiklis-ir-micelinis-tonikas\/","title":{"rendered":"MAKIA\u017dO VALIKLIS IR MICELINIS TONIKAS"},"content":{"rendered":"<p data-start=\"101\" data-end=\"214\"><strong data-start=\"101\" data-end=\"157\">Decaar Cleansing and Make-up Remover Micellar Lotion<\/strong> \u2013 universalus makia\u017eo valiklis ir tonikas jautriai odai<\/p>\n<p data-start=\"216\" data-end=\"471\">Viskas viename priemon\u0117, \u0161velniai pa\u0161alinanti makia\u017e\u0105, tonizuojanti ir dr\u0117kinanti od\u0105 \u2013 tinka net jautriausioms sritims, tokioms kaip aki\u0173 kont\u016bras ir l\u016bpos. Nealergi\u0161ka, be alkoholio ir dirginan\u010di\u0173 ingredient\u0173 formul\u0117 suteikia komfort\u0105 be tempimo jausmo.<\/p>\n<p data-start=\"473\" data-end=\"486\"><strong data-start=\"473\" data-end=\"486\">Effect:<\/strong><\/p>\n<ul data-start=\"487\" data-end=\"750\">\n<li data-start=\"487\" data-end=\"549\">\n<p data-start=\"489\" data-end=\"549\">\u0160velniai pa\u0161alina makia\u017e\u0105, ne\u0161varumus ir riebal\u0173 pertekli\u0173<\/p>\n<\/li>\n<li data-start=\"550\" data-end=\"617\">\n<p data-start=\"552\" data-end=\"617\">Tonizuoja ir dr\u0117kina od\u0105, nesutrikdydama jos nat\u016bralaus balanso<\/p>\n<\/li>\n<li data-start=\"618\" data-end=\"750\">\n<p data-start=\"620\" data-end=\"750\">Maitina blakstienas \u2013 jau po poros savai\u010di\u0173 naudojimo rezultatai matomi aki\u0173 zonoje: tankesn\u0117s, sveikesn\u0117s ir ilgesn\u0117s blakstienos<\/p>\n<\/li>\n<\/ul>\n<p data-start=\"752\" data-end=\"934\"><strong data-start=\"752\" data-end=\"767\">Usage:<\/strong><br \/>\nSudr\u0117kinkite vatos diskel\u012f, \u0161velniai perbraukite per veid\u0105, akis ir l\u016bpas. Nenuplaukite. Galima naudoti kaip kasdieninio odos valymo dal\u012f, pirm\u0105j\u0105 proced\u016bros stadij\u0105.<\/p>","protected":false},"excerpt":{"rendered":"<p>Universalus makia\u017eo valiklis ir tonikas jautriai odai<\/p>","protected":false},"featured_media":10963,"comment_status":"open","ping_status":"closed","template":"","meta":[],"product_cat":[191,105],"product_tag":[],"class_list":{"0":"post-10962","1":"product","2":"type-product","3":"status-publish","4":"has-post-thumbnail","6":"product_cat-makiazo-valymas-veido-prieziura","7":"product_cat-tonikai","8":"pa_brands-decaar","9":"pa_talpa-150ml","10":"pa_talpa-500ml","12":"first","13":"instock","14":"taxable","15":"shipping-taxable","16":"purchasable","17":"product-type-variable"},"_links":{"self":[{"href":"https:\/\/miamedic.lt\/en\/wp-json\/wp\/v2\/product\/10962","targetHints":{"allow":["GET"]}}],"collection":[{"href":"https:\/\/miamedic.lt\/en\/wp-json\/wp\/v2\/product"}],"about":[{"href":"https:\/\/miamedic.lt\/en\/wp-json\/wp\/v2\/types\/product"}],"replies":[{"embeddable":true,"href":"https:\/\/miamedic.lt\/en\/wp-json\/wp\/v2\/comments?post=10962"}],"version-history":[{"count":2,"href":"https:\/\/miamedic.lt\/en\/wp-json\/wp\/v2\/product\/10962\/revisions"}],"predecessor-version":[{"id":12323,"href":"https:\/\/miamedic.lt\/en\/wp-json\/wp\/v2\/product\/10962\/revisions\/12323"}],"wp:featuredmedia":[{"embeddable":true,"href":"https:\/\/miamedic.lt\/en\/wp-json\/wp\/v2\/media\/10963"}],"wp:attachment":[{"href":"https:\/\/miamedic.lt\/en\/wp-json\/wp\/v2\/media?parent=10962"}],"wp:term":[{"taxonomy":"product_cat","embeddable":true,"href":"https:\/\/miamedic.lt\/en\/wp-json\/wp\/v2\/product_cat?post=10962"},{"taxonomy":"product_tag","embeddable":true,"href":"https:\/\/miamedic.lt\/en\/wp-json\/wp\/v2\/product_tag?post=10962"}],"curies":[{"name":"wp","href":"https:\/\/api.w.org\/{rel}","templated":true}]}}