{"id":10954,"date":"2025-08-29T15:05:19","date_gmt":"2025-08-29T15:05:19","guid":{"rendered":"https:\/\/miamedic.lt\/?post_type=product&#038;p=10954"},"modified":"2026-01-09T10:39:12","modified_gmt":"2026-01-09T10:39:12","slug":"valomasis-prausimosi-gelis","status":"publish","type":"product","link":"https:\/\/miamedic.lt\/en\/shop\/valomasis-prausimosi-gelis\/","title":{"rendered":"Valomasis prausimosi gelis"},"content":{"rendered":"<p data-start=\"110\" data-end=\"226\"><strong data-start=\"113\" data-end=\"140\">Decaar Purifying Cleansing Gel<\/strong> \u2013 \u0161velnus gelinis prausiklis, giliai valantis, bet tausojantis odos apsaugin\u0119 sistem\u0105<\/p>\n<p data-start=\"228\" data-end=\"379\">Lengvas, giliai valantis veido prausiklis, kuris pa\u0161alina ne\u0161varumus ir perteklin\u012f sebum\u0105, tuo pa\u010diu metu palaikydamas odos nat\u016bral\u0173 apsaugin\u012f barjer\u0105.<\/p>\n<p data-start=\"381\" data-end=\"397\"><strong data-start=\"385\" data-end=\"397\">Effect<\/strong><\/p>\n<ul data-start=\"398\" data-end=\"659\">\n<li data-start=\"398\" data-end=\"465\">\n<p data-start=\"400\" data-end=\"465\">\u0160velniai, bet efektyviai valo od\u0105 ir pa\u0161alina riebal\u0173 pertekli\u0173<\/p>\n<\/li>\n<li data-start=\"466\" data-end=\"522\">\n<p data-start=\"468\" data-end=\"522\">Padeda kovoti su spuog\u0173 i\u0161vaizda ir por\u0173 u\u017esikim\u0161imu<\/p>\n<\/li>\n<li data-start=\"523\" data-end=\"608\">\n<p data-start=\"525\" data-end=\"608\">Raminan\u010dios sudedamosios dalys dr\u0117kina, ma\u017eina paraudim\u0105 ir stiprina odos barjer\u0105<\/p>\n<\/li>\n<li data-start=\"609\" data-end=\"659\">\n<p data-start=\"611\" data-end=\"659\">Skatina odos komfort\u0105 ir suteikia gaivumo poj\u016bt\u012f<\/p>\n<\/li>\n<\/ul>\n<p data-start=\"661\" data-end=\"679\"><strong data-start=\"665\" data-end=\"679\">Naudojimas<\/strong><\/p>\n<p data-start=\"680\" data-end=\"873\">Ant dr\u0117gnos veido odos u\u017etepkite reikiam\u0105 kiek\u012f gelio ir \u0161velniai \u012fmasa\u017euokite. Kruop\u0161\u010diai nuplaukite vandeniu, nusausinkite ir t\u0119skite kasdien\u012f odos prie\u017ei\u016bros ritual\u0105. Naudoti ryte ir vakare.<\/p>","protected":false},"excerpt":{"rendered":"<p>\u0160velnus gelinis prausiklis, giliai valantis, bet tausojantis odos apsaugin\u0119 sistem\u0105<\/p>","protected":false},"featured_media":10955,"comment_status":"open","ping_status":"closed","template":"","meta":[],"product_cat":[124],"product_tag":[],"class_list":{"0":"post-10954","1":"product","2":"type-product","3":"status-publish","4":"has-post-thumbnail","6":"product_cat-prausikliai","7":"pa_brands-decaar","8":"pa_talpa-150ml","9":"pa_talpa-30ml-2","10":"pa_talpa-500ml","12":"first","13":"instock","14":"taxable","15":"shipping-taxable","16":"purchasable","17":"product-type-variable"},"_links":{"self":[{"href":"https:\/\/miamedic.lt\/en\/wp-json\/wp\/v2\/product\/10954","targetHints":{"allow":["GET"]}}],"collection":[{"href":"https:\/\/miamedic.lt\/en\/wp-json\/wp\/v2\/product"}],"about":[{"href":"https:\/\/miamedic.lt\/en\/wp-json\/wp\/v2\/types\/product"}],"replies":[{"embeddable":true,"href":"https:\/\/miamedic.lt\/en\/wp-json\/wp\/v2\/comments?post=10954"}],"version-history":[{"count":2,"href":"https:\/\/miamedic.lt\/en\/wp-json\/wp\/v2\/product\/10954\/revisions"}],"predecessor-version":[{"id":12324,"href":"https:\/\/miamedic.lt\/en\/wp-json\/wp\/v2\/product\/10954\/revisions\/12324"}],"wp:featuredmedia":[{"embeddable":true,"href":"https:\/\/miamedic.lt\/en\/wp-json\/wp\/v2\/media\/10955"}],"wp:attachment":[{"href":"https:\/\/miamedic.lt\/en\/wp-json\/wp\/v2\/media?parent=10954"}],"wp:term":[{"taxonomy":"product_cat","embeddable":true,"href":"https:\/\/miamedic.lt\/en\/wp-json\/wp\/v2\/product_cat?post=10954"},{"taxonomy":"product_tag","embeddable":true,"href":"https:\/\/miamedic.lt\/en\/wp-json\/wp\/v2\/product_tag?post=10954"}],"curies":[{"name":"wp","href":"https:\/\/api.w.org\/{rel}","templated":true}]}}