{"id":10949,"date":"2025-08-29T14:10:37","date_gmt":"2025-08-29T14:10:37","guid":{"rendered":"https:\/\/miamedic.lt\/?post_type=product&#038;p=10949"},"modified":"2026-01-09T10:38:19","modified_gmt":"2026-01-09T10:38:19","slug":"valomasis-pienelis","status":"publish","type":"product","link":"https:\/\/miamedic.lt\/en\/shop\/valomasis-pienelis\/","title":{"rendered":"VALOMASIS PIENELIS"},"content":{"rendered":"<p data-start=\"1341\" data-end=\"1435\"><strong data-start=\"1341\" data-end=\"1366\">Decaar Cleansing Milk<\/strong> \u2013 \u0161velnus, \u017eemo pH valomasis pienelis jautriai ir dehidratuotai odai<\/p>\n<p data-start=\"1437\" data-end=\"1618\">\u0160velnaus, \u017eemo pH valomojo pienelio formul\u0117 efektyviai pa\u0161alina ne\u0161varumus ir makia\u017e\u0105, palaiko odos nat\u016bral\u0173 pH balans\u0105. Puikiai tinka jautrios, sausos ir dehidratuotos odos tipams.<\/p>\n<p data-start=\"1620\" data-end=\"1633\"><strong data-start=\"1620\" data-end=\"1633\">Effect:<\/strong><\/p>\n<ul data-start=\"1634\" data-end=\"1826\">\n<li data-start=\"1634\" data-end=\"1701\">\n<p data-start=\"1636\" data-end=\"1701\">\u0160velniai valo veido od\u0105, pa\u0161alina makia\u017e\u0105, ne\u0161varumus ir sebum\u0105<\/p>\n<\/li>\n<li data-start=\"1702\" data-end=\"1755\">\n<p data-start=\"1704\" data-end=\"1755\">I\u0161laiko odos nat\u016bral\u0173 dr\u0117gm\u0117s balans\u0105 ir komfort\u0105<\/p>\n<\/li>\n<li data-start=\"1756\" data-end=\"1826\">\n<p data-start=\"1758\" data-end=\"1826\">Tinka net jautriai ir dehidratuotai odai, nepa\u017eeid\u017eiant odos barjero<\/p>\n<\/li>\n<\/ul>\n<p data-start=\"1828\" data-end=\"2078\"><strong data-start=\"1828\" data-end=\"1843\">Usage:<\/strong><br \/>\nAnt dr\u0117gnos odos u\u017etepkite pasirinkto kiekio pienelio ir \u0161velniai masa\u017euokite. Nuvalykite dr\u0117gna servet\u0117le ar vatos disku, tuomet nuplaukite drungnu vandeniu, kol oda bus visi\u0161kai \u0161vari. Nusausinkite ir t\u0119skite \u012fprast\u0105 odos prie\u017ei\u016br\u0105.<\/p>","protected":false},"excerpt":{"rendered":"<p>\u0160velnus, \u017eemo pH valomasis pienelis jautriai ir dehidratuotai odai<\/p>","protected":false},"featured_media":10950,"comment_status":"open","ping_status":"closed","template":"","meta":[],"product_cat":[191,124],"product_tag":[],"class_list":{"0":"post-10949","1":"product","2":"type-product","3":"status-publish","4":"has-post-thumbnail","6":"product_cat-makiazo-valymas-veido-prieziura","7":"product_cat-prausikliai","8":"pa_brands-decaar","9":"pa_talpa-150ml","10":"pa_talpa-40ml-2","11":"pa_talpa-500ml","13":"first","14":"instock","15":"taxable","16":"shipping-taxable","17":"purchasable","18":"product-type-variable"},"_links":{"self":[{"href":"https:\/\/miamedic.lt\/en\/wp-json\/wp\/v2\/product\/10949","targetHints":{"allow":["GET"]}}],"collection":[{"href":"https:\/\/miamedic.lt\/en\/wp-json\/wp\/v2\/product"}],"about":[{"href":"https:\/\/miamedic.lt\/en\/wp-json\/wp\/v2\/types\/product"}],"replies":[{"embeddable":true,"href":"https:\/\/miamedic.lt\/en\/wp-json\/wp\/v2\/comments?post=10949"}],"version-history":[{"count":3,"href":"https:\/\/miamedic.lt\/en\/wp-json\/wp\/v2\/product\/10949\/revisions"}],"predecessor-version":[{"id":12325,"href":"https:\/\/miamedic.lt\/en\/wp-json\/wp\/v2\/product\/10949\/revisions\/12325"}],"wp:featuredmedia":[{"embeddable":true,"href":"https:\/\/miamedic.lt\/en\/wp-json\/wp\/v2\/media\/10950"}],"wp:attachment":[{"href":"https:\/\/miamedic.lt\/en\/wp-json\/wp\/v2\/media?parent=10949"}],"wp:term":[{"taxonomy":"product_cat","embeddable":true,"href":"https:\/\/miamedic.lt\/en\/wp-json\/wp\/v2\/product_cat?post=10949"},{"taxonomy":"product_tag","embeddable":true,"href":"https:\/\/miamedic.lt\/en\/wp-json\/wp\/v2\/product_tag?post=10949"}],"curies":[{"name":"wp","href":"https:\/\/api.w.org\/{rel}","templated":true}]}}