{"id":10944,"date":"2025-08-28T14:11:53","date_gmt":"2025-08-28T14:11:53","guid":{"rendered":"https:\/\/miamedic.lt\/?post_type=product&#038;p=10944"},"modified":"2026-03-02T10:59:38","modified_gmt":"2026-03-02T10:59:38","slug":"aqua-biotic-balancing-moisturizer","status":"publish","type":"product","link":"https:\/\/miamedic.lt\/en\/shop\/aqua-biotic-balancing-moisturizer\/","title":{"rendered":"Aqua-Biotic Balancing Moisturizer"},"content":{"rendered":"<p data-start=\"114\" data-end=\"236\"><strong data-start=\"114\" data-end=\"236\">Circadia Aqua-Biotic Balancing Moisturizer \u2013 dr\u0117kinamasis kremas mikrobiomo palaikymui ir barjero stiprinimui<\/strong><\/p>\n<p data-start=\"238\" data-end=\"582\"><strong data-start=\"238\" data-end=\"260\">Trumpas apra\u0161ymas:<\/strong><br data-start=\"260\" data-end=\"263\" \/>Aqua-Biotic Balancing Moisturizer \u2013 tai gaivus, lengvos gelin\u0117s konsistencijos vandens kremas, sukurtas giliam odos dr\u0117kinimui ir mikrobiomo atk\u016brimui. Jis padeda palaikyti optimali\u0105 odos pH pusiausvyr\u0105, stiprina apsaugin\u012f odos barjer\u0105 ir ramina jautri\u0105, pa\u017eeist\u0105 ar spuoguot\u0105 od\u0105.<\/p>\n<p data-start=\"589\" data-end=\"829\"><strong data-start=\"589\" data-end=\"604\">Odos tipas:<\/strong><br data-start=\"604\" data-end=\"607\" \/>Tinkamas \u012fvairiems tipams \u2013 jautriai, tonizuotai, mi\u0161riai, brand\u017eiai, spuoguotai ar pa\u017eeistai odai. Ypa\u010d naudingas esant sausinimui, hiperjautrumui, barjero sutrikimui ar brandai odai.<\/p>\n<p data-start=\"836\" data-end=\"851\"><strong data-start=\"836\" data-end=\"849\">Effect:<\/strong><\/p>\n<ul data-start=\"852\" data-end=\"1217\">\n<li data-start=\"852\" data-end=\"960\">\n<p data-start=\"854\" data-end=\"960\"><strong data-start=\"854\" data-end=\"904\">Barjero stiprinimas ir mikrobiomo pusiausvyra:<\/strong> paruo\u0161tas palaikyti odos imunin\u0119 sveikat\u0105 ir apsaug\u0105.<\/p>\n<\/li>\n<li data-start=\"961\" data-end=\"1088\">\n<p data-start=\"963\" data-end=\"1088\"><strong data-start=\"963\" data-end=\"1003\">Dr\u0117kinimas ir elastingumo gerinimas:<\/strong> ma\u017eina pavir\u0161ines rauk\u0161leles, odai suteikia \u0161ilkin\u0117s glotnumo ir stangrumo poj\u016bt\u012f.<\/p>\n<\/li>\n<li data-start=\"1089\" data-end=\"1217\">\n<p data-start=\"1091\" data-end=\"1217\"><strong data-start=\"1091\" data-end=\"1118\">Odos tono balansavimas:<\/strong> intensyviai dr\u0117kina, tonizuoja ir suvienodina odos spindes\u012f<\/p>\n<\/li>\n<\/ul>\n<p data-start=\"1224\" data-end=\"1424\"><strong data-start=\"1224\" data-end=\"1239\">Usage:<\/strong><br data-start=\"1239\" data-end=\"1242\" \/>Ryte ir vakare, po odos valymo ir serumo, nedidel\u012f kiek\u012f kremo u\u017etepkite ant veido ir kaklo. \u012etrinkite \u0161velniais judesiais, vengiant aki\u0173 zonos.<\/p>","protected":false},"excerpt":{"rendered":"<p>Dr\u0117kinamasis kremas mikrobiomo palaikymui ir barjero stiprinimui<\/p>","protected":false},"featured_media":10945,"comment_status":"open","ping_status":"closed","template":"","meta":[],"product_cat":[448,129],"product_tag":[],"class_list":{"0":"post-10944","1":"product","2":"type-product","3":"status-publish","4":"has-post-thumbnail","6":"product_cat-is-clinical-ir-circadia","7":"product_cat-veido-kremai","8":"pa_brands-circadia","9":"pa_talpa-59ml","11":"first","12":"instock","13":"taxable","14":"shipping-taxable","15":"purchasable","16":"product-type-simple"},"_links":{"self":[{"href":"https:\/\/miamedic.lt\/en\/wp-json\/wp\/v2\/product\/10944","targetHints":{"allow":["GET"]}}],"collection":[{"href":"https:\/\/miamedic.lt\/en\/wp-json\/wp\/v2\/product"}],"about":[{"href":"https:\/\/miamedic.lt\/en\/wp-json\/wp\/v2\/types\/product"}],"replies":[{"embeddable":true,"href":"https:\/\/miamedic.lt\/en\/wp-json\/wp\/v2\/comments?post=10944"}],"version-history":[{"count":3,"href":"https:\/\/miamedic.lt\/en\/wp-json\/wp\/v2\/product\/10944\/revisions"}],"predecessor-version":[{"id":12326,"href":"https:\/\/miamedic.lt\/en\/wp-json\/wp\/v2\/product\/10944\/revisions\/12326"}],"wp:featuredmedia":[{"embeddable":true,"href":"https:\/\/miamedic.lt\/en\/wp-json\/wp\/v2\/media\/10945"}],"wp:attachment":[{"href":"https:\/\/miamedic.lt\/en\/wp-json\/wp\/v2\/media?parent=10944"}],"wp:term":[{"taxonomy":"product_cat","embeddable":true,"href":"https:\/\/miamedic.lt\/en\/wp-json\/wp\/v2\/product_cat?post=10944"},{"taxonomy":"product_tag","embeddable":true,"href":"https:\/\/miamedic.lt\/en\/wp-json\/wp\/v2\/product_tag?post=10944"}],"curies":[{"name":"wp","href":"https:\/\/api.w.org\/{rel}","templated":true}]}}