{"id":10941,"date":"2025-08-28T14:03:15","date_gmt":"2025-08-28T14:03:15","guid":{"rendered":"https:\/\/miamedic.lt\/?post_type=product&#038;p=10941"},"modified":"2026-03-02T10:59:48","modified_gmt":"2026-03-02T10:59:48","slug":"chrono-calm-serum","status":"publish","type":"product","link":"https:\/\/miamedic.lt\/en\/shop\/chrono-calm-serum\/","title":{"rendered":"Chrono-Calm Serum"},"content":{"rendered":"<p><strong data-start=\"44\" data-end=\"156\">Circadia Chrono-Calm Serum \u2013 lengvas, vandens pagrindo serumas, skirtas nuraminti sudirgusi\u0105 od\u0105<\/strong><\/p>\n<p>Chrono-Calm Serum yra malonus, vanduo tir\u0161tas serum-koncentratas, sukurtas raminti l\u0117tin\u012f odos sudirgim\u0105, ma\u017einti paraudim\u0105 ir pastebim\u0105 kapiliar\u0173 i\u0161sipl\u0117tim\u0105.\u00a0Jis pasi\u017eymi lengva geline tekst\u016bra ir greitai \u012fsigeria, nepalenkdamas poj\u016b\u010dio nesvarumo.<\/p>\n<p><strong>Odos tipas:<\/strong><\/p>\n<p>Puikiai tinka jautriai odai, ypa\u010d turin\u010diai:<\/p>\n<ul data-start=\"548\" data-end=\"710\">\n<li data-start=\"548\" data-end=\"580\">Paraudim\u0105 ir l\u0117tin\u012f dirginim\u0105,<\/li>\n<li data-start=\"581\" data-end=\"622\">Matomi i\u0161sipl\u0117t\u0119 kapiliarai (kuperoz\u0117),<\/li>\n<li data-start=\"623\" data-end=\"710\">Po estetini\u0173 proced\u016br\u0173 arba reaguojan\u010diai odai<\/li>\n<\/ul>\n<p><strong>Effect:<\/strong><\/p>\n<ul data-start=\"548\" data-end=\"710\">\n<li data-start=\"734\" data-end=\"888\">Spektras nuo streso: ramina, suma\u017eina odos \u0161ilumos poj\u016bt\u012f bei stipr\u0173 diskomfort\u0105, pvz., \u201estuk\u010diojim\u0105\u201c ar deginim\u0105<\/li>\n<li data-start=\"889\" data-end=\"940\">Ma\u017eina matom\u0105 paraudim\u0105 ir kapiliar\u0173 i\u0161ry\u0161k\u0117jim\u0105.<\/li>\n<li data-start=\"941\" data-end=\"1059\">Skatina nat\u016bralius odos atsinaujinimo procesus ir stiprina barjerin\u0119 funkcij\u0105<\/li>\n<\/ul>\n<p><strong>Usage:<\/strong><\/p>\n<ul data-start=\"548\" data-end=\"710\">\n<li data-start=\"1066\" data-end=\"1084\">Ryte ir vakare, ant \u0161varios odos (veido ir kaklo). U\u017etepkite kelis la\u0161us \u012f pir\u0161t\u0173 galiukus ir lengvai paskirstykite.<\/li>\n<li data-start=\"1242\" data-end=\"1271\">Venkite kontakto su akimis.<\/li>\n<li data-start=\"1272\" data-end=\"1415\">Derinkite su Tranquili-Cream arba Aloe &amp; Calendula Calming Mist, kad sustiprintum\u0117te raminam\u0105j\u012f efekt\u0105<\/li>\n<\/ul>","protected":false},"excerpt":{"rendered":"<p>Lengvas, vandens pagrindo serumas, skirtas nuraminti sudirgusi\u0105 od\u0105<\/p>","protected":false},"featured_media":10942,"comment_status":"open","ping_status":"closed","template":"","meta":[],"product_cat":[448,107],"product_tag":[],"class_list":{"0":"post-10941","1":"product","2":"type-product","3":"status-publish","4":"has-post-thumbnail","6":"product_cat-is-clinical-ir-circadia","7":"product_cat-serumai","8":"pa_brands-circadia","9":"pa_talpa-15ml","11":"first","12":"instock","13":"taxable","14":"shipping-taxable","15":"purchasable","16":"product-type-simple"},"_links":{"self":[{"href":"https:\/\/miamedic.lt\/en\/wp-json\/wp\/v2\/product\/10941","targetHints":{"allow":["GET"]}}],"collection":[{"href":"https:\/\/miamedic.lt\/en\/wp-json\/wp\/v2\/product"}],"about":[{"href":"https:\/\/miamedic.lt\/en\/wp-json\/wp\/v2\/types\/product"}],"replies":[{"embeddable":true,"href":"https:\/\/miamedic.lt\/en\/wp-json\/wp\/v2\/comments?post=10941"}],"version-history":[{"count":3,"href":"https:\/\/miamedic.lt\/en\/wp-json\/wp\/v2\/product\/10941\/revisions"}],"predecessor-version":[{"id":12327,"href":"https:\/\/miamedic.lt\/en\/wp-json\/wp\/v2\/product\/10941\/revisions\/12327"}],"wp:featuredmedia":[{"embeddable":true,"href":"https:\/\/miamedic.lt\/en\/wp-json\/wp\/v2\/media\/10942"}],"wp:attachment":[{"href":"https:\/\/miamedic.lt\/en\/wp-json\/wp\/v2\/media?parent=10941"}],"wp:term":[{"taxonomy":"product_cat","embeddable":true,"href":"https:\/\/miamedic.lt\/en\/wp-json\/wp\/v2\/product_cat?post=10941"},{"taxonomy":"product_tag","embeddable":true,"href":"https:\/\/miamedic.lt\/en\/wp-json\/wp\/v2\/product_tag?post=10941"}],"curies":[{"name":"wp","href":"https:\/\/api.w.org\/{rel}","templated":true}]}}