{"id":10845,"date":"2025-07-29T13:24:27","date_gmt":"2025-07-29T13:24:27","guid":{"rendered":"https:\/\/miamedic.lt\/?post_type=product&#038;p=10845"},"modified":"2025-12-01T00:30:08","modified_gmt":"2025-12-01T00:30:08","slug":"10845","status":"publish","type":"product","link":"https:\/\/miamedic.lt\/en\/shop\/10845\/","title":{"rendered":"Organic Serum Foundation"},"content":{"rendered":"<p><b>INIKA Serum Foundation <\/b>\u2013 seruminis makia\u017eo pagrindas<\/p>\n<p>Tai lengvas, ilgai i\u0161liekantis seruminis makia\u017eo pagrindas, kuris tolygiai pasiskirsto ir susilieja su oda kaip antra oda.<\/p>\n<p><b>Effect:<\/b><\/p>\n<ul>\n<li><b>Saul\u0117gr\u0105\u017e\u0173 s\u0117kl\u0173 aliejus:<\/b> Padeda dr\u0117kinti od\u0105, ma\u017eina u\u017edegim\u0105 ir gerina odos tekst\u016br\u0105.<\/li>\n<li><b>Keramidai:<\/b> Padeda atkurti ir palaikyti nat\u016bral\u0173 odos barjer\u0105, i\u0161laikyti od\u0105 dr\u0117kinam\u0105 ir apsaugot\u0105 nuo aplinkos \u017ealos.<\/li>\n<li><b>Baobabo s\u0117klos:<\/b> \u0160i\u0173 s\u0117kl\u0173 aliejus giliai dr\u0117kina ir padeda skatinti odos elastingum\u0105 bei regeneracij\u0105.<\/li>\n<\/ul>\n<p><b>Usage:<\/b><\/p>\n<ul>\n<li>Gerai suplakti prie\u0161 naudojim\u0105.<\/li>\n<li>U\u017ela\u0161inkite kelis la\u0161us tiesiai ant veido arba naudokite INIKA makia\u017eo pagrindo \u0161epet\u0117l\u012f.<\/li>\n<li>\u0160velniai paskirstykite priemon\u0119 ant odos ma\u017eais sukamaisiais judesiais arba br\u016bk\u0161neliais.<\/li>\n<li>U\u017ela\u0161inkite papildom\u0173 la\u0161\u0173 tose vietose, kur norite didesnio padengimo.<\/li>\n<\/ul>","protected":false},"excerpt":{"rendered":"<p>Seruminis makia\u017eo pagrindas<\/p>","protected":false},"featured_media":10846,"comment_status":"open","ping_status":"closed","template":"","meta":[],"product_cat":[181],"product_tag":[],"class_list":{"0":"post-10845","1":"product","2":"type-product","3":"status-publish","4":"has-post-thumbnail","6":"product_cat-makiazo-pagrindas","7":"pa_brands-inika","8":"pa_talpa-25ml","10":"first","11":"instock","12":"taxable","13":"shipping-taxable","14":"purchasable","15":"product-type-variable"},"_links":{"self":[{"href":"https:\/\/miamedic.lt\/en\/wp-json\/wp\/v2\/product\/10845","targetHints":{"allow":["GET"]}}],"collection":[{"href":"https:\/\/miamedic.lt\/en\/wp-json\/wp\/v2\/product"}],"about":[{"href":"https:\/\/miamedic.lt\/en\/wp-json\/wp\/v2\/types\/product"}],"replies":[{"embeddable":true,"href":"https:\/\/miamedic.lt\/en\/wp-json\/wp\/v2\/comments?post=10845"}],"version-history":[{"count":2,"href":"https:\/\/miamedic.lt\/en\/wp-json\/wp\/v2\/product\/10845\/revisions"}],"predecessor-version":[{"id":10863,"href":"https:\/\/miamedic.lt\/en\/wp-json\/wp\/v2\/product\/10845\/revisions\/10863"}],"wp:featuredmedia":[{"embeddable":true,"href":"https:\/\/miamedic.lt\/en\/wp-json\/wp\/v2\/media\/10846"}],"wp:attachment":[{"href":"https:\/\/miamedic.lt\/en\/wp-json\/wp\/v2\/media?parent=10845"}],"wp:term":[{"taxonomy":"product_cat","embeddable":true,"href":"https:\/\/miamedic.lt\/en\/wp-json\/wp\/v2\/product_cat?post=10845"},{"taxonomy":"product_tag","embeddable":true,"href":"https:\/\/miamedic.lt\/en\/wp-json\/wp\/v2\/product_tag?post=10845"}],"curies":[{"name":"wp","href":"https:\/\/api.w.org\/{rel}","templated":true}]}}