{"id":10842,"date":"2025-07-29T13:15:28","date_gmt":"2025-07-29T13:15:28","guid":{"rendered":"https:\/\/miamedic.lt\/?post_type=product&#038;p=10842"},"modified":"2025-12-01T00:28:46","modified_gmt":"2025-12-01T00:28:46","slug":"organic-liquid-nectar","status":"publish","type":"product","link":"https:\/\/miamedic.lt\/en\/shop\/organic-liquid-nectar\/","title":{"rendered":"Organic Liquid Nectar"},"content":{"rendered":"<p><b>INIKA Organic Liquid Nectar<\/b> \u2013 daugiafunkcinis, greitai d\u017ei\u016bstantis aliejus<\/p>\n<p>\u0160is daugiafunkcinis, greitai d\u017ei\u016bstantis aliejus yra odos prie\u017ei\u016bros ir makia\u017eo hibridas, suteikiantis \u0161vytin\u010di\u0105 veido spalv\u0105 ir ilgalaik\u012f dr\u0117kinim\u0105. \u0160ilkin\u0117 formul\u0117 akimirksniu i\u0161lygina ir suvienodina odos ton\u0105, puikiai tinka dienoms be makia\u017eo arba kaip pagrindas nepriekai\u0161tingam makia\u017eui. Intensyviai maitinantis nektaras praturtintas sertifikuotais ekologi\u0161kais botaniniais aliejais, kurie pagerina dr\u0117kinim\u0105, elastingum\u0105 ir atkuria apsaugin\u012f odos barjer\u0105. \u0160i 100% nat\u016brali, nekomedogenin\u0117 formul\u0117 akimirksniu suteikia odai sveik\u0105 \u0161vyt\u0117jim\u0105, o laikui b\u0117gant padeda pagerinti tekst\u016br\u0105 ir stangrum\u0105.<\/p>\n<p><b>Odos tipas:<\/b> Tinka vis\u0173 tip\u0173 odai, ypa\u010d sausai ir brand\u017eiai odai.<\/p>\n<p><b>Effect:<\/b><\/p>\n<ul>\n<li>Padidina dr\u0117kinim\u0105, pagerina elastingum\u0105 ir padeda atkurti odos apsaugin\u012f barjer\u0105.<\/li>\n<li>Suteikia \u0161vyt\u0117jim\u0105 ir sveik\u0105 odos i\u0161vaizd\u0105.<\/li>\n<li>Pagerina odos tekst\u016br\u0105 ir stangrum\u0105 laikui b\u0117gant.<\/li>\n<li>Gausu omega riebal\u0173 r\u016bg\u0161\u010di\u0173 ir vitamino E.<\/li>\n<li>Akimirksniu dr\u0117kina ir mink\u0161tina odos tekst\u016br\u0105.<\/li>\n<li>Turtingas antioksidantais, kovojan\u010diais su laisvaisiais radikalais ir l\u0117tinan\u010diais prie\u0161laikin\u012f sen\u0117jim\u0105.<\/li>\n<li>Gali paskatinti kolageno gamyb\u0105.<\/li>\n<li>Padeda atkurti odos barjer\u0105 ir palaikyti dr\u0117gm\u0117s lyg\u012f.<\/li>\n<li>Pasi\u017eymi prie\u0161u\u017edegimin\u0117mis savyb\u0117mis, ramina od\u0105 ir ma\u017eina spuog\u0173 atsiradim\u0105.<\/li>\n<\/ul>\n<p><b>Usage:<\/b><\/p>\n<ul>\n<li>Kaip dr\u0117kiklis: naudokite vietoj dr\u0117kinamojo kremo ar veido aliejaus, kad pamaitintum\u0117te, sudr\u0117kintum\u0117te ir i\u0161lygintum\u0117te odos ton\u0105.<\/li>\n<li>Kaip makia\u017eo baz\u0117: tepkite kaip paskutin\u012f odos prie\u017ei\u016bros rutinos \u017eingsn\u012f prie\u0161 makia\u017eo tepim\u0105.<\/li>\n<li>Kaip \u0161vyt\u0117jimo suteikianti priemon\u0117: sumai\u0161ykite su makia\u017eu, kad pagerintum\u0117te jo sklaid\u0105 ir suteiktum\u0117te papildomo \u0161vyt\u0117jimo.<\/li>\n<li>U\u017ela\u0161inkite 2\u20133 la\u0161us ant \u0161varios, sausos odos. \u0160velniai \u012fmasa\u017euokite \u012f veid\u0105 ir kakl\u0105 sukamaisiais judesiais.<\/li>\n<\/ul>","protected":false},"excerpt":{"rendered":"<p>Daugiafunkcinis, greitai d\u017ei\u016bstantis aliejus<\/p>","protected":false},"featured_media":10843,"comment_status":"open","ping_status":"closed","template":"","meta":[],"product_cat":[379],"product_tag":[],"class_list":{"0":"post-10842","1":"product","2":"type-product","3":"status-publish","4":"has-post-thumbnail","6":"product_cat-veido-aliejai","7":"pa_brands-inika","8":"pa_talpa-30ml-2","10":"first","11":"instock","12":"taxable","13":"shipping-taxable","14":"purchasable","15":"product-type-simple"},"_links":{"self":[{"href":"https:\/\/miamedic.lt\/en\/wp-json\/wp\/v2\/product\/10842","targetHints":{"allow":["GET"]}}],"collection":[{"href":"https:\/\/miamedic.lt\/en\/wp-json\/wp\/v2\/product"}],"about":[{"href":"https:\/\/miamedic.lt\/en\/wp-json\/wp\/v2\/types\/product"}],"replies":[{"embeddable":true,"href":"https:\/\/miamedic.lt\/en\/wp-json\/wp\/v2\/comments?post=10842"}],"version-history":[{"count":1,"href":"https:\/\/miamedic.lt\/en\/wp-json\/wp\/v2\/product\/10842\/revisions"}],"predecessor-version":[{"id":10844,"href":"https:\/\/miamedic.lt\/en\/wp-json\/wp\/v2\/product\/10842\/revisions\/10844"}],"wp:featuredmedia":[{"embeddable":true,"href":"https:\/\/miamedic.lt\/en\/wp-json\/wp\/v2\/media\/10843"}],"wp:attachment":[{"href":"https:\/\/miamedic.lt\/en\/wp-json\/wp\/v2\/media?parent=10842"}],"wp:term":[{"taxonomy":"product_cat","embeddable":true,"href":"https:\/\/miamedic.lt\/en\/wp-json\/wp\/v2\/product_cat?post=10842"},{"taxonomy":"product_tag","embeddable":true,"href":"https:\/\/miamedic.lt\/en\/wp-json\/wp\/v2\/product_tag?post=10842"}],"curies":[{"name":"wp","href":"https:\/\/api.w.org\/{rel}","templated":true}]}}