{"id":10839,"date":"2025-07-29T13:09:50","date_gmt":"2025-07-29T13:09:50","guid":{"rendered":"https:\/\/miamedic.lt\/?post_type=product&#038;p=10839"},"modified":"2025-12-01T00:28:46","modified_gmt":"2025-12-01T00:28:46","slug":"skin-luminosity-trial-regime","status":"publish","type":"product","link":"https:\/\/miamedic.lt\/en\/shop\/skin-luminosity-trial-regime\/","title":{"rendered":"Skin Luminosity Trial Regime"},"content":{"rendered":"<p><b>INIKA Skin Luminosity Trial Regime<\/b> \u2013 odos spindesio atkuriamasis rinkinys<\/p>\n<p>Tai sen\u0117jim\u0105 stabdan\u010dios odos prie\u017ei\u016bros priemon\u0117s, sukurtos su galingais antioksidantais ir maitinamaisiais nat\u016braliais augaliniais aliejais, skirtos suteikti odai nat\u016bral\u0173, jaunatvi\u0161k\u0105 \u0161vyt\u0117jim\u0105.<\/p>\n<p><b>Effect:<\/b><\/p>\n<ul>\n<li>Maitinan\u010dios formul\u0117s sulaiko dr\u0117gm\u0119 odoje, didindamos elastingum\u0105 ir lankstum\u0105.<\/li>\n<li>Antioksidant\u0173 kupina odos prie\u017ei\u016bra apsaugo od\u0105 nuo kenksming\u0173 laisv\u0173j\u0173 radikal\u0173.<\/li>\n<li>Ma\u017eesni dyd\u017eiai puikiai tinka kelion\u0117ms.<\/li>\n<\/ul>\n<p><b>Usage:<\/b><\/p>\n<ol start=\"1\">\n<li>Nuvalykite od\u0105 su INIKA Phytofuse Renew Cream Cleanser.<\/li>\n<li>U\u017etepkite INIKA Phytofuse Renew Serum.<\/li>\n<li>Vakare naudokite INIKA Phytofuse Renew Night Cream.<\/li>\n<li>Dien\u0105 po serumo naudokite INIKA Phytofuse Renew Day Cream.<\/li>\n<\/ol>","protected":false},"excerpt":{"rendered":"<p>Odos spindesio atkuriamasis rinkinys<\/p>","protected":false},"featured_media":10840,"comment_status":"open","ping_status":"closed","template":"","meta":[],"product_cat":[200,188],"product_tag":[],"class_list":{"0":"post-10839","1":"product","2":"type-product","3":"status-publish","4":"has-post-thumbnail","6":"product_cat-dovanos","7":"product_cat-rinkiniai","8":"pa_brands-inika","10":"first","11":"instock","12":"taxable","13":"shipping-taxable","14":"purchasable","15":"product-type-simple"},"_links":{"self":[{"href":"https:\/\/miamedic.lt\/en\/wp-json\/wp\/v2\/product\/10839","targetHints":{"allow":["GET"]}}],"collection":[{"href":"https:\/\/miamedic.lt\/en\/wp-json\/wp\/v2\/product"}],"about":[{"href":"https:\/\/miamedic.lt\/en\/wp-json\/wp\/v2\/types\/product"}],"replies":[{"embeddable":true,"href":"https:\/\/miamedic.lt\/en\/wp-json\/wp\/v2\/comments?post=10839"}],"version-history":[{"count":2,"href":"https:\/\/miamedic.lt\/en\/wp-json\/wp\/v2\/product\/10839\/revisions"}],"predecessor-version":[{"id":10908,"href":"https:\/\/miamedic.lt\/en\/wp-json\/wp\/v2\/product\/10839\/revisions\/10908"}],"wp:featuredmedia":[{"embeddable":true,"href":"https:\/\/miamedic.lt\/en\/wp-json\/wp\/v2\/media\/10840"}],"wp:attachment":[{"href":"https:\/\/miamedic.lt\/en\/wp-json\/wp\/v2\/media?parent=10839"}],"wp:term":[{"taxonomy":"product_cat","embeddable":true,"href":"https:\/\/miamedic.lt\/en\/wp-json\/wp\/v2\/product_cat?post=10839"},{"taxonomy":"product_tag","embeddable":true,"href":"https:\/\/miamedic.lt\/en\/wp-json\/wp\/v2\/product_tag?post=10839"}],"curies":[{"name":"wp","href":"https:\/\/api.w.org\/{rel}","templated":true}]}}