{"id":10828,"date":"2025-07-29T12:58:40","date_gmt":"2025-07-29T12:58:40","guid":{"rendered":"https:\/\/miamedic.lt\/?post_type=product&#038;p=10828"},"modified":"2025-12-01T00:28:46","modified_gmt":"2025-12-01T00:28:46","slug":"renew-restore-peel","status":"publish","type":"product","link":"https:\/\/miamedic.lt\/en\/shop\/renew-restore-peel\/","title":{"rendered":"Renew &amp; Restore Peel"},"content":{"rendered":"<p><b>INIKA Renew &amp; Restore Peel<\/b> \u2013 atkuriamasis \u0161veitiklis<\/p>\n<p>\u0160is stiprus 5 skirting\u0173 AHA r\u016bg\u0161\u010di\u0173 mi\u0161inys kartu su PHA r\u016bg\u0161timis prasiskverbia \u012f giliausius odos sluoksnius, kad atkim\u0161t\u0173 poras, pa\u0161alint\u0173 ne\u0161varumus ir pagreitint\u0173 l\u0105steli\u0173 metabolizm\u0105. Nat\u016bralios eksfolijuojan\u010dios dalel\u0117s akimirksniu atkuria odos pavir\u0161i\u0173 ir pa\u0161alina negyvas odos l\u0105steles, palikdamos od\u0105 \u0161velni\u0105 ir lygi\u0105.<\/p>\n<p><b>Effect:<\/b><\/p>\n<ul>\n<li>\u0160vei\u010dia ir lygina od\u0105.<\/li>\n<li>Atkem\u0161a poras.<\/li>\n<li>Gerina l\u0105steli\u0173 metabolizm\u0105.<\/li>\n<\/ul>\n<p><b>Usage:<\/b><\/p>\n<ul>\n<li>\u012emasa\u017euokite \u012f \u0161vari\u0105, saus\u0105 od\u0105, vengdami aki\u0173 ir l\u016bp\u0173 srities.<\/li>\n<li>Palikite 5\u201310 minu\u010di\u0173.<\/li>\n<li>Nuplaukite vandeniu.<\/li>\n<li>Naudokite 3\u20134 kartus per savait\u0119.<\/li>\n<\/ul>\n<p><b>Atsargumo priemon\u0117s:<\/b> Vengti patekimo \u012f aki\u0173 ir l\u016bp\u0173 sritis.<\/p>","protected":false},"excerpt":{"rendered":"<p>Atkuriamasis \u0161veitiklis<\/p>","protected":false},"featured_media":10829,"comment_status":"open","ping_status":"closed","template":"","meta":[],"product_cat":[110],"product_tag":[],"class_list":{"0":"post-10828","1":"product","2":"type-product","3":"status-publish","4":"has-post-thumbnail","6":"product_cat-sveitikliai","7":"pa_brands-inika","8":"pa_talpa-30ml-2","10":"first","11":"instock","12":"taxable","13":"shipping-taxable","14":"purchasable","15":"product-type-simple"},"_links":{"self":[{"href":"https:\/\/miamedic.lt\/en\/wp-json\/wp\/v2\/product\/10828","targetHints":{"allow":["GET"]}}],"collection":[{"href":"https:\/\/miamedic.lt\/en\/wp-json\/wp\/v2\/product"}],"about":[{"href":"https:\/\/miamedic.lt\/en\/wp-json\/wp\/v2\/types\/product"}],"replies":[{"embeddable":true,"href":"https:\/\/miamedic.lt\/en\/wp-json\/wp\/v2\/comments?post=10828"}],"version-history":[{"count":2,"href":"https:\/\/miamedic.lt\/en\/wp-json\/wp\/v2\/product\/10828\/revisions"}],"predecessor-version":[{"id":12328,"href":"https:\/\/miamedic.lt\/en\/wp-json\/wp\/v2\/product\/10828\/revisions\/12328"}],"wp:featuredmedia":[{"embeddable":true,"href":"https:\/\/miamedic.lt\/en\/wp-json\/wp\/v2\/media\/10829"}],"wp:attachment":[{"href":"https:\/\/miamedic.lt\/en\/wp-json\/wp\/v2\/media?parent=10828"}],"wp:term":[{"taxonomy":"product_cat","embeddable":true,"href":"https:\/\/miamedic.lt\/en\/wp-json\/wp\/v2\/product_cat?post=10828"},{"taxonomy":"product_tag","embeddable":true,"href":"https:\/\/miamedic.lt\/en\/wp-json\/wp\/v2\/product_tag?post=10828"}],"curies":[{"name":"wp","href":"https:\/\/api.w.org\/{rel}","templated":true}]}}