{"id":10822,"date":"2025-07-29T12:52:20","date_gmt":"2025-07-29T12:52:20","guid":{"rendered":"https:\/\/miamedic.lt\/?post_type=product&#038;p=10822"},"modified":"2025-12-01T00:28:47","modified_gmt":"2025-12-01T00:28:47","slug":"adaptogenic-cleansing-oil","status":"publish","type":"product","link":"https:\/\/miamedic.lt\/en\/shop\/adaptogenic-cleansing-oil\/","title":{"rendered":"Adaptogenic Cleansing Oil"},"content":{"rendered":"<p><b>INIKA Adaptogenic Cleansing Oil<\/b> \u2013 adaptogeninis valomasis aliejus<\/p>\n<p>\u0160is prabangus valiklis \u0161velniai pa\u0161alina makia\u017e\u0105 ir odos ne\u0161varumus, palikdamas od\u0105 sudr\u0117kint\u0105 ir spindin\u010di\u0105.<\/p>\n<p><b>Effect:<\/b><\/p>\n<ul>\n<li>Ma\u017eina odos pigmentacij\u0105 ir paraudim\u0105.<\/li>\n<li>Stiprina elastingum\u0105.<\/li>\n<li>Apsaugo od\u0105 nuo aplinkos tar\u0161os.<\/li>\n<li>Padeda organizmui kovoti su u\u017edegimais ir stresu.<\/li>\n<\/ul>\n<p><b>Usage:<\/b><\/p>\n<ul>\n<li>\u012emasa\u017euokite \u012f saus\u0105 arba dr\u0117gn\u0105 od\u0105.<\/li>\n<li>Gerai nuplaukite.<\/li>\n<\/ul>","protected":false},"excerpt":{"rendered":"<p>Adaptogeninis valomasis aliejus<\/p>","protected":false},"featured_media":10823,"comment_status":"open","ping_status":"closed","template":"","meta":[],"product_cat":[191,124],"product_tag":[],"class_list":{"0":"post-10822","1":"product","2":"type-product","3":"status-publish","4":"has-post-thumbnail","6":"product_cat-makiazo-valymas-veido-prieziura","7":"product_cat-prausikliai","8":"pa_brands-inika","9":"pa_talpa-80ml","11":"first","12":"instock","13":"taxable","14":"shipping-taxable","15":"purchasable","16":"product-type-simple"},"_links":{"self":[{"href":"https:\/\/miamedic.lt\/en\/wp-json\/wp\/v2\/product\/10822","targetHints":{"allow":["GET"]}}],"collection":[{"href":"https:\/\/miamedic.lt\/en\/wp-json\/wp\/v2\/product"}],"about":[{"href":"https:\/\/miamedic.lt\/en\/wp-json\/wp\/v2\/types\/product"}],"replies":[{"embeddable":true,"href":"https:\/\/miamedic.lt\/en\/wp-json\/wp\/v2\/comments?post=10822"}],"version-history":[{"count":1,"href":"https:\/\/miamedic.lt\/en\/wp-json\/wp\/v2\/product\/10822\/revisions"}],"predecessor-version":[{"id":10824,"href":"https:\/\/miamedic.lt\/en\/wp-json\/wp\/v2\/product\/10822\/revisions\/10824"}],"wp:featuredmedia":[{"embeddable":true,"href":"https:\/\/miamedic.lt\/en\/wp-json\/wp\/v2\/media\/10823"}],"wp:attachment":[{"href":"https:\/\/miamedic.lt\/en\/wp-json\/wp\/v2\/media?parent=10822"}],"wp:term":[{"taxonomy":"product_cat","embeddable":true,"href":"https:\/\/miamedic.lt\/en\/wp-json\/wp\/v2\/product_cat?post=10822"},{"taxonomy":"product_tag","embeddable":true,"href":"https:\/\/miamedic.lt\/en\/wp-json\/wp\/v2\/product_tag?post=10822"}],"curies":[{"name":"wp","href":"https:\/\/api.w.org\/{rel}","templated":true}]}}