{"id":10819,"date":"2025-07-29T12:49:19","date_gmt":"2025-07-29T12:49:19","guid":{"rendered":"https:\/\/miamedic.lt\/?post_type=product&#038;p=10819"},"modified":"2026-02-02T17:19:28","modified_gmt":"2026-02-02T17:19:28","slug":"soothing-gel-mask","status":"publish","type":"product","link":"https:\/\/miamedic.lt\/en\/shop\/soothing-gel-mask\/","title":{"rendered":"Soothing Gel Mask"},"content":{"rendered":"<p><b>INIKA Organic Soothing Gel Mask<\/b> \u2013 raminanti gelin\u0117 veido kauk\u0117<\/p>\n<p>\u0160i atkuriamoji gelin\u0117 veido kauk\u0117 sukurta nuraminti ir pamaitinti od\u0105.<\/p>\n<p><b>Effect:<\/b><\/p>\n<ul>\n<li>Ramina odos paraudim\u0105 ir dirginim\u0105.<\/li>\n<li>Veikia kaip prie\u0161u\u017edegimin\u0117 priemon\u0117.<\/li>\n<li>Atkuria ir maitina pa\u017eeist\u0105 od\u0105.<\/li>\n<\/ul>\n<p><b>Usage:<\/b><\/p>\n<ul>\n<li>Tepkite ant \u0161varios odos, vengdami aki\u0173 ir l\u016bp\u0173 srities.<\/li>\n<li>Palikite 10\u201315 minu\u010di\u0173.<\/li>\n<li>Gerai nuplaukite vandeniu.<\/li>\n<li>Naudokite 1\u20132 kartus per savait\u0119.<\/li>\n<\/ul>\n<p><b>Atsargumo priemon\u0117s:<\/b> Vengti patekimo \u012f aki\u0173 ir l\u016bp\u0173 sritis.<\/p>","protected":false},"excerpt":{"rendered":"<p>Raminanti gelin\u0117 veido kauk\u0117<\/p>","protected":false},"featured_media":10820,"comment_status":"open","ping_status":"closed","template":"","meta":[],"product_cat":[420],"product_tag":[],"class_list":{"0":"post-10819","1":"product","2":"type-product","3":"status-publish","4":"has-post-thumbnail","6":"product_cat-veido-kaukes","7":"pa_brands-inika","8":"pa_talpa-50ml-2","10":"first","11":"instock","12":"taxable","13":"shipping-taxable","14":"purchasable","15":"product-type-simple"},"_links":{"self":[{"href":"https:\/\/miamedic.lt\/en\/wp-json\/wp\/v2\/product\/10819","targetHints":{"allow":["GET"]}}],"collection":[{"href":"https:\/\/miamedic.lt\/en\/wp-json\/wp\/v2\/product"}],"about":[{"href":"https:\/\/miamedic.lt\/en\/wp-json\/wp\/v2\/types\/product"}],"replies":[{"embeddable":true,"href":"https:\/\/miamedic.lt\/en\/wp-json\/wp\/v2\/comments?post=10819"}],"version-history":[{"count":1,"href":"https:\/\/miamedic.lt\/en\/wp-json\/wp\/v2\/product\/10819\/revisions"}],"predecessor-version":[{"id":10821,"href":"https:\/\/miamedic.lt\/en\/wp-json\/wp\/v2\/product\/10819\/revisions\/10821"}],"wp:featuredmedia":[{"embeddable":true,"href":"https:\/\/miamedic.lt\/en\/wp-json\/wp\/v2\/media\/10820"}],"wp:attachment":[{"href":"https:\/\/miamedic.lt\/en\/wp-json\/wp\/v2\/media?parent=10819"}],"wp:term":[{"taxonomy":"product_cat","embeddable":true,"href":"https:\/\/miamedic.lt\/en\/wp-json\/wp\/v2\/product_cat?post=10819"},{"taxonomy":"product_tag","embeddable":true,"href":"https:\/\/miamedic.lt\/en\/wp-json\/wp\/v2\/product_tag?post=10819"}],"curies":[{"name":"wp","href":"https:\/\/api.w.org\/{rel}","templated":true}]}}