{"id":10816,"date":"2025-07-29T12:46:52","date_gmt":"2025-07-29T12:46:52","guid":{"rendered":"https:\/\/miamedic.lt\/?post_type=product&#038;p=10816"},"modified":"2026-02-02T17:19:40","modified_gmt":"2026-02-02T17:19:40","slug":"overnight-repair-treatment","status":"publish","type":"product","link":"https:\/\/miamedic.lt\/en\/shop\/overnight-repair-treatment\/","title":{"rendered":"Overnight Repair Treatment"},"content":{"rendered":"<p><b>INIKA Organic Overnight Repair Treatment<\/b> \u2013 intensyviai atkuriamoji naktin\u0117 priemon\u0117<\/p>\n<p>\u0160i giliai dr\u0117kinanti naktin\u0117 veido kauk\u0117 skirta atjauninti ir pa\u0161viesinti od\u0105.<\/p>\n<p><b>Effect:<\/b><\/p>\n<ul>\n<li>Stimuliuoja kolageno gamyb\u0105<\/li>\n<li>Stangrina od\u0105<\/li>\n<li>Suteikia antioksidacin\u012f poveik\u012f<\/li>\n<li>Apsaugo od\u0105 nuo aplinkos tar\u0161os<\/li>\n<li>Padeda i\u0161lyginti odos ton\u0105<\/li>\n<li>Lygina ir stangrina od\u0105<\/li>\n<li>Padeda suma\u017einti rauk\u0161les<\/li>\n<\/ul>\n<p><b>Usage:<\/b><\/p>\n<ul>\n<li>Tepkite ant \u0161varios odos, vengdami aki\u0173 ir l\u016bp\u0173 srities.<\/li>\n<li>Palikite per nakt\u012f.<\/li>\n<li>Gerai nuplaukite vandeniu.<\/li>\n<li>Geriausiems rezultatams pasiekti, naudokite kas savait\u0119.<\/li>\n<\/ul>\n<p><b>Atsargumo priemon\u0117s:<\/b> Vengti patekimo \u012f aki\u0173 ir l\u016bp\u0173 sritis.<\/p>","protected":false},"excerpt":{"rendered":"<p>Intensyviai atkuriamoji naktin\u0117 priemon\u0117<\/p>","protected":false},"featured_media":10817,"comment_status":"open","ping_status":"closed","template":"","meta":[],"product_cat":[420],"product_tag":[],"class_list":{"0":"post-10816","1":"product","2":"type-product","3":"status-publish","4":"has-post-thumbnail","6":"product_cat-veido-kaukes","7":"pa_brands-inika","8":"pa_talpa-50ml-2","10":"first","11":"instock","12":"taxable","13":"shipping-taxable","14":"purchasable","15":"product-type-simple"},"_links":{"self":[{"href":"https:\/\/miamedic.lt\/en\/wp-json\/wp\/v2\/product\/10816","targetHints":{"allow":["GET"]}}],"collection":[{"href":"https:\/\/miamedic.lt\/en\/wp-json\/wp\/v2\/product"}],"about":[{"href":"https:\/\/miamedic.lt\/en\/wp-json\/wp\/v2\/types\/product"}],"replies":[{"embeddable":true,"href":"https:\/\/miamedic.lt\/en\/wp-json\/wp\/v2\/comments?post=10816"}],"version-history":[{"count":1,"href":"https:\/\/miamedic.lt\/en\/wp-json\/wp\/v2\/product\/10816\/revisions"}],"predecessor-version":[{"id":10818,"href":"https:\/\/miamedic.lt\/en\/wp-json\/wp\/v2\/product\/10816\/revisions\/10818"}],"wp:featuredmedia":[{"embeddable":true,"href":"https:\/\/miamedic.lt\/en\/wp-json\/wp\/v2\/media\/10817"}],"wp:attachment":[{"href":"https:\/\/miamedic.lt\/en\/wp-json\/wp\/v2\/media?parent=10816"}],"wp:term":[{"taxonomy":"product_cat","embeddable":true,"href":"https:\/\/miamedic.lt\/en\/wp-json\/wp\/v2\/product_cat?post=10816"},{"taxonomy":"product_tag","embeddable":true,"href":"https:\/\/miamedic.lt\/en\/wp-json\/wp\/v2\/product_tag?post=10816"}],"curies":[{"name":"wp","href":"https:\/\/api.w.org\/{rel}","templated":true}]}}